{"id":112635,"date":"2025-05-18T20:59:44","date_gmt":"2025-05-18T20:59:44","guid":{"rendered":"https:\/\/staging2.stylingagenten.com\/da\/produkt\/dermalogica-ultracalming-calm-water-gel-50ml\/"},"modified":"2026-04-08T15:30:36","modified_gmt":"2026-04-08T15:30:36","slug":"dermalogica-ultracalming-calm-water-gel-50ml","status":"publish","type":"product","link":"https:\/\/stylingagenten.com\/da\/produkt\/dermalogica-ultracalming-calm-water-gel-50ml\/","title":{"rendered":"Dermalogica UltraCalming Calm Water Gel 50ml"},"content":{"rendered":"<p>Dermalogica UltraCalming Calm Water har k\u00f8lende og h\u00e6velsesd\u00e6mpende egenskaber, hvilket g\u00f8r, at denne gelbaserede fugtighedscreme f\u00f8les n\u00e6sten v\u00e6gtl\u00f8s, n\u00e5r den smelter ind i huden. Det er et meget let, transparent produkt, der f\u00f8les som et k\u00f8ligt glas vand til t\u00f8rstig hud. Giver \u00f8jeblikkelig lindring til t\u00f8r og sensitiv hud.<\/p>\n<p>\u00c6bleekstrakt (Pyrus Malus) og glycerin: fugter og bl\u00f8dg\u00f8r, samtidig med at udt\u00f8rring modvirkes. Figenkaktus (Opuntia Ficus-Indica): stam-ekstrakt, der d\u00e6mper sensitivitet og forbedrer hudens fugtbindende evne. Natriumhyaluronat og hydrolyseret natriumhyaluronat: et kompleks af forskellige st\u00f8rrelser af hyaluronsyremolekyler. Denne unikke teknologi optimerer fugtniveauet i v\u00e6vet i mange timer.<\/p>\n<p>50 ml<\/p>\n","protected":false},"excerpt":{"rendered":"<p>Dermalogica UltraCalming Calm Water har k\u00f8lende og h\u00e6velsesd\u00e6mpende egenskaber, hvilket g\u00f8r, at denne gelbaserede fugtighedscreme f\u00f8les n\u00e6sten v\u00e6gtl\u00f8s, n\u00e5r den smelter ind i huden. Det er et meget let, transparent produkt, der f\u00f8les som et k\u00f8ligt glas vand til t\u00f8rstig hud. Giver \u00f8jeblikkelig lindring til t\u00f8r og sensitiv hud. \u00c6bleekstrakt (Pyrus Malus) og glycerin: fugter [&hellip;]<\/p>\n","protected":false},"featured_media":112619,"comment_status":"open","ping_status":"closed","template":"","meta":{"_trash_the_other_posts":false},"product_brand":[],"product_cat":[559],"product_tag":[],"berocket_brand":[1420],"class_list":{"0":"post-112635","1":"product","2":"type-product","3":"status-publish","4":"has-post-thumbnail","6":"product_cat-kasvovoide","7":"pa_brand-dermalogica","8":"berocket_brand-dermalogica","10":"first","11":"instock","12":"sale","13":"taxable","14":"shipping-taxable","15":"purchasable","16":"product-type-simple"},"_links":{"self":[{"href":"https:\/\/stylingagenten.com\/da\/wp-json\/wp\/v2\/product\/112635","targetHints":{"allow":["GET"]}}],"collection":[{"href":"https:\/\/stylingagenten.com\/da\/wp-json\/wp\/v2\/product"}],"about":[{"href":"https:\/\/stylingagenten.com\/da\/wp-json\/wp\/v2\/types\/product"}],"replies":[{"embeddable":true,"href":"https:\/\/stylingagenten.com\/da\/wp-json\/wp\/v2\/comments?post=112635"}],"version-history":[{"count":0,"href":"https:\/\/stylingagenten.com\/da\/wp-json\/wp\/v2\/product\/112635\/revisions"}],"wp:featuredmedia":[{"embeddable":true,"href":"https:\/\/stylingagenten.com\/da\/wp-json\/wp\/v2\/media\/112619"}],"wp:attachment":[{"href":"https:\/\/stylingagenten.com\/da\/wp-json\/wp\/v2\/media?parent=112635"}],"wp:term":[{"taxonomy":"product_brand","embeddable":true,"href":"https:\/\/stylingagenten.com\/da\/wp-json\/wp\/v2\/product_brand?post=112635"},{"taxonomy":"product_cat","embeddable":true,"href":"https:\/\/stylingagenten.com\/da\/wp-json\/wp\/v2\/product_cat?post=112635"},{"taxonomy":"product_tag","embeddable":true,"href":"https:\/\/stylingagenten.com\/da\/wp-json\/wp\/v2\/product_tag?post=112635"},{"taxonomy":"berocket_brand","embeddable":true,"href":"https:\/\/stylingagenten.com\/da\/wp-json\/wp\/v2\/berocket_brand?post=112635"}],"curies":[{"name":"wp","href":"https:\/\/api.w.org\/{rel}","templated":true}]}}