{"id":112592,"date":"2025-05-18T20:59:39","date_gmt":"2025-05-18T20:59:39","guid":{"rendered":"https:\/\/staging2.stylingagenten.com\/da\/produkt\/banila-co-dear-hydration-water-barrier-cream-50ml\/"},"modified":"2025-12-18T21:31:14","modified_gmt":"2025-12-18T21:31:14","slug":"banila-co-dear-hydration-water-barrier-cream-50ml","status":"publish","type":"product","link":"https:\/\/stylingagenten.com\/da\/produkt\/banila-co-dear-hydration-water-barrier-cream-50ml\/","title":{"rendered":"Banila Co Dear Hydration Water Barrier Cream 50ml"},"content":{"rendered":"<p>Banila Co Dear Hydration Water Barrier Cream er en hurtigtabsorberende og fugtgivende ansigtscreme, der straks tilf\u00f8rer huden fugt og n\u00e6ring, hj\u00e6lper med at bevare dens naturlige barriere og giver en sund gl\u00f8d. Den indeholder blandt andet Pink Cactus Water\u2122 og Pink Hydra Biome\u2122, som er rige p\u00e5 antioxidanter og fugter t\u00f8r hud. Kan bruges b\u00e5de dag og nat. Dermatologisk testet, passer til alle hudtyper.<\/p>\n<p>50ml<\/p>\n","protected":false},"excerpt":{"rendered":"<p>Banila Co Dear Hydration Water Barrier Cream er en hurtigtabsorberende og fugtgivende ansigtscreme, der straks tilf\u00f8rer huden fugt og n\u00e6ring, hj\u00e6lper med at bevare dens naturlige barriere og giver en sund gl\u00f8d. Den indeholder blandt andet Pink Cactus Water\u2122 og Pink Hydra Biome\u2122, som er rige p\u00e5 antioxidanter og fugter t\u00f8r hud. Kan bruges b\u00e5de [&hellip;]<\/p>\n","protected":false},"featured_media":112571,"comment_status":"open","ping_status":"closed","template":"","meta":{"_trash_the_other_posts":false},"product_brand":[],"product_cat":[559],"product_tag":[],"berocket_brand":[1394],"class_list":{"0":"post-112592","1":"product","2":"type-product","3":"status-publish","4":"has-post-thumbnail","6":"product_cat-kasvovoide","7":"pa_brand-banila-co","8":"berocket_brand-banila-co","10":"first","11":"instock","12":"sale","13":"taxable","14":"shipping-taxable","15":"purchasable","16":"product-type-simple"},"_links":{"self":[{"href":"https:\/\/stylingagenten.com\/da\/wp-json\/wp\/v2\/product\/112592","targetHints":{"allow":["GET"]}}],"collection":[{"href":"https:\/\/stylingagenten.com\/da\/wp-json\/wp\/v2\/product"}],"about":[{"href":"https:\/\/stylingagenten.com\/da\/wp-json\/wp\/v2\/types\/product"}],"replies":[{"embeddable":true,"href":"https:\/\/stylingagenten.com\/da\/wp-json\/wp\/v2\/comments?post=112592"}],"version-history":[{"count":0,"href":"https:\/\/stylingagenten.com\/da\/wp-json\/wp\/v2\/product\/112592\/revisions"}],"wp:featuredmedia":[{"embeddable":true,"href":"https:\/\/stylingagenten.com\/da\/wp-json\/wp\/v2\/media\/112571"}],"wp:attachment":[{"href":"https:\/\/stylingagenten.com\/da\/wp-json\/wp\/v2\/media?parent=112592"}],"wp:term":[{"taxonomy":"product_brand","embeddable":true,"href":"https:\/\/stylingagenten.com\/da\/wp-json\/wp\/v2\/product_brand?post=112592"},{"taxonomy":"product_cat","embeddable":true,"href":"https:\/\/stylingagenten.com\/da\/wp-json\/wp\/v2\/product_cat?post=112592"},{"taxonomy":"product_tag","embeddable":true,"href":"https:\/\/stylingagenten.com\/da\/wp-json\/wp\/v2\/product_tag?post=112592"},{"taxonomy":"berocket_brand","embeddable":true,"href":"https:\/\/stylingagenten.com\/da\/wp-json\/wp\/v2\/berocket_brand?post=112592"}],"curies":[{"name":"wp","href":"https:\/\/api.w.org\/{rel}","templated":true}]}}