{"id":112562,"date":"2025-05-18T20:59:34","date_gmt":"2025-05-18T20:59:34","guid":{"rendered":"https:\/\/staging2.stylingagenten.com\/da\/produkt\/skin1004-madagascar-centella-probio-cica-enrich-cream-50ml\/"},"modified":"2026-02-06T17:36:30","modified_gmt":"2026-02-06T17:36:30","slug":"skin1004-madagascar-centella-probio-cica-enrich-cream-50ml","status":"publish","type":"product","link":"https:\/\/stylingagenten.com\/da\/produkt\/skin1004-madagascar-centella-probio-cica-enrich-cream-50ml\/","title":{"rendered":"SKIN1004 Madagascar Centella Probio-Cica Enrich Cream 50ml"},"content":{"rendered":"<p>SKIN1004 Madagascar Centella Probio-Cica Enrich Cream er en h\u00f8jkoncentreret creme, der opstrammer hudens struktur og styrker hudbarrieren ved at efterligne den lamell\u00e6re struktur af hudbarrierecellerne, det sunde fundament for hudlipider. Ved p\u00e5f\u00f8ring binder den sig n\u00e6nsomt til huden og efterlader en silkebl\u00f8d finish.<\/p>\n<p>50ml<\/p>\n","protected":false},"excerpt":{"rendered":"<p>SKIN1004 Madagascar Centella Probio-Cica Enrich Cream er en h\u00f8jkoncentreret creme, der opstrammer hudens struktur og styrker hudbarrieren ved at efterligne den lamell\u00e6re struktur af hudbarrierecellerne, det sunde fundament for hudlipider. Ved p\u00e5f\u00f8ring binder den sig n\u00e6nsomt til huden og efterlader en silkebl\u00f8d finish. 50ml<\/p>\n","protected":false},"featured_media":112525,"comment_status":"open","ping_status":"closed","template":"","meta":{"_trash_the_other_posts":false},"product_brand":[],"product_cat":[559],"product_tag":[],"berocket_brand":[1998],"class_list":{"0":"post-112562","1":"product","2":"type-product","3":"status-publish","4":"has-post-thumbnail","6":"product_cat-kasvovoide","7":"pa_brand-1541-london","8":"berocket_brand-skin1010","10":"first","11":"instock","12":"sale","13":"taxable","14":"shipping-taxable","15":"purchasable","16":"product-type-simple"},"_links":{"self":[{"href":"https:\/\/stylingagenten.com\/da\/wp-json\/wp\/v2\/product\/112562","targetHints":{"allow":["GET"]}}],"collection":[{"href":"https:\/\/stylingagenten.com\/da\/wp-json\/wp\/v2\/product"}],"about":[{"href":"https:\/\/stylingagenten.com\/da\/wp-json\/wp\/v2\/types\/product"}],"replies":[{"embeddable":true,"href":"https:\/\/stylingagenten.com\/da\/wp-json\/wp\/v2\/comments?post=112562"}],"version-history":[{"count":0,"href":"https:\/\/stylingagenten.com\/da\/wp-json\/wp\/v2\/product\/112562\/revisions"}],"wp:featuredmedia":[{"embeddable":true,"href":"https:\/\/stylingagenten.com\/da\/wp-json\/wp\/v2\/media\/112525"}],"wp:attachment":[{"href":"https:\/\/stylingagenten.com\/da\/wp-json\/wp\/v2\/media?parent=112562"}],"wp:term":[{"taxonomy":"product_brand","embeddable":true,"href":"https:\/\/stylingagenten.com\/da\/wp-json\/wp\/v2\/product_brand?post=112562"},{"taxonomy":"product_cat","embeddable":true,"href":"https:\/\/stylingagenten.com\/da\/wp-json\/wp\/v2\/product_cat?post=112562"},{"taxonomy":"product_tag","embeddable":true,"href":"https:\/\/stylingagenten.com\/da\/wp-json\/wp\/v2\/product_tag?post=112562"},{"taxonomy":"berocket_brand","embeddable":true,"href":"https:\/\/stylingagenten.com\/da\/wp-json\/wp\/v2\/berocket_brand?post=112562"}],"curies":[{"name":"wp","href":"https:\/\/api.w.org\/{rel}","templated":true}]}}