{"id":112492,"date":"2025-05-18T20:59:24","date_gmt":"2025-05-18T20:59:24","guid":{"rendered":"https:\/\/staging2.stylingagenten.com\/da\/produkt\/malibu-after-sun-moisturising-gel-aloe-vera-400ml\/"},"modified":"2026-04-10T06:59:48","modified_gmt":"2026-04-10T06:59:48","slug":"malibu-after-sun-moisturising-gel-aloe-vera-400ml","status":"publish","type":"product","link":"https:\/\/stylingagenten.com\/da\/produkt\/malibu-after-sun-moisturising-gel-aloe-vera-400ml\/","title":{"rendered":"Malibu After Sun Moisturising Gel Aloe Vera 400ml"},"content":{"rendered":"<p>Malibu After Sun Moisturizing Gel Aloe Vera 400ml<br \/>K\u00f8ler, beroliger og fugter huden efter uds\u00e6ttelse for solen. Ved at holde p\u00e5 fugten i huden hj\u00e6lper den med at forhindre afskalning, holder huden glat og smidig og forl\u00e6nger din solbr\u00e6ndthed. En After Sun, der er rig p\u00e5 de beroligende virkninger af Aloe Vera.<\/p>\n","protected":false},"excerpt":{"rendered":"<p>Malibu After Sun Moisturizing Gel Aloe Vera 400mlK\u00f8ler, beroliger og fugter huden efter uds\u00e6ttelse for solen. Ved at holde p\u00e5 fugten i huden hj\u00e6lper den med at forhindre afskalning, holder huden glat og smidig og forl\u00e6nger din solbr\u00e6ndthed. En After Sun, der er rig p\u00e5 de beroligende virkninger af Aloe Vera.<\/p>\n","protected":false},"featured_media":112490,"comment_status":"open","ping_status":"closed","template":"","meta":{"_trash_the_other_posts":false},"product_brand":[],"product_cat":[658],"product_tag":[],"berocket_brand":[1241],"class_list":{"0":"post-112492","1":"product","2":"type-product","3":"status-publish","4":"has-post-thumbnail","6":"product_cat-efter-sol","7":"pa_brand-malibu","8":"berocket_brand-malibu","10":"first","11":"instock","12":"sale","13":"taxable","14":"shipping-taxable","15":"purchasable","16":"product-type-simple"},"_links":{"self":[{"href":"https:\/\/stylingagenten.com\/da\/wp-json\/wp\/v2\/product\/112492","targetHints":{"allow":["GET"]}}],"collection":[{"href":"https:\/\/stylingagenten.com\/da\/wp-json\/wp\/v2\/product"}],"about":[{"href":"https:\/\/stylingagenten.com\/da\/wp-json\/wp\/v2\/types\/product"}],"replies":[{"embeddable":true,"href":"https:\/\/stylingagenten.com\/da\/wp-json\/wp\/v2\/comments?post=112492"}],"version-history":[{"count":0,"href":"https:\/\/stylingagenten.com\/da\/wp-json\/wp\/v2\/product\/112492\/revisions"}],"wp:featuredmedia":[{"embeddable":true,"href":"https:\/\/stylingagenten.com\/da\/wp-json\/wp\/v2\/media\/112490"}],"wp:attachment":[{"href":"https:\/\/stylingagenten.com\/da\/wp-json\/wp\/v2\/media?parent=112492"}],"wp:term":[{"taxonomy":"product_brand","embeddable":true,"href":"https:\/\/stylingagenten.com\/da\/wp-json\/wp\/v2\/product_brand?post=112492"},{"taxonomy":"product_cat","embeddable":true,"href":"https:\/\/stylingagenten.com\/da\/wp-json\/wp\/v2\/product_cat?post=112492"},{"taxonomy":"product_tag","embeddable":true,"href":"https:\/\/stylingagenten.com\/da\/wp-json\/wp\/v2\/product_tag?post=112492"},{"taxonomy":"berocket_brand","embeddable":true,"href":"https:\/\/stylingagenten.com\/da\/wp-json\/wp\/v2\/berocket_brand?post=112492"}],"curies":[{"name":"wp","href":"https:\/\/api.w.org\/{rel}","templated":true}]}}