{"id":112369,"date":"2025-05-18T20:59:04","date_gmt":"2025-05-18T20:59:04","guid":{"rendered":"https:\/\/staging2.stylingagenten.com\/da\/produkt\/zmile-cosmetics-beauty-advent-calendar-cube-blue-magic\/"},"modified":"2026-02-20T08:24:34","modified_gmt":"2026-02-20T08:24:34","slug":"zmile-cosmetics-beauty-advent-calendar-cube-blue-magic","status":"publish","type":"product","link":"https:\/\/stylingagenten.com\/da\/produkt\/zmile-cosmetics-beauty-advent-calendar-cube-blue-magic\/","title":{"rendered":"Zmile Cosmetics Beauty Advent Calendar Cube &#8216;Blue Magic&#8217;"},"content":{"rendered":"<p>Zmile Cosmetics Beauty Advent Calendar Cube &#8216;Blue Magic&#8217;<br \/>\n<br \/>Merry Magic XMAS! Din alt-i-en sk\u00f8nheds-adventskalender med 24 veganske kosmetikprodukter til de ultimative julelooks! Bliv inspireret og skab et nyt look hver dag, der f\u00e5r dig til at str\u00e5le. Fra glitrende \u00f8jenskygger og l\u00e6beprodukter til skimrende highlightere: g\u00f8r dig klar til en magisk december fuld af sk\u00f8nhed og glamour!<\/p>\n<p>En julekalender med 24 forskellige makeup-produkter og tilbeh\u00f8r.<\/p>\n","protected":false},"excerpt":{"rendered":"<p>Zmile Cosmetics Beauty Advent Calendar Cube &#8216;Blue Magic&#8217; Merry Magic XMAS! Din alt-i-en sk\u00f8nheds-adventskalender med 24 veganske kosmetikprodukter til de ultimative julelooks! Bliv inspireret og skab et nyt look hver dag, der f\u00e5r dig til at str\u00e5le. Fra glitrende \u00f8jenskygger og l\u00e6beprodukter til skimrende highlightere: g\u00f8r dig klar til en magisk december fuld af sk\u00f8nhed [&hellip;]<\/p>\n","protected":false},"featured_media":112352,"comment_status":"open","ping_status":"closed","template":"","meta":{"_trash_the_other_posts":false},"product_brand":[],"product_cat":[643,1003,735,999],"product_tag":[],"berocket_brand":[1179],"class_list":{"0":"post-112369","1":"product","2":"type-product","3":"status-publish","4":"has-post-thumbnail","6":"product_cat-adventskalender","7":"product_cat-bestsellere","8":"product_cat-kampagne","9":"product_cat-kampagnetilbud-til-hende","10":"pa_brand-zmile-cosmetics","11":"berocket_brand-zmile-cosmetics","13":"first","14":"instock","15":"sale","16":"taxable","17":"shipping-taxable","18":"purchasable","19":"product-type-simple"},"_links":{"self":[{"href":"https:\/\/stylingagenten.com\/da\/wp-json\/wp\/v2\/product\/112369","targetHints":{"allow":["GET"]}}],"collection":[{"href":"https:\/\/stylingagenten.com\/da\/wp-json\/wp\/v2\/product"}],"about":[{"href":"https:\/\/stylingagenten.com\/da\/wp-json\/wp\/v2\/types\/product"}],"replies":[{"embeddable":true,"href":"https:\/\/stylingagenten.com\/da\/wp-json\/wp\/v2\/comments?post=112369"}],"version-history":[{"count":0,"href":"https:\/\/stylingagenten.com\/da\/wp-json\/wp\/v2\/product\/112369\/revisions"}],"wp:featuredmedia":[{"embeddable":true,"href":"https:\/\/stylingagenten.com\/da\/wp-json\/wp\/v2\/media\/112352"}],"wp:attachment":[{"href":"https:\/\/stylingagenten.com\/da\/wp-json\/wp\/v2\/media?parent=112369"}],"wp:term":[{"taxonomy":"product_brand","embeddable":true,"href":"https:\/\/stylingagenten.com\/da\/wp-json\/wp\/v2\/product_brand?post=112369"},{"taxonomy":"product_cat","embeddable":true,"href":"https:\/\/stylingagenten.com\/da\/wp-json\/wp\/v2\/product_cat?post=112369"},{"taxonomy":"product_tag","embeddable":true,"href":"https:\/\/stylingagenten.com\/da\/wp-json\/wp\/v2\/product_tag?post=112369"},{"taxonomy":"berocket_brand","embeddable":true,"href":"https:\/\/stylingagenten.com\/da\/wp-json\/wp\/v2\/berocket_brand?post=112369"}],"curies":[{"name":"wp","href":"https:\/\/api.w.org\/{rel}","templated":true}]}}