{"id":112361,"date":"2025-05-18T20:59:03","date_gmt":"2025-05-18T20:59:03","guid":{"rendered":"https:\/\/staging2.stylingagenten.com\/da\/produkt\/zmile-cosmetics-beauty-advent-calendar-square-3d-christmas-trees\/"},"modified":"2026-01-20T12:47:10","modified_gmt":"2026-01-20T12:47:10","slug":"zmile-cosmetics-beauty-advent-calendar-square-3d-christmas-trees","status":"publish","type":"product","link":"https:\/\/stylingagenten.com\/da\/produkt\/zmile-cosmetics-beauty-advent-calendar-square-3d-christmas-trees\/","title":{"rendered":"Zmile Cosmetics Beauty Advent Calendar Square &#8216;3D Christmas Trees&#8217;"},"content":{"rendered":"<p>Zmile Cosmetics Beauty Advent Calendar Square &#8216;3D Christmas Trees&#8217;<br \/>\n<br \/>Denne julekalender indeholder alt, hvad du kan \u00f8nske dig! 24 veganske makeup-produkter, som er perfekt koordinerede, fremh\u00e6ver din naturlige sk\u00f8nhed med ultimative farver og en skinnende finish. Med denne sk\u00f8nhedskalender vil du v\u00e6re klar til jul!<\/p>\n<p>Kalenderen indeholder 24 forskellige makeup-produkter og tilbeh\u00f8r.<\/p>\n","protected":false},"excerpt":{"rendered":"<p>Zmile Cosmetics Beauty Advent Calendar Square &#8216;3D Christmas Trees&#8217; Denne julekalender indeholder alt, hvad du kan \u00f8nske dig! 24 veganske makeup-produkter, som er perfekt koordinerede, fremh\u00e6ver din naturlige sk\u00f8nhed med ultimative farver og en skinnende finish. Med denne sk\u00f8nhedskalender vil du v\u00e6re klar til jul! Kalenderen indeholder 24 forskellige makeup-produkter og tilbeh\u00f8r.<\/p>\n","protected":false},"featured_media":112344,"comment_status":"open","ping_status":"closed","template":"","meta":{"_trash_the_other_posts":false},"product_brand":[],"product_cat":[643,1003,735,999],"product_tag":[],"berocket_brand":[1179],"class_list":{"0":"post-112361","1":"product","2":"type-product","3":"status-publish","4":"has-post-thumbnail","6":"product_cat-adventskalender","7":"product_cat-bestsellere","8":"product_cat-kampagne","9":"product_cat-kampagnetilbud-til-hende","10":"pa_brand-zmile-cosmetics","11":"berocket_brand-zmile-cosmetics","13":"first","14":"instock","15":"sale","16":"taxable","17":"shipping-taxable","18":"purchasable","19":"product-type-simple"},"_links":{"self":[{"href":"https:\/\/stylingagenten.com\/da\/wp-json\/wp\/v2\/product\/112361","targetHints":{"allow":["GET"]}}],"collection":[{"href":"https:\/\/stylingagenten.com\/da\/wp-json\/wp\/v2\/product"}],"about":[{"href":"https:\/\/stylingagenten.com\/da\/wp-json\/wp\/v2\/types\/product"}],"replies":[{"embeddable":true,"href":"https:\/\/stylingagenten.com\/da\/wp-json\/wp\/v2\/comments?post=112361"}],"version-history":[{"count":0,"href":"https:\/\/stylingagenten.com\/da\/wp-json\/wp\/v2\/product\/112361\/revisions"}],"wp:featuredmedia":[{"embeddable":true,"href":"https:\/\/stylingagenten.com\/da\/wp-json\/wp\/v2\/media\/112344"}],"wp:attachment":[{"href":"https:\/\/stylingagenten.com\/da\/wp-json\/wp\/v2\/media?parent=112361"}],"wp:term":[{"taxonomy":"product_brand","embeddable":true,"href":"https:\/\/stylingagenten.com\/da\/wp-json\/wp\/v2\/product_brand?post=112361"},{"taxonomy":"product_cat","embeddable":true,"href":"https:\/\/stylingagenten.com\/da\/wp-json\/wp\/v2\/product_cat?post=112361"},{"taxonomy":"product_tag","embeddable":true,"href":"https:\/\/stylingagenten.com\/da\/wp-json\/wp\/v2\/product_tag?post=112361"},{"taxonomy":"berocket_brand","embeddable":true,"href":"https:\/\/stylingagenten.com\/da\/wp-json\/wp\/v2\/berocket_brand?post=112361"}],"curies":[{"name":"wp","href":"https:\/\/api.w.org\/{rel}","templated":true}]}}