{"id":112296,"date":"2025-05-18T20:58:50","date_gmt":"2025-05-18T20:58:50","guid":{"rendered":"https:\/\/staging2.stylingagenten.com\/da\/produkt\/paul-mitchell-tea-tree-shave-gel-200ml\/"},"modified":"2026-03-08T15:07:44","modified_gmt":"2026-03-08T15:07:44","slug":"paul-mitchell-tea-tree-shave-gel-200ml","status":"publish","type":"product","link":"https:\/\/stylingagenten.com\/da\/produkt\/paul-mitchell-tea-tree-shave-gel-200ml\/","title":{"rendered":"Paul Mitchell Tea Tree Shave Gel 200ml"},"content":{"rendered":"<p>For en virkelig forfriskende oplevelse, tils\u00e6t Tea Tree Shave Gel&reg; til din almindelige barberingsrutine. Denne skummende formel indeholder specielle balsam, der beskytter huden mod br\u00e6ndende barbermaskiner og efterlader huden utrolig bl\u00f8d. K\u00f8lig pebermynte og lavendel beroliger og beroliger sj\u00e6len, mens tea tree-olie v\u00e6kker sanserne.<\/p>\n","protected":false},"excerpt":{"rendered":"<p>For en virkelig forfriskende oplevelse, tils\u00e6t Tea Tree Shave Gel&reg; til din almindelige barberingsrutine. Denne skummende formel indeholder specielle balsam, der beskytter huden mod br\u00e6ndende barbermaskiner og efterlader huden utrolig bl\u00f8d. K\u00f8lig pebermynte og lavendel beroliger og beroliger sj\u00e6len, mens tea tree-olie v\u00e6kker sanserne.<\/p>\n","protected":false},"featured_media":445378,"comment_status":"open","ping_status":"closed","template":"","meta":{"_trash_the_other_posts":false},"product_brand":[],"product_cat":[735,1000,688],"product_tag":[],"berocket_brand":[1053],"class_list":{"0":"post-112296","1":"product","2":"type-product","3":"status-publish","4":"has-post-thumbnail","6":"product_cat-kampagne","7":"product_cat-kampagnetilbud-til-ham","8":"product_cat-skaeg-gel","9":"pa_brand-paul-mitchell","10":"berocket_brand-paul-mitchell","12":"first","13":"outofstock","14":"sale","15":"taxable","16":"shipping-taxable","17":"purchasable","18":"product-type-simple"},"_links":{"self":[{"href":"https:\/\/stylingagenten.com\/da\/wp-json\/wp\/v2\/product\/112296","targetHints":{"allow":["GET"]}}],"collection":[{"href":"https:\/\/stylingagenten.com\/da\/wp-json\/wp\/v2\/product"}],"about":[{"href":"https:\/\/stylingagenten.com\/da\/wp-json\/wp\/v2\/types\/product"}],"replies":[{"embeddable":true,"href":"https:\/\/stylingagenten.com\/da\/wp-json\/wp\/v2\/comments?post=112296"}],"version-history":[{"count":0,"href":"https:\/\/stylingagenten.com\/da\/wp-json\/wp\/v2\/product\/112296\/revisions"}],"wp:featuredmedia":[{"embeddable":true,"href":"https:\/\/stylingagenten.com\/da\/wp-json\/wp\/v2\/media\/445378"}],"wp:attachment":[{"href":"https:\/\/stylingagenten.com\/da\/wp-json\/wp\/v2\/media?parent=112296"}],"wp:term":[{"taxonomy":"product_brand","embeddable":true,"href":"https:\/\/stylingagenten.com\/da\/wp-json\/wp\/v2\/product_brand?post=112296"},{"taxonomy":"product_cat","embeddable":true,"href":"https:\/\/stylingagenten.com\/da\/wp-json\/wp\/v2\/product_cat?post=112296"},{"taxonomy":"product_tag","embeddable":true,"href":"https:\/\/stylingagenten.com\/da\/wp-json\/wp\/v2\/product_tag?post=112296"},{"taxonomy":"berocket_brand","embeddable":true,"href":"https:\/\/stylingagenten.com\/da\/wp-json\/wp\/v2\/berocket_brand?post=112296"}],"curies":[{"name":"wp","href":"https:\/\/api.w.org\/{rel}","templated":true}]}}