{"id":112291,"date":"2025-05-18T20:58:49","date_gmt":"2025-05-18T20:58:49","guid":{"rendered":"https:\/\/staging2.stylingagenten.com\/da\/produkt\/beard-monkey-after-shave-lotion-100ml\/"},"modified":"2026-04-14T02:38:41","modified_gmt":"2026-04-14T02:38:41","slug":"beard-monkey-after-shave-lotion-100ml","status":"publish","type":"product","link":"https:\/\/stylingagenten.com\/da\/produkt\/beard-monkey-after-shave-lotion-100ml\/","title":{"rendered":"Beard Monkey After Shave Lotion 100ml"},"content":{"rendered":"<p>Beard Monkey After Shave Lotion er en klassisk aftershave, der giver en forfriskende f\u00f8lelse. Denne lotion er let duftende og kan bruges dagligt, da den ikke udt\u00f8rrer huden. Beriget med tidselolie, der absorberer hurtigt uden kl\u00e6brighed og mandelolie, der g\u00f8r huden bl\u00f8d, glat og fuld af glans. Produktet indeholder ogs\u00e5 aloe vera som fremskynder helingen af \u200b\u200birriteret hud og menthol som er antiseptisk og forfriskende.<\/p>\n","protected":false},"excerpt":{"rendered":"<p>Beard Monkey After Shave Lotion er en klassisk aftershave, der giver en forfriskende f\u00f8lelse. Denne lotion er let duftende og kan bruges dagligt, da den ikke udt\u00f8rrer huden. Beriget med tidselolie, der absorberer hurtigt uden kl\u00e6brighed og mandelolie, der g\u00f8r huden bl\u00f8d, glat og fuld af glans. Produktet indeholder ogs\u00e5 aloe vera som fremskynder helingen [&hellip;]<\/p>\n","protected":false},"featured_media":112288,"comment_status":"open","ping_status":"closed","template":"","meta":{"_trash_the_other_posts":false},"product_brand":[],"product_cat":[689,735,1000],"product_tag":[],"berocket_brand":[1077],"class_list":{"0":"post-112291","1":"product","2":"type-product","3":"status-publish","4":"has-post-thumbnail","6":"product_cat-aftershave","7":"product_cat-kampagne","8":"product_cat-kampagnetilbud-til-ham","9":"pa_brand-beard-monkey","10":"berocket_brand-beard-monkey","12":"first","13":"instock","14":"sale","15":"taxable","16":"shipping-taxable","17":"purchasable","18":"product-type-simple"},"_links":{"self":[{"href":"https:\/\/stylingagenten.com\/da\/wp-json\/wp\/v2\/product\/112291","targetHints":{"allow":["GET"]}}],"collection":[{"href":"https:\/\/stylingagenten.com\/da\/wp-json\/wp\/v2\/product"}],"about":[{"href":"https:\/\/stylingagenten.com\/da\/wp-json\/wp\/v2\/types\/product"}],"replies":[{"embeddable":true,"href":"https:\/\/stylingagenten.com\/da\/wp-json\/wp\/v2\/comments?post=112291"}],"version-history":[{"count":0,"href":"https:\/\/stylingagenten.com\/da\/wp-json\/wp\/v2\/product\/112291\/revisions"}],"wp:featuredmedia":[{"embeddable":true,"href":"https:\/\/stylingagenten.com\/da\/wp-json\/wp\/v2\/media\/112288"}],"wp:attachment":[{"href":"https:\/\/stylingagenten.com\/da\/wp-json\/wp\/v2\/media?parent=112291"}],"wp:term":[{"taxonomy":"product_brand","embeddable":true,"href":"https:\/\/stylingagenten.com\/da\/wp-json\/wp\/v2\/product_brand?post=112291"},{"taxonomy":"product_cat","embeddable":true,"href":"https:\/\/stylingagenten.com\/da\/wp-json\/wp\/v2\/product_cat?post=112291"},{"taxonomy":"product_tag","embeddable":true,"href":"https:\/\/stylingagenten.com\/da\/wp-json\/wp\/v2\/product_tag?post=112291"},{"taxonomy":"berocket_brand","embeddable":true,"href":"https:\/\/stylingagenten.com\/da\/wp-json\/wp\/v2\/berocket_brand?post=112291"}],"curies":[{"name":"wp","href":"https:\/\/api.w.org\/{rel}","templated":true}]}}