{"id":112286,"date":"2025-05-18T20:58:47","date_gmt":"2025-05-18T20:58:47","guid":{"rendered":"https:\/\/staging2.stylingagenten.com\/da\/produkt\/paul-mitchell-mvrck-skin-tonic-shave-215ml\/"},"modified":"2026-03-16T07:31:29","modified_gmt":"2026-03-16T07:31:29","slug":"paul-mitchell-mvrck-skin-tonic-shave-215ml","status":"publish","type":"product","link":"https:\/\/stylingagenten.com\/da\/produkt\/paul-mitchell-mvrck-skin-tonic-shave-215ml\/","title":{"rendered":"Paul Mitchell MVRCK Skin Tonic Shave 215ml"},"content":{"rendered":"<p>MVRCK Skin Tonic er en let ansigtsmist, der kan bruges som toner f\u00f8r barbering for en let fugtgivende eller efter barbering. det reducerer forekomsten af \u200b\u200br\u00f8d og irriteret hud. Beriget med bygekstrakt, der beroliger huden og menthol, der giver en k\u00f8lende effekt p\u00e5 huden. huden uden at efterlade den t\u00f8r og stram. Energigivende og maskulin duft af citrus, agave og sandeltr\u00e6.<\/p>\n","protected":false},"excerpt":{"rendered":"<p>MVRCK Skin Tonic er en let ansigtsmist, der kan bruges som toner f\u00f8r barbering for en let fugtgivende eller efter barbering. det reducerer forekomsten af \u200b\u200br\u00f8d og irriteret hud. Beriget med bygekstrakt, der beroliger huden og menthol, der giver en k\u00f8lende effekt p\u00e5 huden. huden uden at efterlade den t\u00f8r og stram. Energigivende og maskulin [&hellip;]<\/p>\n","protected":false},"featured_media":112285,"comment_status":"open","ping_status":"closed","template":"","meta":{"_trash_the_other_posts":false},"product_brand":[],"product_cat":[689,735,1000],"product_tag":[],"berocket_brand":[1053],"class_list":{"0":"post-112286","1":"product","2":"type-product","3":"status-publish","4":"has-post-thumbnail","6":"product_cat-aftershave","7":"product_cat-kampagne","8":"product_cat-kampagnetilbud-til-ham","9":"pa_brand-paul-mitchell","10":"berocket_brand-paul-mitchell","12":"first","13":"outofstock","14":"sale","15":"taxable","16":"shipping-taxable","17":"purchasable","18":"product-type-simple"},"_links":{"self":[{"href":"https:\/\/stylingagenten.com\/da\/wp-json\/wp\/v2\/product\/112286","targetHints":{"allow":["GET"]}}],"collection":[{"href":"https:\/\/stylingagenten.com\/da\/wp-json\/wp\/v2\/product"}],"about":[{"href":"https:\/\/stylingagenten.com\/da\/wp-json\/wp\/v2\/types\/product"}],"replies":[{"embeddable":true,"href":"https:\/\/stylingagenten.com\/da\/wp-json\/wp\/v2\/comments?post=112286"}],"version-history":[{"count":0,"href":"https:\/\/stylingagenten.com\/da\/wp-json\/wp\/v2\/product\/112286\/revisions"}],"wp:featuredmedia":[{"embeddable":true,"href":"https:\/\/stylingagenten.com\/da\/wp-json\/wp\/v2\/media\/112285"}],"wp:attachment":[{"href":"https:\/\/stylingagenten.com\/da\/wp-json\/wp\/v2\/media?parent=112286"}],"wp:term":[{"taxonomy":"product_brand","embeddable":true,"href":"https:\/\/stylingagenten.com\/da\/wp-json\/wp\/v2\/product_brand?post=112286"},{"taxonomy":"product_cat","embeddable":true,"href":"https:\/\/stylingagenten.com\/da\/wp-json\/wp\/v2\/product_cat?post=112286"},{"taxonomy":"product_tag","embeddable":true,"href":"https:\/\/stylingagenten.com\/da\/wp-json\/wp\/v2\/product_tag?post=112286"},{"taxonomy":"berocket_brand","embeddable":true,"href":"https:\/\/stylingagenten.com\/da\/wp-json\/wp\/v2\/berocket_brand?post=112286"}],"curies":[{"name":"wp","href":"https:\/\/api.w.org\/{rel}","templated":true}]}}