{"id":112284,"date":"2025-05-18T20:58:47","date_gmt":"2025-05-18T20:58:47","guid":{"rendered":"https:\/\/staging2.stylingagenten.com\/da\/produkt\/american-crew-moisturizing-shave-cream-150ml\/"},"modified":"2026-04-05T17:48:42","modified_gmt":"2026-04-05T17:48:42","slug":"american-crew-moisturizing-shave-cream-150ml","status":"publish","type":"product","link":"https:\/\/stylingagenten.com\/da\/produkt\/american-crew-moisturizing-shave-cream-150ml\/","title":{"rendered":"American Crew Moisturizing Shave Cream 150ml"},"content":{"rendered":"<p>American Crew Moisturizing Shave Cream 150ml &#8211; Passer til dig med normalt til tykt sk\u00e6g. En barbercreme, der indeholder naturlige ingredienser, der giver en ren og t\u00e6t barbering. Aloe Vera tilf\u00f8rer fugt og efterlader huden bl\u00f8d efter barbering.&nbsp;<\/p>\n","protected":false},"excerpt":{"rendered":"<p>American Crew Moisturizing Shave Cream 150ml &#8211; Passer til dig med normalt til tykt sk\u00e6g. En barbercreme, der indeholder naturlige ingredienser, der giver en ren og t\u00e6t barbering. Aloe Vera tilf\u00f8rer fugt og efterlader huden bl\u00f8d efter barbering.&nbsp;<\/p>\n","protected":false},"featured_media":112283,"comment_status":"open","ping_status":"closed","template":"","meta":{"_trash_the_other_posts":false},"product_brand":[],"product_cat":[688],"product_tag":[2371],"berocket_brand":[1071],"class_list":{"0":"post-112284","1":"product","2":"type-product","3":"status-publish","4":"has-post-thumbnail","6":"product_cat-skaeg-gel","7":"product_tag-american-crew-moisturizing-shave-cream","8":"pa_brand-american-crew","9":"pa_variant-150ml","10":"berocket_brand-american-crew","12":"first","13":"instock","14":"sale","15":"taxable","16":"shipping-taxable","17":"purchasable","18":"product-type-simple"},"_links":{"self":[{"href":"https:\/\/stylingagenten.com\/da\/wp-json\/wp\/v2\/product\/112284","targetHints":{"allow":["GET"]}}],"collection":[{"href":"https:\/\/stylingagenten.com\/da\/wp-json\/wp\/v2\/product"}],"about":[{"href":"https:\/\/stylingagenten.com\/da\/wp-json\/wp\/v2\/types\/product"}],"replies":[{"embeddable":true,"href":"https:\/\/stylingagenten.com\/da\/wp-json\/wp\/v2\/comments?post=112284"}],"version-history":[{"count":0,"href":"https:\/\/stylingagenten.com\/da\/wp-json\/wp\/v2\/product\/112284\/revisions"}],"wp:featuredmedia":[{"embeddable":true,"href":"https:\/\/stylingagenten.com\/da\/wp-json\/wp\/v2\/media\/112283"}],"wp:attachment":[{"href":"https:\/\/stylingagenten.com\/da\/wp-json\/wp\/v2\/media?parent=112284"}],"wp:term":[{"taxonomy":"product_brand","embeddable":true,"href":"https:\/\/stylingagenten.com\/da\/wp-json\/wp\/v2\/product_brand?post=112284"},{"taxonomy":"product_cat","embeddable":true,"href":"https:\/\/stylingagenten.com\/da\/wp-json\/wp\/v2\/product_cat?post=112284"},{"taxonomy":"product_tag","embeddable":true,"href":"https:\/\/stylingagenten.com\/da\/wp-json\/wp\/v2\/product_tag?post=112284"},{"taxonomy":"berocket_brand","embeddable":true,"href":"https:\/\/stylingagenten.com\/da\/wp-json\/wp\/v2\/berocket_brand?post=112284"}],"curies":[{"name":"wp","href":"https:\/\/api.w.org\/{rel}","templated":true}]}}