{"id":112279,"date":"2025-05-18T20:58:46","date_gmt":"2025-05-18T20:58:46","guid":{"rendered":"https:\/\/staging2.stylingagenten.com\/da\/produkt\/gillette-series-moisturising-shave-gel-200ml\/"},"modified":"2026-04-13T17:07:34","modified_gmt":"2026-04-13T17:07:34","slug":"gillette-series-moisturising-shave-gel-200ml","status":"publish","type":"product","link":"https:\/\/stylingagenten.com\/da\/produkt\/gillette-series-moisturising-shave-gel-200ml\/","title":{"rendered":"Gillette Series Moisturising Shave Gel 200ml"},"content":{"rendered":"<p>Gillette Series Moisturizing Shave Gel har en let duft og giver et rigt, cremet skum, der vaskes v\u00e6k. Det giver den boblende fornemmelse, som m\u00e6nd har v\u00e6rdsat i generationer.<\/p>\n<p><\/p>\n","protected":false},"excerpt":{"rendered":"<p>Gillette Series Moisturizing Shave Gel har en let duft og giver et rigt, cremet skum, der vaskes v\u00e6k. Det giver den boblende fornemmelse, som m\u00e6nd har v\u00e6rdsat i generationer.<\/p>\n","protected":false},"featured_media":112274,"comment_status":"open","ping_status":"closed","template":"","meta":{"_trash_the_other_posts":false},"product_brand":[],"product_cat":[688],"product_tag":[],"berocket_brand":[1324],"class_list":{"0":"post-112279","1":"product","2":"type-product","3":"status-publish","4":"has-post-thumbnail","6":"product_cat-skaeg-gel","7":"pa_brand-gillette","8":"berocket_brand-gillette","10":"first","11":"instock","12":"sale","13":"taxable","14":"shipping-taxable","15":"purchasable","16":"product-type-simple"},"_links":{"self":[{"href":"https:\/\/stylingagenten.com\/da\/wp-json\/wp\/v2\/product\/112279","targetHints":{"allow":["GET"]}}],"collection":[{"href":"https:\/\/stylingagenten.com\/da\/wp-json\/wp\/v2\/product"}],"about":[{"href":"https:\/\/stylingagenten.com\/da\/wp-json\/wp\/v2\/types\/product"}],"replies":[{"embeddable":true,"href":"https:\/\/stylingagenten.com\/da\/wp-json\/wp\/v2\/comments?post=112279"}],"version-history":[{"count":0,"href":"https:\/\/stylingagenten.com\/da\/wp-json\/wp\/v2\/product\/112279\/revisions"}],"wp:featuredmedia":[{"embeddable":true,"href":"https:\/\/stylingagenten.com\/da\/wp-json\/wp\/v2\/media\/112274"}],"wp:attachment":[{"href":"https:\/\/stylingagenten.com\/da\/wp-json\/wp\/v2\/media?parent=112279"}],"wp:term":[{"taxonomy":"product_brand","embeddable":true,"href":"https:\/\/stylingagenten.com\/da\/wp-json\/wp\/v2\/product_brand?post=112279"},{"taxonomy":"product_cat","embeddable":true,"href":"https:\/\/stylingagenten.com\/da\/wp-json\/wp\/v2\/product_cat?post=112279"},{"taxonomy":"product_tag","embeddable":true,"href":"https:\/\/stylingagenten.com\/da\/wp-json\/wp\/v2\/product_tag?post=112279"},{"taxonomy":"berocket_brand","embeddable":true,"href":"https:\/\/stylingagenten.com\/da\/wp-json\/wp\/v2\/berocket_brand?post=112279"}],"curies":[{"name":"wp","href":"https:\/\/api.w.org\/{rel}","templated":true}]}}