{"id":112243,"date":"2025-05-18T20:58:37","date_gmt":"2025-05-18T20:58:37","guid":{"rendered":"https:\/\/staging2.stylingagenten.com\/da\/produkt\/antonio-banderas-seduction-in-black-edt-100ml\/"},"modified":"2026-04-09T15:18:44","modified_gmt":"2026-04-09T15:18:44","slug":"antonio-banderas-seduction-in-black-edt-100ml","status":"publish","type":"product","link":"https:\/\/stylingagenten.com\/da\/produkt\/antonio-banderas-seduction-in-black-edt-100ml\/","title":{"rendered":"Antonio Banderas Seduction in Black Edt 100ml"},"content":{"rendered":"<p style='margin-top:0cm;margin-right:0cm;margin-bottom:8.0pt;margin-left:0cm;font-size:15px;font-family:\"Calibri\",sans-serif'> Seduction in Black er en dristig fortolkning af Antonio Banderas&#8217; Blue Seduction, men den tager sin mystiske nuance til n\u00e6ste niveau. Det understreger tr&auml; og orientalske noter, ledet af en original og interessant krydret note, der legemligg\u00f8r duftens friskhed og sensualitet.<\/p>\n<p style='margin: 0cm 0cm 8pt;font-family: \"Calibri\", sans-serif'>Topnoter: Bergamot, Solb\u00e6r<br \/>Hjertenoter: Koriander, Kardemomme, Muskatn\u00f8d<br \/>Basenoter: Cedertr\u00e6, Tonkab\u00f8nne, Amber, Moskus<\/p>\n","protected":false},"excerpt":{"rendered":"<p>Seduction in Black er en dristig fortolkning af Antonio Banderas&#8217; Blue Seduction, men den tager sin mystiske nuance til n\u00e6ste niveau. Det understreger tr&auml; og orientalske noter, ledet af en original og interessant krydret note, der legemligg\u00f8r duftens friskhed og sensualitet. Topnoter: Bergamot, Solb\u00e6rHjertenoter: Koriander, Kardemomme, Muskatn\u00f8dBasenoter: Cedertr\u00e6, Tonkab\u00f8nne, Amber, Moskus<\/p>\n","protected":false},"featured_media":112237,"comment_status":"open","ping_status":"closed","template":"","meta":{"_trash_the_other_posts":false},"product_brand":[],"product_cat":[991,709,735,1000],"product_tag":[2383],"berocket_brand":[1072],"class_list":{"0":"post-112243","1":"product","2":"type-product","3":"status-publish","4":"has-post-thumbnail","6":"product_cat-antonio-banderas-seduction-in-black","7":"product_cat-eau-de-toilette-mr","8":"product_cat-kampagne","9":"product_cat-kampagnetilbud-til-ham","10":"product_tag-antonio-banderas-seduction-in-black-edt","11":"pa_brand-antonio-banderas","12":"pa_variant-100ml","13":"berocket_brand-antonio-banderas","15":"first","16":"instock","17":"sale","18":"taxable","19":"shipping-taxable","20":"purchasable","21":"product-type-simple"},"_links":{"self":[{"href":"https:\/\/stylingagenten.com\/da\/wp-json\/wp\/v2\/product\/112243","targetHints":{"allow":["GET"]}}],"collection":[{"href":"https:\/\/stylingagenten.com\/da\/wp-json\/wp\/v2\/product"}],"about":[{"href":"https:\/\/stylingagenten.com\/da\/wp-json\/wp\/v2\/types\/product"}],"replies":[{"embeddable":true,"href":"https:\/\/stylingagenten.com\/da\/wp-json\/wp\/v2\/comments?post=112243"}],"version-history":[{"count":0,"href":"https:\/\/stylingagenten.com\/da\/wp-json\/wp\/v2\/product\/112243\/revisions"}],"wp:featuredmedia":[{"embeddable":true,"href":"https:\/\/stylingagenten.com\/da\/wp-json\/wp\/v2\/media\/112237"}],"wp:attachment":[{"href":"https:\/\/stylingagenten.com\/da\/wp-json\/wp\/v2\/media?parent=112243"}],"wp:term":[{"taxonomy":"product_brand","embeddable":true,"href":"https:\/\/stylingagenten.com\/da\/wp-json\/wp\/v2\/product_brand?post=112243"},{"taxonomy":"product_cat","embeddable":true,"href":"https:\/\/stylingagenten.com\/da\/wp-json\/wp\/v2\/product_cat?post=112243"},{"taxonomy":"product_tag","embeddable":true,"href":"https:\/\/stylingagenten.com\/da\/wp-json\/wp\/v2\/product_tag?post=112243"},{"taxonomy":"berocket_brand","embeddable":true,"href":"https:\/\/stylingagenten.com\/da\/wp-json\/wp\/v2\/berocket_brand?post=112243"}],"curies":[{"name":"wp","href":"https:\/\/api.w.org\/{rel}","templated":true}]}}