{"id":112239,"date":"2025-05-18T20:58:37","date_gmt":"2025-05-18T20:58:37","guid":{"rendered":"https:\/\/staging2.stylingagenten.com\/da\/produkt\/versace-pour-homme-edt-30ml\/"},"modified":"2025-11-19T10:57:30","modified_gmt":"2025-11-19T10:57:30","slug":"versace-pour-homme-edt-30ml","status":"publish","type":"product","link":"https:\/\/stylingagenten.com\/da\/produkt\/versace-pour-homme-edt-30ml\/","title":{"rendered":"Versace Pour Homme Edt 30ml"},"content":{"rendered":"<p>Versace Pour Homme er en klassisk og samtidig moderne parfume med imponerende og l\u00e6kre ingredienser, der tilsammen danner en aromatisk tr\u00e6agtig duft. Det er en duft til m\u00e6nd, der ikke er klar til mode. Til selvsikre m\u00e6nd med st\u00e6rke personligheder.<\/p>\n<p><strong>&nbsp;Duftnoter:<\/strong> bergamot, neroli, citron, appelsinblad, geranium, salvie, hyacint, cedertr\u00e6, ambra, &ouml;rntr&auml;, moskus &amp; tonkab&ouml;na.<\/p>\n","protected":false},"excerpt":{"rendered":"<p>Versace Pour Homme er en klassisk og samtidig moderne parfume med imponerende og l\u00e6kre ingredienser, der tilsammen danner en aromatisk tr\u00e6agtig duft. Det er en duft til m\u00e6nd, der ikke er klar til mode. Til selvsikre m\u00e6nd med st\u00e6rke personligheder. &nbsp;Duftnoter: bergamot, neroli, citron, appelsinblad, geranium, salvie, hyacint, cedertr\u00e6, ambra, &ouml;rntr&auml;, moskus &amp; tonkab&ouml;na.<\/p>\n","protected":false},"featured_media":112238,"comment_status":"open","ping_status":"closed","template":"","meta":{"_trash_the_other_posts":false},"product_brand":[],"product_cat":[709],"product_tag":[4051],"berocket_brand":[1083],"class_list":{"0":"post-112239","1":"product","2":"type-product","3":"status-publish","4":"has-post-thumbnail","6":"product_cat-eau-de-toilette-mr","7":"product_tag-versace-pour-homme-edt","8":"pa_brand-versace","9":"pa_variant-30ml","10":"berocket_brand-versace","12":"first","13":"outofstock","14":"sale","15":"taxable","16":"shipping-taxable","17":"purchasable","18":"product-type-simple"},"_links":{"self":[{"href":"https:\/\/stylingagenten.com\/da\/wp-json\/wp\/v2\/product\/112239","targetHints":{"allow":["GET"]}}],"collection":[{"href":"https:\/\/stylingagenten.com\/da\/wp-json\/wp\/v2\/product"}],"about":[{"href":"https:\/\/stylingagenten.com\/da\/wp-json\/wp\/v2\/types\/product"}],"replies":[{"embeddable":true,"href":"https:\/\/stylingagenten.com\/da\/wp-json\/wp\/v2\/comments?post=112239"}],"version-history":[{"count":0,"href":"https:\/\/stylingagenten.com\/da\/wp-json\/wp\/v2\/product\/112239\/revisions"}],"wp:featuredmedia":[{"embeddable":true,"href":"https:\/\/stylingagenten.com\/da\/wp-json\/wp\/v2\/media\/112238"}],"wp:attachment":[{"href":"https:\/\/stylingagenten.com\/da\/wp-json\/wp\/v2\/media?parent=112239"}],"wp:term":[{"taxonomy":"product_brand","embeddable":true,"href":"https:\/\/stylingagenten.com\/da\/wp-json\/wp\/v2\/product_brand?post=112239"},{"taxonomy":"product_cat","embeddable":true,"href":"https:\/\/stylingagenten.com\/da\/wp-json\/wp\/v2\/product_cat?post=112239"},{"taxonomy":"product_tag","embeddable":true,"href":"https:\/\/stylingagenten.com\/da\/wp-json\/wp\/v2\/product_tag?post=112239"},{"taxonomy":"berocket_brand","embeddable":true,"href":"https:\/\/stylingagenten.com\/da\/wp-json\/wp\/v2\/berocket_brand?post=112239"}],"curies":[{"name":"wp","href":"https:\/\/api.w.org\/{rel}","templated":true}]}}