{"id":112235,"date":"2025-05-18T20:58:36","date_gmt":"2025-05-18T20:58:36","guid":{"rendered":"https:\/\/staging2.stylingagenten.com\/da\/produkt\/mont-blanc-emblem-edt-100ml\/"},"modified":"2026-04-06T07:58:45","modified_gmt":"2026-04-06T07:58:45","slug":"mont-blanc-emblem-edt-100ml","status":"publish","type":"product","link":"https:\/\/stylingagenten.com\/da\/produkt\/mont-blanc-emblem-edt-100ml\/","title":{"rendered":"Mont Blanc Emblem edt 100ml"},"content":{"rendered":"<p>Mont Blanc Emblem er en maskulin og maskulin parfume til kvinder, som udtrykker elegance og h\u00f8j kvalitet. Mont Blanc Emblem starter med et st\u00e6nk af aromatisk salvie og kardemomme blandet med mousserende grapefrugt, som lige fra starten giver indtryk af en st\u00e6rk og karismatisk duft, der er fuld af kontraster. Friske, gr\u00f8nne og frosne violblade er pakket ind i kanel for at give elegance til sammens\u00e6tningen. Basen har intense tr\u00e6sorter og tonka&ouml;na. Mont Blanc lancerer sin nye maskuline duft Emblem sammen med sin modificerede version Emblem intensiv i for\u00e5ret 2014.<\/p>\n","protected":false},"excerpt":{"rendered":"<p>Mont Blanc Emblem er en maskulin og maskulin parfume til kvinder, som udtrykker elegance og h\u00f8j kvalitet. Mont Blanc Emblem starter med et st\u00e6nk af aromatisk salvie og kardemomme blandet med mousserende grapefrugt, som lige fra starten giver indtryk af en st\u00e6rk og karismatisk duft, der er fuld af kontraster. Friske, gr\u00f8nne og frosne violblade [&hellip;]<\/p>\n","protected":false},"featured_media":112234,"comment_status":"open","ping_status":"closed","template":"","meta":{"_trash_the_other_posts":false},"product_brand":[],"product_cat":[1003,709,735,1000],"product_tag":[3581],"berocket_brand":[1079],"class_list":{"0":"post-112235","1":"product","2":"type-product","3":"status-publish","4":"has-post-thumbnail","6":"product_cat-bestsellere","7":"product_cat-eau-de-toilette-mr","8":"product_cat-kampagne","9":"product_cat-kampagnetilbud-til-ham","10":"product_tag-mont-blanc-emblem-edt","11":"pa_brand-mont-blanc","12":"pa_variant-100ml","13":"berocket_brand-mont-blanc","15":"first","16":"instock","17":"sale","18":"taxable","19":"shipping-taxable","20":"purchasable","21":"product-type-simple"},"_links":{"self":[{"href":"https:\/\/stylingagenten.com\/da\/wp-json\/wp\/v2\/product\/112235","targetHints":{"allow":["GET"]}}],"collection":[{"href":"https:\/\/stylingagenten.com\/da\/wp-json\/wp\/v2\/product"}],"about":[{"href":"https:\/\/stylingagenten.com\/da\/wp-json\/wp\/v2\/types\/product"}],"replies":[{"embeddable":true,"href":"https:\/\/stylingagenten.com\/da\/wp-json\/wp\/v2\/comments?post=112235"}],"version-history":[{"count":0,"href":"https:\/\/stylingagenten.com\/da\/wp-json\/wp\/v2\/product\/112235\/revisions"}],"wp:featuredmedia":[{"embeddable":true,"href":"https:\/\/stylingagenten.com\/da\/wp-json\/wp\/v2\/media\/112234"}],"wp:attachment":[{"href":"https:\/\/stylingagenten.com\/da\/wp-json\/wp\/v2\/media?parent=112235"}],"wp:term":[{"taxonomy":"product_brand","embeddable":true,"href":"https:\/\/stylingagenten.com\/da\/wp-json\/wp\/v2\/product_brand?post=112235"},{"taxonomy":"product_cat","embeddable":true,"href":"https:\/\/stylingagenten.com\/da\/wp-json\/wp\/v2\/product_cat?post=112235"},{"taxonomy":"product_tag","embeddable":true,"href":"https:\/\/stylingagenten.com\/da\/wp-json\/wp\/v2\/product_tag?post=112235"},{"taxonomy":"berocket_brand","embeddable":true,"href":"https:\/\/stylingagenten.com\/da\/wp-json\/wp\/v2\/berocket_brand?post=112235"}],"curies":[{"name":"wp","href":"https:\/\/api.w.org\/{rel}","templated":true}]}}