{"id":112190,"date":"2025-05-18T20:58:26","date_gmt":"2025-05-18T20:58:26","guid":{"rendered":"https:\/\/staging2.stylingagenten.com\/da\/produkt\/gucci-guilty-pour-homme-edt-50ml\/"},"modified":"2026-03-28T12:48:44","modified_gmt":"2026-03-28T12:48:44","slug":"gucci-guilty-pour-homme-edt-50ml","status":"publish","type":"product","link":"https:\/\/stylingagenten.com\/da\/produkt\/gucci-guilty-pour-homme-edt-50ml\/","title":{"rendered":"Gucci Guilty Pour Homme Edt 50ml"},"content":{"rendered":"<p>Gucci Guilty Pour Homme er en intens duft, der provokerer p\u00e5 samme tid som den forf\u00f8rer. Ved hj\u00e6lp af en berusende cocktail af forfriskende italiensk citron og mandarin, griber parfumen fat i sanserne med en ekstraordin\u00e6r effekt.<\/p>\n<p><strong>Duftnoter: <\/strong>citrus, lavendel, pink peber , appelsinblomst, neroli, cedertr\u00e6 og rav.<\/p>\n","protected":false},"excerpt":{"rendered":"<p>Gucci Guilty Pour Homme er en intens duft, der provokerer p\u00e5 samme tid som den forf\u00f8rer. Ved hj\u00e6lp af en berusende cocktail af forfriskende italiensk citron og mandarin, griber parfumen fat i sanserne med en ekstraordin\u00e6r effekt. Duftnoter: citrus, lavendel, pink peber , appelsinblomst, neroli, cedertr\u00e6 og rav.<\/p>\n","protected":false},"featured_media":112189,"comment_status":"open","ping_status":"closed","template":"","meta":{"_trash_the_other_posts":false},"product_brand":[],"product_cat":[709,735,1000],"product_tag":[2944],"berocket_brand":[1329],"class_list":{"0":"post-112190","1":"product","2":"type-product","3":"status-publish","4":"has-post-thumbnail","6":"product_cat-eau-de-toilette-mr","7":"product_cat-kampagne","8":"product_cat-kampagnetilbud-til-ham","9":"product_tag-gucci-guilty-pour-homme-edt","10":"pa_brand-gucci","11":"pa_variant-50ml","12":"berocket_brand-gucci","14":"first","15":"instock","16":"sale","17":"taxable","18":"shipping-taxable","19":"purchasable","20":"product-type-simple"},"_links":{"self":[{"href":"https:\/\/stylingagenten.com\/da\/wp-json\/wp\/v2\/product\/112190","targetHints":{"allow":["GET"]}}],"collection":[{"href":"https:\/\/stylingagenten.com\/da\/wp-json\/wp\/v2\/product"}],"about":[{"href":"https:\/\/stylingagenten.com\/da\/wp-json\/wp\/v2\/types\/product"}],"replies":[{"embeddable":true,"href":"https:\/\/stylingagenten.com\/da\/wp-json\/wp\/v2\/comments?post=112190"}],"version-history":[{"count":0,"href":"https:\/\/stylingagenten.com\/da\/wp-json\/wp\/v2\/product\/112190\/revisions"}],"wp:featuredmedia":[{"embeddable":true,"href":"https:\/\/stylingagenten.com\/da\/wp-json\/wp\/v2\/media\/112189"}],"wp:attachment":[{"href":"https:\/\/stylingagenten.com\/da\/wp-json\/wp\/v2\/media?parent=112190"}],"wp:term":[{"taxonomy":"product_brand","embeddable":true,"href":"https:\/\/stylingagenten.com\/da\/wp-json\/wp\/v2\/product_brand?post=112190"},{"taxonomy":"product_cat","embeddable":true,"href":"https:\/\/stylingagenten.com\/da\/wp-json\/wp\/v2\/product_cat?post=112190"},{"taxonomy":"product_tag","embeddable":true,"href":"https:\/\/stylingagenten.com\/da\/wp-json\/wp\/v2\/product_tag?post=112190"},{"taxonomy":"berocket_brand","embeddable":true,"href":"https:\/\/stylingagenten.com\/da\/wp-json\/wp\/v2\/berocket_brand?post=112190"}],"curies":[{"name":"wp","href":"https:\/\/api.w.org\/{rel}","templated":true}]}}