{"id":112188,"date":"2025-05-18T20:58:26","date_gmt":"2025-05-18T20:58:26","guid":{"rendered":"https:\/\/staging2.stylingagenten.com\/da\/produkt\/hugo-boss-boss-bottled-night-edt-100ml\/"},"modified":"2026-04-07T16:08:41","modified_gmt":"2026-04-07T16:08:41","slug":"hugo-boss-boss-bottled-night-edt-100ml","status":"publish","type":"product","link":"https:\/\/stylingagenten.com\/da\/produkt\/hugo-boss-boss-bottled-night-edt-100ml\/","title":{"rendered":"Hugo Boss Boss Bottled Night Edt 100ml"},"content":{"rendered":"<p>Hugo Boss Bottled Night er en meget maskulin duft, der starter med b\u00f8getr\u00e6 og den naturlige aromatiske friskhed af lavendel. Parfumen er sp\u00e6ndende, maskulin og klassisk elegant og er en ny og mere sp\u00e6ndende variant af Boss Bottle.<\/p>\n<p><strong>Duftnoter:<\/strong> , lavendel, kardemomme, afrikansk viol, jasmin, lauro amarelo, sandeltr\u00e6&auml; &amp; moskus.<\/p>\n","protected":false},"excerpt":{"rendered":"<p>Hugo Boss Bottled Night er en meget maskulin duft, der starter med b\u00f8getr\u00e6 og den naturlige aromatiske friskhed af lavendel. Parfumen er sp\u00e6ndende, maskulin og klassisk elegant og er en ny og mere sp\u00e6ndende variant af Boss Bottle. Duftnoter: , lavendel, kardemomme, afrikansk viol, jasmin, lauro amarelo, sandeltr\u00e6&auml; &amp; moskus.<\/p>\n","protected":false},"featured_media":112175,"comment_status":"open","ping_status":"closed","template":"","meta":{"_trash_the_other_posts":false},"product_brand":[],"product_cat":[709,735,1000],"product_tag":[2973],"berocket_brand":[1339],"class_list":{"0":"post-112188","1":"product","2":"type-product","3":"status-publish","4":"has-post-thumbnail","6":"product_cat-eau-de-toilette-mr","7":"product_cat-kampagne","8":"product_cat-kampagnetilbud-til-ham","9":"product_tag-hugo-boss-boss-bottled-night-edt","10":"pa_brand-hugo-boss","11":"pa_variant-100ml","12":"berocket_brand-hugo-boss","14":"first","15":"outofstock","16":"sale","17":"taxable","18":"shipping-taxable","19":"purchasable","20":"product-type-simple"},"_links":{"self":[{"href":"https:\/\/stylingagenten.com\/da\/wp-json\/wp\/v2\/product\/112188","targetHints":{"allow":["GET"]}}],"collection":[{"href":"https:\/\/stylingagenten.com\/da\/wp-json\/wp\/v2\/product"}],"about":[{"href":"https:\/\/stylingagenten.com\/da\/wp-json\/wp\/v2\/types\/product"}],"replies":[{"embeddable":true,"href":"https:\/\/stylingagenten.com\/da\/wp-json\/wp\/v2\/comments?post=112188"}],"version-history":[{"count":0,"href":"https:\/\/stylingagenten.com\/da\/wp-json\/wp\/v2\/product\/112188\/revisions"}],"wp:featuredmedia":[{"embeddable":true,"href":"https:\/\/stylingagenten.com\/da\/wp-json\/wp\/v2\/media\/112175"}],"wp:attachment":[{"href":"https:\/\/stylingagenten.com\/da\/wp-json\/wp\/v2\/media?parent=112188"}],"wp:term":[{"taxonomy":"product_brand","embeddable":true,"href":"https:\/\/stylingagenten.com\/da\/wp-json\/wp\/v2\/product_brand?post=112188"},{"taxonomy":"product_cat","embeddable":true,"href":"https:\/\/stylingagenten.com\/da\/wp-json\/wp\/v2\/product_cat?post=112188"},{"taxonomy":"product_tag","embeddable":true,"href":"https:\/\/stylingagenten.com\/da\/wp-json\/wp\/v2\/product_tag?post=112188"},{"taxonomy":"berocket_brand","embeddable":true,"href":"https:\/\/stylingagenten.com\/da\/wp-json\/wp\/v2\/berocket_brand?post=112188"}],"curies":[{"name":"wp","href":"https:\/\/api.w.org\/{rel}","templated":true}]}}