{"id":112127,"date":"2025-05-18T20:58:13","date_gmt":"2025-05-18T20:58:13","guid":{"rendered":"https:\/\/staging2.stylingagenten.com\/da\/produkt\/paco-rabanne-paco-edt-100ml\/"},"modified":"2026-03-30T11:39:01","modified_gmt":"2026-03-30T11:39:01","slug":"paco-rabanne-paco-edt-100ml","status":"publish","type":"product","link":"https:\/\/stylingagenten.com\/da\/produkt\/paco-rabanne-paco-edt-100ml\/","title":{"rendered":"Paco Rabanne Paco Edt 100ml"},"content":{"rendered":"<p>Paco af Paco Rabanne er en Citrus aromatisk duft til kvinder og m\u00e6nd. Parfumen blev lanceret i 1995 og er b\u00e5de forfriskende og berusende. Duften \u00e5bner med saftig mandarin og syrlig Amalfi-citron, der genopliver krop og sind. <br \/>Varm koriander og k\u00f8lig fyrretr\u00e6 bl\u00f8dg\u00f8r s\u00f8dmen af \u200b\u200bcitrusfrugterne. Lavendel er blandet med te, jasmin og cyclamen i hjertet. <br \/>De rige, frodige aromaer giver duften en fylde. Virginia cedertr\u00e6, sandeltr\u00e6, tonkab\u00f8nner og moskus er de st\u00e6rke basisnoter og balancerer de tidligere ingredienser med en sukkerholdig cremethed.<\/p>\n<p>Topnoter: koriander, Amalfi citron, mandarin og fyrretr\u00e6<br \/>Hjertenoter: lavendel , jasmin, te og cyclamen<br \/>Basenoter: moskus, sandeltr\u00e6, virginia cedertr\u00e6 og tonkab\u00f8nner.<\/p>\n","protected":false},"excerpt":{"rendered":"<p>Paco af Paco Rabanne er en Citrus aromatisk duft til kvinder og m\u00e6nd. Parfumen blev lanceret i 1995 og er b\u00e5de forfriskende og berusende. Duften \u00e5bner med saftig mandarin og syrlig Amalfi-citron, der genopliver krop og sind. Varm koriander og k\u00f8lig fyrretr\u00e6 bl\u00f8dg\u00f8r s\u00f8dmen af \u200b\u200bcitrusfrugterne. Lavendel er blandet med te, jasmin og cyclamen i [&hellip;]<\/p>\n","protected":false},"featured_media":112119,"comment_status":"open","ping_status":"closed","template":"","meta":{"_trash_the_other_posts":false},"product_brand":[],"product_cat":[709,735,1000],"product_tag":[],"berocket_brand":[1048],"class_list":{"0":"post-112127","1":"product","2":"type-product","3":"status-publish","4":"has-post-thumbnail","6":"product_cat-eau-de-toilette-mr","7":"product_cat-kampagne","8":"product_cat-kampagnetilbud-til-ham","9":"pa_brand-paco-rabanne","10":"berocket_brand-paco-rabanne","12":"first","13":"instock","14":"sale","15":"taxable","16":"shipping-taxable","17":"purchasable","18":"product-type-simple"},"_links":{"self":[{"href":"https:\/\/stylingagenten.com\/da\/wp-json\/wp\/v2\/product\/112127","targetHints":{"allow":["GET"]}}],"collection":[{"href":"https:\/\/stylingagenten.com\/da\/wp-json\/wp\/v2\/product"}],"about":[{"href":"https:\/\/stylingagenten.com\/da\/wp-json\/wp\/v2\/types\/product"}],"replies":[{"embeddable":true,"href":"https:\/\/stylingagenten.com\/da\/wp-json\/wp\/v2\/comments?post=112127"}],"version-history":[{"count":0,"href":"https:\/\/stylingagenten.com\/da\/wp-json\/wp\/v2\/product\/112127\/revisions"}],"wp:featuredmedia":[{"embeddable":true,"href":"https:\/\/stylingagenten.com\/da\/wp-json\/wp\/v2\/media\/112119"}],"wp:attachment":[{"href":"https:\/\/stylingagenten.com\/da\/wp-json\/wp\/v2\/media?parent=112127"}],"wp:term":[{"taxonomy":"product_brand","embeddable":true,"href":"https:\/\/stylingagenten.com\/da\/wp-json\/wp\/v2\/product_brand?post=112127"},{"taxonomy":"product_cat","embeddable":true,"href":"https:\/\/stylingagenten.com\/da\/wp-json\/wp\/v2\/product_cat?post=112127"},{"taxonomy":"product_tag","embeddable":true,"href":"https:\/\/stylingagenten.com\/da\/wp-json\/wp\/v2\/product_tag?post=112127"},{"taxonomy":"berocket_brand","embeddable":true,"href":"https:\/\/stylingagenten.com\/da\/wp-json\/wp\/v2\/berocket_brand?post=112127"}],"curies":[{"name":"wp","href":"https:\/\/api.w.org\/{rel}","templated":true}]}}