{"id":112115,"date":"2025-05-18T20:58:11","date_gmt":"2025-05-18T20:58:11","guid":{"rendered":"https:\/\/staging2.stylingagenten.com\/da\/produkt\/antonio-banderas-the-secret-edt-100ml\/"},"modified":"2026-04-02T22:58:42","modified_gmt":"2026-04-02T22:58:42","slug":"antonio-banderas-the-secret-edt-100ml","status":"publish","type":"product","link":"https:\/\/stylingagenten.com\/da\/produkt\/antonio-banderas-the-secret-edt-100ml\/","title":{"rendered":"Antonio Banderas The Secret Edt 100ml"},"content":{"rendered":"<p>Antonio Banderas The Secret EdT er en krydret, orientalsk sammens\u00e6tning til den selvsikre mand.&nbsp;<\/p>\n<p><strong>Duftnoter: <\/strong>mynte, grapefrugt, kanel, peber, \u00e6ble, tonkab\u00f8nner , tr\u00e6agtige noter, moskus, l\u00e6der.<\/p>\n","protected":false},"excerpt":{"rendered":"<p>Antonio Banderas The Secret EdT er en krydret, orientalsk sammens\u00e6tning til den selvsikre mand.&nbsp; Duftnoter: mynte, grapefrugt, kanel, peber, \u00e6ble, tonkab\u00f8nner , tr\u00e6agtige noter, moskus, l\u00e6der.<\/p>\n","protected":false},"featured_media":112113,"comment_status":"open","ping_status":"closed","template":"","meta":{"_trash_the_other_posts":false},"product_brand":[],"product_cat":[1003,735,1000,535],"product_tag":[2386],"berocket_brand":[1072],"class_list":{"0":"post-112115","1":"product","2":"type-product","3":"status-publish","4":"has-post-thumbnail","6":"product_cat-bestsellere","7":"product_cat-kampagne","8":"product_cat-kampagnetilbud-til-ham","9":"product_cat-parfumeherren","10":"product_tag-antonio-banderas-the-secret-edt","11":"pa_brand-antonio-banderas","12":"pa_variant-100ml","13":"berocket_brand-antonio-banderas","15":"first","16":"instock","17":"sale","18":"taxable","19":"shipping-taxable","20":"purchasable","21":"product-type-simple"},"_links":{"self":[{"href":"https:\/\/stylingagenten.com\/da\/wp-json\/wp\/v2\/product\/112115","targetHints":{"allow":["GET"]}}],"collection":[{"href":"https:\/\/stylingagenten.com\/da\/wp-json\/wp\/v2\/product"}],"about":[{"href":"https:\/\/stylingagenten.com\/da\/wp-json\/wp\/v2\/types\/product"}],"replies":[{"embeddable":true,"href":"https:\/\/stylingagenten.com\/da\/wp-json\/wp\/v2\/comments?post=112115"}],"version-history":[{"count":0,"href":"https:\/\/stylingagenten.com\/da\/wp-json\/wp\/v2\/product\/112115\/revisions"}],"wp:featuredmedia":[{"embeddable":true,"href":"https:\/\/stylingagenten.com\/da\/wp-json\/wp\/v2\/media\/112113"}],"wp:attachment":[{"href":"https:\/\/stylingagenten.com\/da\/wp-json\/wp\/v2\/media?parent=112115"}],"wp:term":[{"taxonomy":"product_brand","embeddable":true,"href":"https:\/\/stylingagenten.com\/da\/wp-json\/wp\/v2\/product_brand?post=112115"},{"taxonomy":"product_cat","embeddable":true,"href":"https:\/\/stylingagenten.com\/da\/wp-json\/wp\/v2\/product_cat?post=112115"},{"taxonomy":"product_tag","embeddable":true,"href":"https:\/\/stylingagenten.com\/da\/wp-json\/wp\/v2\/product_tag?post=112115"},{"taxonomy":"berocket_brand","embeddable":true,"href":"https:\/\/stylingagenten.com\/da\/wp-json\/wp\/v2\/berocket_brand?post=112115"}],"curies":[{"name":"wp","href":"https:\/\/api.w.org\/{rel}","templated":true}]}}