{"id":112019,"date":"2025-05-18T20:57:49","date_gmt":"2025-05-18T20:57:49","guid":{"rendered":"https:\/\/staging2.stylingagenten.com\/da\/produkt\/diesel-fuel-for-life-for-him-edt-125ml\/"},"modified":"2025-11-19T11:41:19","modified_gmt":"2025-11-19T11:41:19","slug":"diesel-fuel-for-life-for-him-edt-125ml","status":"publish","type":"product","link":"https:\/\/stylingagenten.com\/da\/produkt\/diesel-fuel-for-life-for-him-edt-125ml\/","title":{"rendered":"Diesel Fuel For Life For Him Edt 125ml"},"content":{"rendered":"<p>Diesel Fuel For Life For Him er en moderne og aromatisk duft med noter af blandt andet stjerneanis, grapefrugt og tr\u00e6. Sammen danner ingredienserne en maskulin og karakteristisk sammens\u00e6tning.<\/p>\n<p><strong>Duftnoter:<\/strong> stjerneanis, grapefrugt, lavendel, hindb\u00e6r, heliotop, tj\u00f8rn, vanilje, vetiver &amp; cedertr\u00e6&auml;.<\/p>\n","protected":false},"excerpt":{"rendered":"<p>Diesel Fuel For Life For Him er en moderne og aromatisk duft med noter af blandt andet stjerneanis, grapefrugt og tr\u00e6. Sammen danner ingredienserne en maskulin og karakteristisk sammens\u00e6tning. Duftnoter: stjerneanis, grapefrugt, lavendel, hindb\u00e6r, heliotop, tj\u00f8rn, vanilje, vetiver &amp; cedertr\u00e6&auml;.<\/p>\n","protected":false},"featured_media":171229,"comment_status":"open","ping_status":"closed","template":"","meta":{"_trash_the_other_posts":false},"product_brand":[],"product_cat":[828,709],"product_tag":[2802],"berocket_brand":[1288],"class_list":{"0":"post-112019","1":"product","2":"type-product","3":"status-publish","4":"has-post-thumbnail","6":"product_cat-diesel-fuel-for-life-man","7":"product_cat-eau-de-toilette-mr","8":"product_tag-diesel-fuel-for-life-for-him-edt","9":"pa_brand-diesel","10":"pa_variant-125ml","11":"berocket_brand-diesel","13":"first","14":"outofstock","15":"sale","16":"taxable","17":"shipping-taxable","18":"purchasable","19":"product-type-simple"},"_links":{"self":[{"href":"https:\/\/stylingagenten.com\/da\/wp-json\/wp\/v2\/product\/112019","targetHints":{"allow":["GET"]}}],"collection":[{"href":"https:\/\/stylingagenten.com\/da\/wp-json\/wp\/v2\/product"}],"about":[{"href":"https:\/\/stylingagenten.com\/da\/wp-json\/wp\/v2\/types\/product"}],"replies":[{"embeddable":true,"href":"https:\/\/stylingagenten.com\/da\/wp-json\/wp\/v2\/comments?post=112019"}],"version-history":[{"count":0,"href":"https:\/\/stylingagenten.com\/da\/wp-json\/wp\/v2\/product\/112019\/revisions"}],"wp:featuredmedia":[{"embeddable":true,"href":"https:\/\/stylingagenten.com\/da\/wp-json\/wp\/v2\/media\/171229"}],"wp:attachment":[{"href":"https:\/\/stylingagenten.com\/da\/wp-json\/wp\/v2\/media?parent=112019"}],"wp:term":[{"taxonomy":"product_brand","embeddable":true,"href":"https:\/\/stylingagenten.com\/da\/wp-json\/wp\/v2\/product_brand?post=112019"},{"taxonomy":"product_cat","embeddable":true,"href":"https:\/\/stylingagenten.com\/da\/wp-json\/wp\/v2\/product_cat?post=112019"},{"taxonomy":"product_tag","embeddable":true,"href":"https:\/\/stylingagenten.com\/da\/wp-json\/wp\/v2\/product_tag?post=112019"},{"taxonomy":"berocket_brand","embeddable":true,"href":"https:\/\/stylingagenten.com\/da\/wp-json\/wp\/v2\/berocket_brand?post=112019"}],"curies":[{"name":"wp","href":"https:\/\/api.w.org\/{rel}","templated":true}]}}