{"id":112016,"date":"2025-05-18T20:57:49","date_gmt":"2025-05-18T20:57:49","guid":{"rendered":"https:\/\/staging2.stylingagenten.com\/da\/produkt\/versace-pour-homme-edt-100ml\/"},"modified":"2026-03-28T13:48:31","modified_gmt":"2026-03-28T13:48:31","slug":"versace-pour-homme-edt-100ml","status":"publish","type":"product","link":"https:\/\/stylingagenten.com\/da\/produkt\/versace-pour-homme-edt-100ml\/","title":{"rendered":"Versace Pour Homme Edt 100ml"},"content":{"rendered":"<p>Versace Pour Homme Edt 100ml er en klassisk og samtidig moderne parfume med imponerende og l\u00e6kre ingredienser, der tilsammen danner en aromatisk tr\u00e6agtig duft. Det er en duft til m\u00e6nd, der ikke er klar til mode. Til selvsikre m\u00e6nd med st\u00e6rke personligheder.<\/p>\n<p>Duftnoter: bergamot, neroli, citron, appelsinblad, geranium, salvie, hyacint, cedertr\u00e6, ambra, &ouml;rntr&auml;, moskus &amp; tonkab&ouml;na.<\/p>\n","protected":false},"excerpt":{"rendered":"<p>Versace Pour Homme Edt 100ml er en klassisk og samtidig moderne parfume med imponerende og l\u00e6kre ingredienser, der tilsammen danner en aromatisk tr\u00e6agtig duft. Det er en duft til m\u00e6nd, der ikke er klar til mode. Til selvsikre m\u00e6nd med st\u00e6rke personligheder. Duftnoter: bergamot, neroli, citron, appelsinblad, geranium, salvie, hyacint, cedertr\u00e6, ambra, &ouml;rntr&auml;, moskus &amp; [&hellip;]<\/p>\n","protected":false},"featured_media":112015,"comment_status":"open","ping_status":"closed","template":"","meta":{"_trash_the_other_posts":false},"product_brand":[],"product_cat":[1003,709,735,1000],"product_tag":[4051],"berocket_brand":[1083],"class_list":{"0":"post-112016","1":"product","2":"type-product","3":"status-publish","4":"has-post-thumbnail","6":"product_cat-bestsellere","7":"product_cat-eau-de-toilette-mr","8":"product_cat-kampagne","9":"product_cat-kampagnetilbud-til-ham","10":"product_tag-versace-pour-homme-edt","11":"pa_brand-versace","12":"pa_variant-100ml","13":"berocket_brand-versace","15":"first","16":"instock","17":"sale","18":"taxable","19":"shipping-taxable","20":"purchasable","21":"product-type-simple"},"_links":{"self":[{"href":"https:\/\/stylingagenten.com\/da\/wp-json\/wp\/v2\/product\/112016","targetHints":{"allow":["GET"]}}],"collection":[{"href":"https:\/\/stylingagenten.com\/da\/wp-json\/wp\/v2\/product"}],"about":[{"href":"https:\/\/stylingagenten.com\/da\/wp-json\/wp\/v2\/types\/product"}],"replies":[{"embeddable":true,"href":"https:\/\/stylingagenten.com\/da\/wp-json\/wp\/v2\/comments?post=112016"}],"version-history":[{"count":0,"href":"https:\/\/stylingagenten.com\/da\/wp-json\/wp\/v2\/product\/112016\/revisions"}],"wp:featuredmedia":[{"embeddable":true,"href":"https:\/\/stylingagenten.com\/da\/wp-json\/wp\/v2\/media\/112015"}],"wp:attachment":[{"href":"https:\/\/stylingagenten.com\/da\/wp-json\/wp\/v2\/media?parent=112016"}],"wp:term":[{"taxonomy":"product_brand","embeddable":true,"href":"https:\/\/stylingagenten.com\/da\/wp-json\/wp\/v2\/product_brand?post=112016"},{"taxonomy":"product_cat","embeddable":true,"href":"https:\/\/stylingagenten.com\/da\/wp-json\/wp\/v2\/product_cat?post=112016"},{"taxonomy":"product_tag","embeddable":true,"href":"https:\/\/stylingagenten.com\/da\/wp-json\/wp\/v2\/product_tag?post=112016"},{"taxonomy":"berocket_brand","embeddable":true,"href":"https:\/\/stylingagenten.com\/da\/wp-json\/wp\/v2\/berocket_brand?post=112016"}],"curies":[{"name":"wp","href":"https:\/\/api.w.org\/{rel}","templated":true}]}}