{"id":111988,"date":"2025-05-18T20:57:42","date_gmt":"2025-05-18T20:57:42","guid":{"rendered":"https:\/\/staging2.stylingagenten.com\/da\/produkt\/creed-silver-mountain-water-edp-100ml\/"},"modified":"2026-03-25T14:29:05","modified_gmt":"2026-03-25T14:29:05","slug":"creed-silver-mountain-water-edp-100ml","status":"publish","type":"product","link":"https:\/\/stylingagenten.com\/da\/produkt\/creed-silver-mountain-water-edp-100ml\/","title":{"rendered":"Creed Silver Mountain Water Edp 100ml"},"content":{"rendered":"<p><strong>Silver Mountain Water<\/strong> fra Creed er en aromatisk duft til kvinder og m\u00e6nd. Silver Mountain Water blev lanceret i 1995. Silver Mountain Water blev designet til at fremkalde de glitrende vandstr\u00f8mme i de schweiziske alper.<\/p>\n<p>Topnoter: Bergamot og mandarin<br \/>Hjertenoter: Gr\u00f8n te og sorte druer<br \/>Basenoter: moskus, petitgrain, sandeltr\u00e6; og galbanum.<\/p>\n","protected":false},"excerpt":{"rendered":"<p>Silver Mountain Water fra Creed er en aromatisk duft til kvinder og m\u00e6nd. Silver Mountain Water blev lanceret i 1995. Silver Mountain Water blev designet til at fremkalde de glitrende vandstr\u00f8mme i de schweiziske alper. Topnoter: Bergamot og mandarinHjertenoter: Gr\u00f8n te og sorte druerBasenoter: moskus, petitgrain, sandeltr\u00e6; og galbanum.<\/p>\n","protected":false},"featured_media":111985,"comment_status":"open","ping_status":"closed","template":"","meta":{"_trash_the_other_posts":false},"product_brand":[],"product_cat":[708,735,1000],"product_tag":[2744],"berocket_brand":[1236],"class_list":{"0":"post-111988","1":"product","2":"type-product","3":"status-publish","4":"has-post-thumbnail","6":"product_cat-eau-de-parfum-gentr","7":"product_cat-kampagne","8":"product_cat-kampagnetilbud-til-ham","9":"product_tag-creed-silver-mountain-water-edp","10":"pa_brand-creed","11":"pa_variant-100ml","12":"berocket_brand-creed","14":"first","15":"instock","16":"sale","17":"taxable","18":"shipping-taxable","19":"purchasable","20":"product-type-simple"},"_links":{"self":[{"href":"https:\/\/stylingagenten.com\/da\/wp-json\/wp\/v2\/product\/111988","targetHints":{"allow":["GET"]}}],"collection":[{"href":"https:\/\/stylingagenten.com\/da\/wp-json\/wp\/v2\/product"}],"about":[{"href":"https:\/\/stylingagenten.com\/da\/wp-json\/wp\/v2\/types\/product"}],"replies":[{"embeddable":true,"href":"https:\/\/stylingagenten.com\/da\/wp-json\/wp\/v2\/comments?post=111988"}],"version-history":[{"count":0,"href":"https:\/\/stylingagenten.com\/da\/wp-json\/wp\/v2\/product\/111988\/revisions"}],"wp:featuredmedia":[{"embeddable":true,"href":"https:\/\/stylingagenten.com\/da\/wp-json\/wp\/v2\/media\/111985"}],"wp:attachment":[{"href":"https:\/\/stylingagenten.com\/da\/wp-json\/wp\/v2\/media?parent=111988"}],"wp:term":[{"taxonomy":"product_brand","embeddable":true,"href":"https:\/\/stylingagenten.com\/da\/wp-json\/wp\/v2\/product_brand?post=111988"},{"taxonomy":"product_cat","embeddable":true,"href":"https:\/\/stylingagenten.com\/da\/wp-json\/wp\/v2\/product_cat?post=111988"},{"taxonomy":"product_tag","embeddable":true,"href":"https:\/\/stylingagenten.com\/da\/wp-json\/wp\/v2\/product_tag?post=111988"},{"taxonomy":"berocket_brand","embeddable":true,"href":"https:\/\/stylingagenten.com\/da\/wp-json\/wp\/v2\/berocket_brand?post=111988"}],"curies":[{"name":"wp","href":"https:\/\/api.w.org\/{rel}","templated":true}]}}