{"id":111986,"date":"2025-05-18T20:57:42","date_gmt":"2025-05-18T20:57:42","guid":{"rendered":"https:\/\/staging2.stylingagenten.com\/da\/produkt\/moschino-toy-boy-mini-edp-5ml\/"},"modified":"2026-04-07T19:17:51","modified_gmt":"2026-04-07T19:17:51","slug":"moschino-toy-boy-mini-edp-5ml","status":"publish","type":"product","link":"https:\/\/stylingagenten.com\/da\/produkt\/moschino-toy-boy-mini-edp-5ml\/","title":{"rendered":"Moschino Toy Boy Mini Edp 5ml"},"content":{"rendered":"<p>Toy Boy Eau de Parfum, den nye ikoniske duft fra Moschino.<br \/>Toy Boy er en eksklusiv duft, der fortolker elegance med et strejf af ironi. Den taler til en unik, dynamisk, entusiastisk og passioneret person, men som ikke er bange for at vise sin s\u00f8de og legende side.<\/p>\n<p>Topnoter: Italiensk bergamot, p\u00e6re, muskatn\u00f8d, pink peber og nelliker.<br \/> Hjertenoter: Magnolia, rose og h\u00f8rblomster, kashmir<br \/>Basenoter: rav, vetiver<\/p>\n","protected":false},"excerpt":{"rendered":"<p>Toy Boy Eau de Parfum, den nye ikoniske duft fra Moschino.Toy Boy er en eksklusiv duft, der fortolker elegance med et strejf af ironi. Den taler til en unik, dynamisk, entusiastisk og passioneret person, men som ikke er bange for at vise sin s\u00f8de og legende side. Topnoter: Italiensk bergamot, p\u00e6re, muskatn\u00f8d, pink peber og [&hellip;]<\/p>\n","protected":false},"featured_media":111981,"comment_status":"open","ping_status":"closed","template":"","meta":{"_trash_the_other_posts":false},"product_brand":[],"product_cat":[708,735,1000],"product_tag":[],"berocket_brand":[1084],"class_list":{"0":"post-111986","1":"product","2":"type-product","3":"status-publish","4":"has-post-thumbnail","6":"product_cat-eau-de-parfum-gentr","7":"product_cat-kampagne","8":"product_cat-kampagnetilbud-til-ham","9":"pa_brand-moschino","10":"berocket_brand-moschino","12":"first","13":"instock","14":"sale","15":"taxable","16":"shipping-taxable","17":"purchasable","18":"product-type-simple"},"_links":{"self":[{"href":"https:\/\/stylingagenten.com\/da\/wp-json\/wp\/v2\/product\/111986","targetHints":{"allow":["GET"]}}],"collection":[{"href":"https:\/\/stylingagenten.com\/da\/wp-json\/wp\/v2\/product"}],"about":[{"href":"https:\/\/stylingagenten.com\/da\/wp-json\/wp\/v2\/types\/product"}],"replies":[{"embeddable":true,"href":"https:\/\/stylingagenten.com\/da\/wp-json\/wp\/v2\/comments?post=111986"}],"version-history":[{"count":0,"href":"https:\/\/stylingagenten.com\/da\/wp-json\/wp\/v2\/product\/111986\/revisions"}],"wp:featuredmedia":[{"embeddable":true,"href":"https:\/\/stylingagenten.com\/da\/wp-json\/wp\/v2\/media\/111981"}],"wp:attachment":[{"href":"https:\/\/stylingagenten.com\/da\/wp-json\/wp\/v2\/media?parent=111986"}],"wp:term":[{"taxonomy":"product_brand","embeddable":true,"href":"https:\/\/stylingagenten.com\/da\/wp-json\/wp\/v2\/product_brand?post=111986"},{"taxonomy":"product_cat","embeddable":true,"href":"https:\/\/stylingagenten.com\/da\/wp-json\/wp\/v2\/product_cat?post=111986"},{"taxonomy":"product_tag","embeddable":true,"href":"https:\/\/stylingagenten.com\/da\/wp-json\/wp\/v2\/product_tag?post=111986"},{"taxonomy":"berocket_brand","embeddable":true,"href":"https:\/\/stylingagenten.com\/da\/wp-json\/wp\/v2\/berocket_brand?post=111986"}],"curies":[{"name":"wp","href":"https:\/\/api.w.org\/{rel}","templated":true}]}}