{"id":111917,"date":"2025-05-18T20:57:26","date_gmt":"2025-05-18T20:57:26","guid":{"rendered":"https:\/\/staging2.stylingagenten.com\/da\/produkt\/cristiano-ronaldo-cr7-game-on-edt-100ml\/"},"modified":"2026-03-25T17:38:59","modified_gmt":"2026-03-25T17:38:59","slug":"cristiano-ronaldo-cr7-game-on-edt-100ml","status":"publish","type":"product","link":"https:\/\/stylingagenten.com\/da\/produkt\/cristiano-ronaldo-cr7-game-on-edt-100ml\/","title":{"rendered":"Cristiano Ronaldo CR7 Game On Edt 100ml"},"content":{"rendered":"<p>CR7 Game On af Cristiano Ronaldo er en tr\u00e6agtig aromatisk duft til m\u00e6nd. <\/p>\n<p>Topnoter: Papaya, is, kardemomme og \u00e6ble <br \/>Hjertenoter: Lavendel, Violet og Elemi-harpiks <br \/>Basenoter: Tonkab\u00f8nne, cedertr\u00e6, sukker, eneb\u00e6r, kashmirtr\u00e6 og guajaktr\u00e6.<\/p>\n","protected":false},"excerpt":{"rendered":"<p>CR7 Game On af Cristiano Ronaldo er en tr\u00e6agtig aromatisk duft til m\u00e6nd. Topnoter: Papaya, is, kardemomme og \u00e6ble Hjertenoter: Lavendel, Violet og Elemi-harpiks Basenoter: Tonkab\u00f8nne, cedertr\u00e6, sukker, eneb\u00e6r, kashmirtr\u00e6 og guajaktr\u00e6.<\/p>\n","protected":false},"featured_media":111915,"comment_status":"open","ping_status":"closed","template":"","meta":{"_trash_the_other_posts":false},"product_brand":[],"product_cat":[814,709,735,1000],"product_tag":[2749],"berocket_brand":[1141],"class_list":{"0":"post-111917","1":"product","2":"type-product","3":"status-publish","4":"has-post-thumbnail","6":"product_cat-cristiano-ronaldo-cr7","7":"product_cat-eau-de-toilette-mr","8":"product_cat-kampagne","9":"product_cat-kampagnetilbud-til-ham","10":"product_tag-cristiano-ronaldo-cr7-game-on-edt","11":"pa_brand-cristiano-ronaldo","12":"pa_variant-100ml","13":"berocket_brand-cristiano-ronaldo","15":"first","16":"instock","17":"sale","18":"taxable","19":"shipping-taxable","20":"purchasable","21":"product-type-simple"},"_links":{"self":[{"href":"https:\/\/stylingagenten.com\/da\/wp-json\/wp\/v2\/product\/111917","targetHints":{"allow":["GET"]}}],"collection":[{"href":"https:\/\/stylingagenten.com\/da\/wp-json\/wp\/v2\/product"}],"about":[{"href":"https:\/\/stylingagenten.com\/da\/wp-json\/wp\/v2\/types\/product"}],"replies":[{"embeddable":true,"href":"https:\/\/stylingagenten.com\/da\/wp-json\/wp\/v2\/comments?post=111917"}],"version-history":[{"count":0,"href":"https:\/\/stylingagenten.com\/da\/wp-json\/wp\/v2\/product\/111917\/revisions"}],"wp:featuredmedia":[{"embeddable":true,"href":"https:\/\/stylingagenten.com\/da\/wp-json\/wp\/v2\/media\/111915"}],"wp:attachment":[{"href":"https:\/\/stylingagenten.com\/da\/wp-json\/wp\/v2\/media?parent=111917"}],"wp:term":[{"taxonomy":"product_brand","embeddable":true,"href":"https:\/\/stylingagenten.com\/da\/wp-json\/wp\/v2\/product_brand?post=111917"},{"taxonomy":"product_cat","embeddable":true,"href":"https:\/\/stylingagenten.com\/da\/wp-json\/wp\/v2\/product_cat?post=111917"},{"taxonomy":"product_tag","embeddable":true,"href":"https:\/\/stylingagenten.com\/da\/wp-json\/wp\/v2\/product_tag?post=111917"},{"taxonomy":"berocket_brand","embeddable":true,"href":"https:\/\/stylingagenten.com\/da\/wp-json\/wp\/v2\/berocket_brand?post=111917"}],"curies":[{"name":"wp","href":"https:\/\/api.w.org\/{rel}","templated":true}]}}