{"id":111906,"date":"2025-05-18T20:57:23","date_gmt":"2025-05-18T20:57:23","guid":{"rendered":"https:\/\/staging2.stylingagenten.com\/da\/produkt\/paco-rabanne-dangerous-me-edp-62ml\/"},"modified":"2026-03-22T14:07:40","modified_gmt":"2026-03-22T14:07:40","slug":"paco-rabanne-dangerous-me-edp-62ml","status":"publish","type":"product","link":"https:\/\/stylingagenten.com\/da\/produkt\/paco-rabanne-dangerous-me-edp-62ml\/","title":{"rendered":"Paco Rabanne Dangerous Me Edp 62ml"},"content":{"rendered":"<p>Dangerous Me.<br \/>Fr\u00e6k, mindev\u00e6rdig, uudslettelig, en dufttatovering \u00e6tset p\u00e5 huden. Parfumen af \u200b\u200bbl\u00e6k og vanilje, beriget med gr\u00e5 rav, ingef\u00e6r og cedertr\u00e6. Sukker og krydderier med et m\u00f8rkt, tr\u00e6agtigt twist.<\/p>\n","protected":false},"excerpt":{"rendered":"<p>Dangerous Me.Fr\u00e6k, mindev\u00e6rdig, uudslettelig, en dufttatovering \u00e6tset p\u00e5 huden. Parfumen af \u200b\u200bbl\u00e6k og vanilje, beriget med gr\u00e5 rav, ingef\u00e6r og cedertr\u00e6. Sukker og krydderier med et m\u00f8rkt, tr\u00e6agtigt twist.<\/p>\n","protected":false},"featured_media":111903,"comment_status":"open","ping_status":"closed","template":"","meta":{"_trash_the_other_posts":false},"product_brand":[],"product_cat":[708,735,1006,1000,713],"product_tag":[],"berocket_brand":[1048],"class_list":{"0":"post-111906","1":"product","2":"type-product","3":"status-publish","4":"has-post-thumbnail","6":"product_cat-eau-de-parfum-gentr","7":"product_cat-kampagne","8":"product_cat-kampagnepris","9":"product_cat-kampagnetilbud-til-ham","10":"product_cat-parfume-unisex","11":"pa_brand-paco-rabanne","12":"berocket_brand-paco-rabanne","14":"first","15":"instock","16":"sale","17":"taxable","18":"shipping-taxable","19":"purchasable","20":"product-type-simple"},"_links":{"self":[{"href":"https:\/\/stylingagenten.com\/da\/wp-json\/wp\/v2\/product\/111906","targetHints":{"allow":["GET"]}}],"collection":[{"href":"https:\/\/stylingagenten.com\/da\/wp-json\/wp\/v2\/product"}],"about":[{"href":"https:\/\/stylingagenten.com\/da\/wp-json\/wp\/v2\/types\/product"}],"replies":[{"embeddable":true,"href":"https:\/\/stylingagenten.com\/da\/wp-json\/wp\/v2\/comments?post=111906"}],"version-history":[{"count":0,"href":"https:\/\/stylingagenten.com\/da\/wp-json\/wp\/v2\/product\/111906\/revisions"}],"wp:featuredmedia":[{"embeddable":true,"href":"https:\/\/stylingagenten.com\/da\/wp-json\/wp\/v2\/media\/111903"}],"wp:attachment":[{"href":"https:\/\/stylingagenten.com\/da\/wp-json\/wp\/v2\/media?parent=111906"}],"wp:term":[{"taxonomy":"product_brand","embeddable":true,"href":"https:\/\/stylingagenten.com\/da\/wp-json\/wp\/v2\/product_brand?post=111906"},{"taxonomy":"product_cat","embeddable":true,"href":"https:\/\/stylingagenten.com\/da\/wp-json\/wp\/v2\/product_cat?post=111906"},{"taxonomy":"product_tag","embeddable":true,"href":"https:\/\/stylingagenten.com\/da\/wp-json\/wp\/v2\/product_tag?post=111906"},{"taxonomy":"berocket_brand","embeddable":true,"href":"https:\/\/stylingagenten.com\/da\/wp-json\/wp\/v2\/berocket_brand?post=111906"}],"curies":[{"name":"wp","href":"https:\/\/api.w.org\/{rel}","templated":true}]}}