{"id":111901,"date":"2025-05-18T20:57:22","date_gmt":"2025-05-18T20:57:22","guid":{"rendered":"https:\/\/staging2.stylingagenten.com\/da\/produkt\/paco-rabanne-crazy-me-edp-62ml\/"},"modified":"2026-03-11T20:34:33","modified_gmt":"2026-03-11T20:34:33","slug":"paco-rabanne-crazy-me-edp-62ml","status":"publish","type":"product","link":"https:\/\/stylingagenten.com\/da\/produkt\/paco-rabanne-crazy-me-edp-62ml\/","title":{"rendered":"Paco Rabanne Crazy Me Edp 62ml"},"content":{"rendered":"<p>Crazy me, unisex eau de parfum, en moderne og overraskende fortolkning af mimosablomsten.<br \/> Et strejf af wasabi, fl\u00f8jlsbl\u00f8d mimosa. Bl\u00f8d og skarp. En blomsterduft, forvandlet af Paco Rabanne.<br \/>Pulveragtig, honningagtig mimosa rystes op med wasabi: gr\u00f8nt metal sk\u00e6rer gennem runde, fyldige solb\u00e6r og sandeltr\u00e6.<\/p>\n","protected":false},"excerpt":{"rendered":"<p>Crazy me, unisex eau de parfum, en moderne og overraskende fortolkning af mimosablomsten. Et strejf af wasabi, fl\u00f8jlsbl\u00f8d mimosa. Bl\u00f8d og skarp. En blomsterduft, forvandlet af Paco Rabanne.Pulveragtig, honningagtig mimosa rystes op med wasabi: gr\u00f8nt metal sk\u00e6rer gennem runde, fyldige solb\u00e6r og sandeltr\u00e6.<\/p>\n","protected":false},"featured_media":111900,"comment_status":"open","ping_status":"closed","template":"","meta":{"_trash_the_other_posts":false},"product_brand":[],"product_cat":[708,1006,713],"product_tag":[],"berocket_brand":[1048],"class_list":{"0":"post-111901","1":"product","2":"type-product","3":"status-publish","4":"has-post-thumbnail","6":"product_cat-eau-de-parfum-gentr","7":"product_cat-kampagnepris","8":"product_cat-parfume-unisex","9":"pa_brand-paco-rabanne","10":"berocket_brand-paco-rabanne","12":"first","13":"instock","14":"sale","15":"taxable","16":"shipping-taxable","17":"purchasable","18":"product-type-simple"},"_links":{"self":[{"href":"https:\/\/stylingagenten.com\/da\/wp-json\/wp\/v2\/product\/111901","targetHints":{"allow":["GET"]}}],"collection":[{"href":"https:\/\/stylingagenten.com\/da\/wp-json\/wp\/v2\/product"}],"about":[{"href":"https:\/\/stylingagenten.com\/da\/wp-json\/wp\/v2\/types\/product"}],"replies":[{"embeddable":true,"href":"https:\/\/stylingagenten.com\/da\/wp-json\/wp\/v2\/comments?post=111901"}],"version-history":[{"count":0,"href":"https:\/\/stylingagenten.com\/da\/wp-json\/wp\/v2\/product\/111901\/revisions"}],"wp:featuredmedia":[{"embeddable":true,"href":"https:\/\/stylingagenten.com\/da\/wp-json\/wp\/v2\/media\/111900"}],"wp:attachment":[{"href":"https:\/\/stylingagenten.com\/da\/wp-json\/wp\/v2\/media?parent=111901"}],"wp:term":[{"taxonomy":"product_brand","embeddable":true,"href":"https:\/\/stylingagenten.com\/da\/wp-json\/wp\/v2\/product_brand?post=111901"},{"taxonomy":"product_cat","embeddable":true,"href":"https:\/\/stylingagenten.com\/da\/wp-json\/wp\/v2\/product_cat?post=111901"},{"taxonomy":"product_tag","embeddable":true,"href":"https:\/\/stylingagenten.com\/da\/wp-json\/wp\/v2\/product_tag?post=111901"},{"taxonomy":"berocket_brand","embeddable":true,"href":"https:\/\/stylingagenten.com\/da\/wp-json\/wp\/v2\/berocket_brand?post=111901"}],"curies":[{"name":"wp","href":"https:\/\/api.w.org\/{rel}","templated":true}]}}