{"id":111870,"date":"2025-05-18T20:57:12","date_gmt":"2025-05-18T20:57:12","guid":{"rendered":"https:\/\/staging2.stylingagenten.com\/da\/produkt\/john-varvatos-artisan-pure-edt-125ml\/"},"modified":"2026-03-26T18:21:36","modified_gmt":"2026-03-26T18:21:36","slug":"john-varvatos-artisan-pure-edt-125ml","status":"publish","type":"product","link":"https:\/\/stylingagenten.com\/da\/produkt\/john-varvatos-artisan-pure-edt-125ml\/","title":{"rendered":"John Varvatos Artisan Pure Edt 125ml"},"content":{"rendered":"<p>Artisan Pure af John Varvatos er en Citrus duft til m\u00e6nd. <\/p>\n<p>Topnoter: Clementine, Mandarin, Citron, Bergamot, Timian og Merian <br \/>Hjertenoter: Petitgrain og ingef\u00e6r <br \/>Basenoter: tr\u00e6agtige noter, moskus, orrisrod og ambra<\/p>\n","protected":false},"excerpt":{"rendered":"<p>Artisan Pure af John Varvatos er en Citrus duft til m\u00e6nd. Topnoter: Clementine, Mandarin, Citron, Bergamot, Timian og Merian Hjertenoter: Petitgrain og ingef\u00e6r Basenoter: tr\u00e6agtige noter, moskus, orrisrod og ambra<\/p>\n","protected":false},"featured_media":111868,"comment_status":"open","ping_status":"closed","template":"","meta":{"_trash_the_other_posts":false},"product_brand":[],"product_cat":[709,914,735,1000],"product_tag":[],"berocket_brand":[1146],"class_list":{"0":"post-111870","1":"product","2":"type-product","3":"status-publish","4":"has-post-thumbnail","6":"product_cat-eau-de-toilette-mr","7":"product_cat-john-varvatos-artisan","8":"product_cat-kampagne","9":"product_cat-kampagnetilbud-til-ham","10":"pa_brand-john-varvatos","11":"berocket_brand-john-varvatos","13":"first","14":"instock","15":"sale","16":"taxable","17":"shipping-taxable","18":"purchasable","19":"product-type-simple"},"_links":{"self":[{"href":"https:\/\/stylingagenten.com\/da\/wp-json\/wp\/v2\/product\/111870","targetHints":{"allow":["GET"]}}],"collection":[{"href":"https:\/\/stylingagenten.com\/da\/wp-json\/wp\/v2\/product"}],"about":[{"href":"https:\/\/stylingagenten.com\/da\/wp-json\/wp\/v2\/types\/product"}],"replies":[{"embeddable":true,"href":"https:\/\/stylingagenten.com\/da\/wp-json\/wp\/v2\/comments?post=111870"}],"version-history":[{"count":0,"href":"https:\/\/stylingagenten.com\/da\/wp-json\/wp\/v2\/product\/111870\/revisions"}],"wp:featuredmedia":[{"embeddable":true,"href":"https:\/\/stylingagenten.com\/da\/wp-json\/wp\/v2\/media\/111868"}],"wp:attachment":[{"href":"https:\/\/stylingagenten.com\/da\/wp-json\/wp\/v2\/media?parent=111870"}],"wp:term":[{"taxonomy":"product_brand","embeddable":true,"href":"https:\/\/stylingagenten.com\/da\/wp-json\/wp\/v2\/product_brand?post=111870"},{"taxonomy":"product_cat","embeddable":true,"href":"https:\/\/stylingagenten.com\/da\/wp-json\/wp\/v2\/product_cat?post=111870"},{"taxonomy":"product_tag","embeddable":true,"href":"https:\/\/stylingagenten.com\/da\/wp-json\/wp\/v2\/product_tag?post=111870"},{"taxonomy":"berocket_brand","embeddable":true,"href":"https:\/\/stylingagenten.com\/da\/wp-json\/wp\/v2\/berocket_brand?post=111870"}],"curies":[{"name":"wp","href":"https:\/\/api.w.org\/{rel}","templated":true}]}}