{"id":111852,"date":"2025-05-18T20:57:08","date_gmt":"2025-05-18T20:57:08","guid":{"rendered":"https:\/\/staging2.stylingagenten.com\/da\/produkt\/antonio-banderas-the-icon-elixir-edp-100ml\/"},"modified":"2026-03-25T14:29:57","modified_gmt":"2026-03-25T14:29:57","slug":"antonio-banderas-the-icon-elixir-edp-100ml","status":"publish","type":"product","link":"https:\/\/stylingagenten.com\/da\/produkt\/antonio-banderas-the-icon-elixir-edp-100ml\/","title":{"rendered":"Antonio Banderas The Icon Elixir Edp 100ml"},"content":{"rendered":"<p>Icon Elixir, et nyt niveau af intensitet og lang levetid i The Icon-kollektionen af \u200b\u200bAntonio Banderas.<br \/>Icon Elixir er en eau de parfum med en mangefacetteret, tr\u00e6agtig krydret aroma. Den byder dig velkommen med salte noter af kardemomme, mandarin og ingef\u00e6r, suppleret med friske dufte af lavendel og geranium. I bunden er der tr\u00e6agtige noter af cedertr\u00e6, varmt rav og moskus, der understreger maskulinitet og efterlader en unik f\u00f8lelse af selvtillid og succes. En duft, der vil vise dine bedste sider og inspirere til nye pr\u00e6stationer.<\/p>\n","protected":false},"excerpt":{"rendered":"<p>Icon Elixir, et nyt niveau af intensitet og lang levetid i The Icon-kollektionen af \u200b\u200bAntonio Banderas.Icon Elixir er en eau de parfum med en mangefacetteret, tr\u00e6agtig krydret aroma. Den byder dig velkommen med salte noter af kardemomme, mandarin og ingef\u00e6r, suppleret med friske dufte af lavendel og geranium. I bunden er der tr\u00e6agtige noter af [&hellip;]<\/p>\n","protected":false},"featured_media":111849,"comment_status":"open","ping_status":"closed","template":"","meta":{"_trash_the_other_posts":false},"product_brand":[],"product_cat":[708],"product_tag":[],"berocket_brand":[1072],"class_list":{"0":"post-111852","1":"product","2":"type-product","3":"status-publish","4":"has-post-thumbnail","6":"product_cat-eau-de-parfum-gentr","7":"pa_brand-antonio-banderas","8":"berocket_brand-antonio-banderas","10":"first","11":"instock","12":"sale","13":"taxable","14":"shipping-taxable","15":"purchasable","16":"product-type-simple"},"_links":{"self":[{"href":"https:\/\/stylingagenten.com\/da\/wp-json\/wp\/v2\/product\/111852","targetHints":{"allow":["GET"]}}],"collection":[{"href":"https:\/\/stylingagenten.com\/da\/wp-json\/wp\/v2\/product"}],"about":[{"href":"https:\/\/stylingagenten.com\/da\/wp-json\/wp\/v2\/types\/product"}],"replies":[{"embeddable":true,"href":"https:\/\/stylingagenten.com\/da\/wp-json\/wp\/v2\/comments?post=111852"}],"version-history":[{"count":0,"href":"https:\/\/stylingagenten.com\/da\/wp-json\/wp\/v2\/product\/111852\/revisions"}],"wp:featuredmedia":[{"embeddable":true,"href":"https:\/\/stylingagenten.com\/da\/wp-json\/wp\/v2\/media\/111849"}],"wp:attachment":[{"href":"https:\/\/stylingagenten.com\/da\/wp-json\/wp\/v2\/media?parent=111852"}],"wp:term":[{"taxonomy":"product_brand","embeddable":true,"href":"https:\/\/stylingagenten.com\/da\/wp-json\/wp\/v2\/product_brand?post=111852"},{"taxonomy":"product_cat","embeddable":true,"href":"https:\/\/stylingagenten.com\/da\/wp-json\/wp\/v2\/product_cat?post=111852"},{"taxonomy":"product_tag","embeddable":true,"href":"https:\/\/stylingagenten.com\/da\/wp-json\/wp\/v2\/product_tag?post=111852"},{"taxonomy":"berocket_brand","embeddable":true,"href":"https:\/\/stylingagenten.com\/da\/wp-json\/wp\/v2\/berocket_brand?post=111852"}],"curies":[{"name":"wp","href":"https:\/\/api.w.org\/{rel}","templated":true}]}}