{"id":111843,"date":"2025-05-18T20:57:06","date_gmt":"2025-05-18T20:57:06","guid":{"rendered":"https:\/\/staging2.stylingagenten.com\/da\/produkt\/gucci-guilty-pour-homme-edp-50ml\/"},"modified":"2026-03-11T22:06:11","modified_gmt":"2026-03-11T22:06:11","slug":"gucci-guilty-pour-homme-edp-50ml","status":"publish","type":"product","link":"https:\/\/stylingagenten.com\/da\/produkt\/gucci-guilty-pour-homme-edp-50ml\/","title":{"rendered":"Gucci Guilty Pour Homme Edp 50ml"},"content":{"rendered":"<p>Gucci Guilty Pour Homme Eau de Parfum er en dragende og overraskende parfume, skabt til at provokere, med aromatiske noter af tr\u00e6 og krydderier. En nyfortolkning af to klassiske ingredienser popul\u00e6re i 1970&#8217;erne, rose og chilipeber, erstatter den originale dufts topnoter af pink peber og italiensk citron, hvilket giver en uventet og forfriskende retro-f\u00f8lelse. Den varme, krydrede aroma af r\u00f8d chilipeber st\u00e5r i kontrast til den bitre, aromatiske friskhed af eddike og salt, hvilket giver et uventet twist. Neroli, fransk lavendel og appelsinblomst absolut udvikler hjertenoten og giver et st\u00e6rkere, mere intenst maskulint indtryk. Duften er rundet af med en rig og sensuel base af patchouli og cedertr\u00e6.<\/p>\n<p>Topnoter: Rose &amp; chilipeber<br \/>Hjertenoter: Neroli, lavendel &amp; orange blomst absolut<br \/>Base noter: Patchouli &amp; ceder<\/p>\n","protected":false},"excerpt":{"rendered":"<p>Gucci Guilty Pour Homme Eau de Parfum er en dragende og overraskende parfume, skabt til at provokere, med aromatiske noter af tr\u00e6 og krydderier. En nyfortolkning af to klassiske ingredienser popul\u00e6re i 1970&#8217;erne, rose og chilipeber, erstatter den originale dufts topnoter af pink peber og italiensk citron, hvilket giver en uventet og forfriskende retro-f\u00f8lelse. Den [&hellip;]<\/p>\n","protected":false},"featured_media":111839,"comment_status":"open","ping_status":"closed","template":"","meta":{"_trash_the_other_posts":false},"product_brand":[],"product_cat":[708,735,1000],"product_tag":[2943],"berocket_brand":[1329],"class_list":{"0":"post-111843","1":"product","2":"type-product","3":"status-publish","4":"has-post-thumbnail","6":"product_cat-eau-de-parfum-gentr","7":"product_cat-kampagne","8":"product_cat-kampagnetilbud-til-ham","9":"product_tag-gucci-guilty-pour-homme-edp","10":"pa_brand-gucci","11":"pa_variant-50ml","12":"berocket_brand-gucci","14":"first","15":"instock","16":"sale","17":"taxable","18":"shipping-taxable","19":"purchasable","20":"product-type-simple"},"_links":{"self":[{"href":"https:\/\/stylingagenten.com\/da\/wp-json\/wp\/v2\/product\/111843","targetHints":{"allow":["GET"]}}],"collection":[{"href":"https:\/\/stylingagenten.com\/da\/wp-json\/wp\/v2\/product"}],"about":[{"href":"https:\/\/stylingagenten.com\/da\/wp-json\/wp\/v2\/types\/product"}],"replies":[{"embeddable":true,"href":"https:\/\/stylingagenten.com\/da\/wp-json\/wp\/v2\/comments?post=111843"}],"version-history":[{"count":0,"href":"https:\/\/stylingagenten.com\/da\/wp-json\/wp\/v2\/product\/111843\/revisions"}],"wp:featuredmedia":[{"embeddable":true,"href":"https:\/\/stylingagenten.com\/da\/wp-json\/wp\/v2\/media\/111839"}],"wp:attachment":[{"href":"https:\/\/stylingagenten.com\/da\/wp-json\/wp\/v2\/media?parent=111843"}],"wp:term":[{"taxonomy":"product_brand","embeddable":true,"href":"https:\/\/stylingagenten.com\/da\/wp-json\/wp\/v2\/product_brand?post=111843"},{"taxonomy":"product_cat","embeddable":true,"href":"https:\/\/stylingagenten.com\/da\/wp-json\/wp\/v2\/product_cat?post=111843"},{"taxonomy":"product_tag","embeddable":true,"href":"https:\/\/stylingagenten.com\/da\/wp-json\/wp\/v2\/product_tag?post=111843"},{"taxonomy":"berocket_brand","embeddable":true,"href":"https:\/\/stylingagenten.com\/da\/wp-json\/wp\/v2\/berocket_brand?post=111843"}],"curies":[{"name":"wp","href":"https:\/\/api.w.org\/{rel}","templated":true}]}}