{"id":111820,"date":"2025-05-18T20:57:01","date_gmt":"2025-05-18T20:57:01","guid":{"rendered":"https:\/\/staging2.stylingagenten.com\/da\/produkt\/replay-tank-for-him-edt-100ml\/"},"modified":"2026-03-15T17:37:53","modified_gmt":"2026-03-15T17:37:53","slug":"replay-tank-for-him-edt-100ml","status":"publish","type":"product","link":"https:\/\/stylingagenten.com\/da\/produkt\/replay-tank-for-him-edt-100ml\/","title":{"rendered":"Replay # Tank For Him Edt 100ml"},"content":{"rendered":"<p>Replay #TANK FOR HIM fanger de mest ikoniske aspekter af Replays industrielle \u00e5nd. En eksklusiv flaske i form af en tank i indigo bl\u00e5, dekoreret med metalliske elementer. Livlighed og dynamik koncentreret i et reservoir af ren energi. Duften er frisk og elegant til en energisk og moderne mand. Den \u00e5bner med en citrusharmoni af sprudlende bergamot og mandarin, underst\u00f8ttet af krydret kardemomme og friskheden af \u200b\u200bteblade. En original blanding af forfriskende mynte, krydret ingef\u00e6r og vanedannende jasmin breder sig fra hjertet og skaber et sp\u00e6ndende spor. I bunden formidler l\u00e6derakkorden og cedertr\u00e6 styrke og maskulinitet, mens moskus, ravtr\u00e6 og tonkab\u00f8nne giver et s\u00f8dt touch til duften.<\/p>\n<p>Topnoter: Bergamot, kardemomme, teblad og mandarin<br \/>Hjerte noter: Gr\u00f8nne noter, ingef\u00e6r, jasmin og mynte<br \/>Basenoter: moskus, l\u00e6der, cedertr\u00e6, rav og tonkab\u00f8nner<\/p>\n","protected":false},"excerpt":{"rendered":"<p>Replay #TANK FOR HIM fanger de mest ikoniske aspekter af Replays industrielle \u00e5nd. En eksklusiv flaske i form af en tank i indigo bl\u00e5, dekoreret med metalliske elementer. Livlighed og dynamik koncentreret i et reservoir af ren energi. Duften er frisk og elegant til en energisk og moderne mand. Den \u00e5bner med en citrusharmoni af [&hellip;]<\/p>\n","protected":false},"featured_media":111816,"comment_status":"open","ping_status":"closed","template":"","meta":{"_trash_the_other_posts":false},"product_brand":[],"product_cat":[709,735,1000,1005],"product_tag":[3894],"berocket_brand":[1120],"class_list":{"0":"post-111820","1":"product","2":"type-product","3":"status-publish","4":"has-post-thumbnail","6":"product_cat-eau-de-toilette-mr","7":"product_cat-kampagne","8":"product_cat-kampagnetilbud-til-ham","9":"product_cat-outlet","10":"product_tag-replay-tank-for-him-edt","11":"pa_brand-replay","12":"pa_variant-100ml","13":"berocket_brand-replay","15":"first","16":"instock","17":"sale","18":"taxable","19":"shipping-taxable","20":"purchasable","21":"product-type-simple"},"_links":{"self":[{"href":"https:\/\/stylingagenten.com\/da\/wp-json\/wp\/v2\/product\/111820","targetHints":{"allow":["GET"]}}],"collection":[{"href":"https:\/\/stylingagenten.com\/da\/wp-json\/wp\/v2\/product"}],"about":[{"href":"https:\/\/stylingagenten.com\/da\/wp-json\/wp\/v2\/types\/product"}],"replies":[{"embeddable":true,"href":"https:\/\/stylingagenten.com\/da\/wp-json\/wp\/v2\/comments?post=111820"}],"version-history":[{"count":0,"href":"https:\/\/stylingagenten.com\/da\/wp-json\/wp\/v2\/product\/111820\/revisions"}],"wp:featuredmedia":[{"embeddable":true,"href":"https:\/\/stylingagenten.com\/da\/wp-json\/wp\/v2\/media\/111816"}],"wp:attachment":[{"href":"https:\/\/stylingagenten.com\/da\/wp-json\/wp\/v2\/media?parent=111820"}],"wp:term":[{"taxonomy":"product_brand","embeddable":true,"href":"https:\/\/stylingagenten.com\/da\/wp-json\/wp\/v2\/product_brand?post=111820"},{"taxonomy":"product_cat","embeddable":true,"href":"https:\/\/stylingagenten.com\/da\/wp-json\/wp\/v2\/product_cat?post=111820"},{"taxonomy":"product_tag","embeddable":true,"href":"https:\/\/stylingagenten.com\/da\/wp-json\/wp\/v2\/product_tag?post=111820"},{"taxonomy":"berocket_brand","embeddable":true,"href":"https:\/\/stylingagenten.com\/da\/wp-json\/wp\/v2\/berocket_brand?post=111820"}],"curies":[{"name":"wp","href":"https:\/\/api.w.org\/{rel}","templated":true}]}}