{"id":111817,"date":"2025-05-18T20:57:00","date_gmt":"2025-05-18T20:57:00","guid":{"rendered":"https:\/\/staging2.stylingagenten.com\/da\/produkt\/replay-tank-plate-for-him-edt-100ml\/"},"modified":"2025-12-01T07:22:29","modified_gmt":"2025-12-01T07:22:29","slug":"replay-tank-plate-for-him-edt-100ml","status":"publish","type":"product","link":"https:\/\/stylingagenten.com\/da\/produkt\/replay-tank-plate-for-him-edt-100ml\/","title":{"rendered":"Replay # Tank Plate For Him Edt 100ml"},"content":{"rendered":"<p>Replay # Tank Plate For Him Edt<br \/>Den lyse tankformede flaske er dedikeret til unge Replay-m\u00e6nd. En unik finish dekorerer den ikoniske flaske og resulterer i en kreation fuld af mod og innovation. En frisk og sprudlende duft dedikeret til den tusind\u00e5rige generation. Krydret kardemomme sammen med saftig ananas og grapefrugt skaber et unikt foug\u00e8re-mesterv\u00e6rk. I basisnoterne giver en tr\u00e6agtig harmoni maskulinitet til duften, mens patchouli giver elegance til hele kreationen.<\/p>\n<p>Topnoter: Grapefrugt, Ananas, P\u00e6re, Kardemomme.<br \/>Hjertenoter: Peber, Birkeblad, Lavendel, rosmarin.<br \/>Basenoter: Patchouli, kashmirtr\u00e6, egetr\u00e6, sandeltr\u00e6, tonkab\u00f8nne, moskus<\/p>\n","protected":false},"excerpt":{"rendered":"<p>Replay # Tank Plate For Him EdtDen lyse tankformede flaske er dedikeret til unge Replay-m\u00e6nd. En unik finish dekorerer den ikoniske flaske og resulterer i en kreation fuld af mod og innovation. En frisk og sprudlende duft dedikeret til den tusind\u00e5rige generation. Krydret kardemomme sammen med saftig ananas og grapefrugt skaber et unikt foug\u00e8re-mesterv\u00e6rk. I [&hellip;]<\/p>\n","protected":false},"featured_media":111811,"comment_status":"open","ping_status":"closed","template":"","meta":{"_trash_the_other_posts":false},"product_brand":[],"product_cat":[709,735,1000,1005],"product_tag":[3896],"berocket_brand":[1120],"class_list":{"0":"post-111817","1":"product","2":"type-product","3":"status-publish","4":"has-post-thumbnail","6":"product_cat-eau-de-toilette-mr","7":"product_cat-kampagne","8":"product_cat-kampagnetilbud-til-ham","9":"product_cat-outlet","10":"product_tag-replay-tank-plate-for-him-edt","11":"pa_brand-replay","12":"pa_variant-100ml","13":"berocket_brand-replay","15":"first","16":"instock","17":"sale","18":"taxable","19":"shipping-taxable","20":"purchasable","21":"product-type-simple"},"_links":{"self":[{"href":"https:\/\/stylingagenten.com\/da\/wp-json\/wp\/v2\/product\/111817","targetHints":{"allow":["GET"]}}],"collection":[{"href":"https:\/\/stylingagenten.com\/da\/wp-json\/wp\/v2\/product"}],"about":[{"href":"https:\/\/stylingagenten.com\/da\/wp-json\/wp\/v2\/types\/product"}],"replies":[{"embeddable":true,"href":"https:\/\/stylingagenten.com\/da\/wp-json\/wp\/v2\/comments?post=111817"}],"version-history":[{"count":0,"href":"https:\/\/stylingagenten.com\/da\/wp-json\/wp\/v2\/product\/111817\/revisions"}],"wp:featuredmedia":[{"embeddable":true,"href":"https:\/\/stylingagenten.com\/da\/wp-json\/wp\/v2\/media\/111811"}],"wp:attachment":[{"href":"https:\/\/stylingagenten.com\/da\/wp-json\/wp\/v2\/media?parent=111817"}],"wp:term":[{"taxonomy":"product_brand","embeddable":true,"href":"https:\/\/stylingagenten.com\/da\/wp-json\/wp\/v2\/product_brand?post=111817"},{"taxonomy":"product_cat","embeddable":true,"href":"https:\/\/stylingagenten.com\/da\/wp-json\/wp\/v2\/product_cat?post=111817"},{"taxonomy":"product_tag","embeddable":true,"href":"https:\/\/stylingagenten.com\/da\/wp-json\/wp\/v2\/product_tag?post=111817"},{"taxonomy":"berocket_brand","embeddable":true,"href":"https:\/\/stylingagenten.com\/da\/wp-json\/wp\/v2\/berocket_brand?post=111817"}],"curies":[{"name":"wp","href":"https:\/\/api.w.org\/{rel}","templated":true}]}}