{"id":111809,"date":"2025-05-18T20:56:59","date_gmt":"2025-05-18T20:56:59","guid":{"rendered":"https:\/\/staging2.stylingagenten.com\/da\/produkt\/montblanc-legend-red-edp-30ml\/"},"modified":"2026-03-16T18:27:39","modified_gmt":"2026-03-16T18:27:39","slug":"montblanc-legend-red-edp-30ml","status":"publish","type":"product","link":"https:\/\/stylingagenten.com\/da\/produkt\/montblanc-legend-red-edp-30ml\/","title":{"rendered":"Montblanc Legend Red Edp 30ml"},"content":{"rendered":"<p>Legend Red er en karismatisk tr\u00e6agtig duft, frisk, men intens, fed, men delikat &#8211; en duftoplevelse, der fremkalder sp\u00e6ndingen ved fart og f\u00e5r hjertet til at banke lidt hurtigere. En uimodst\u00e5elig maskulin duft, der ogs\u00e5 holder l\u00e6nge p\u00e5 huden.<br \/>&#8211;<br \/>Legend Red \u00e5bner med en saftig friskhed fra blodappelsin og grapefrugt i kontrast til krydret kardemomme. M\u00f8det mellem salvie, cedertr\u00e6 og eneb\u00e6r kl\u00e6der den citrusagtige friskhed med aromatiske noter, mens den magnetiske kombination af mahogni, atlasceder og et strejf af tonkab\u00f8nne giver duften en cremet sensualitet.<br \/>&#8211;<br \/>Duftfamilie: Woody- Frisk<br \/> Topnote: Blodappelsin, Grapefrugt<br \/>Hjertenote: Salvie, Cedertr\u00e6, Eneb\u00e6r<br \/>Basenote: Mahogni, Atlascedertr\u00e6, Tonkab\u00f8nner<\/p>\n","protected":false},"excerpt":{"rendered":"<p>Legend Red er en karismatisk tr\u00e6agtig duft, frisk, men intens, fed, men delikat &#8211; en duftoplevelse, der fremkalder sp\u00e6ndingen ved fart og f\u00e5r hjertet til at banke lidt hurtigere. En uimodst\u00e5elig maskulin duft, der ogs\u00e5 holder l\u00e6nge p\u00e5 huden.&#8211;Legend Red \u00e5bner med en saftig friskhed fra blodappelsin og grapefrugt i kontrast til krydret kardemomme. M\u00f8det [&hellip;]<\/p>\n","protected":false},"featured_media":111804,"comment_status":"open","ping_status":"closed","template":"","meta":{"_trash_the_other_posts":false},"product_brand":[],"product_cat":[708,735,1000],"product_tag":[3587],"berocket_brand":[1079],"class_list":{"0":"post-111809","1":"product","2":"type-product","3":"status-publish","4":"has-post-thumbnail","6":"product_cat-eau-de-parfum-gentr","7":"product_cat-kampagne","8":"product_cat-kampagnetilbud-til-ham","9":"product_tag-montblanc-legend-red-edp","10":"pa_brand-mont-blanc","11":"pa_variant-30ml","12":"berocket_brand-mont-blanc","14":"first","15":"instock","16":"sale","17":"taxable","18":"shipping-taxable","19":"purchasable","20":"product-type-simple"},"_links":{"self":[{"href":"https:\/\/stylingagenten.com\/da\/wp-json\/wp\/v2\/product\/111809","targetHints":{"allow":["GET"]}}],"collection":[{"href":"https:\/\/stylingagenten.com\/da\/wp-json\/wp\/v2\/product"}],"about":[{"href":"https:\/\/stylingagenten.com\/da\/wp-json\/wp\/v2\/types\/product"}],"replies":[{"embeddable":true,"href":"https:\/\/stylingagenten.com\/da\/wp-json\/wp\/v2\/comments?post=111809"}],"version-history":[{"count":0,"href":"https:\/\/stylingagenten.com\/da\/wp-json\/wp\/v2\/product\/111809\/revisions"}],"wp:featuredmedia":[{"embeddable":true,"href":"https:\/\/stylingagenten.com\/da\/wp-json\/wp\/v2\/media\/111804"}],"wp:attachment":[{"href":"https:\/\/stylingagenten.com\/da\/wp-json\/wp\/v2\/media?parent=111809"}],"wp:term":[{"taxonomy":"product_brand","embeddable":true,"href":"https:\/\/stylingagenten.com\/da\/wp-json\/wp\/v2\/product_brand?post=111809"},{"taxonomy":"product_cat","embeddable":true,"href":"https:\/\/stylingagenten.com\/da\/wp-json\/wp\/v2\/product_cat?post=111809"},{"taxonomy":"product_tag","embeddable":true,"href":"https:\/\/stylingagenten.com\/da\/wp-json\/wp\/v2\/product_tag?post=111809"},{"taxonomy":"berocket_brand","embeddable":true,"href":"https:\/\/stylingagenten.com\/da\/wp-json\/wp\/v2\/berocket_brand?post=111809"}],"curies":[{"name":"wp","href":"https:\/\/api.w.org\/{rel}","templated":true}]}}