{"id":111793,"date":"2025-05-18T20:56:55","date_gmt":"2025-05-18T20:56:55","guid":{"rendered":"https:\/\/staging2.stylingagenten.com\/da\/produkt\/replay-signature-for-man-edt-100ml\/"},"modified":"2026-02-19T06:36:33","modified_gmt":"2026-02-19T06:36:33","slug":"replay-signature-for-man-edt-100ml","status":"publish","type":"product","link":"https:\/\/stylingagenten.com\/da\/produkt\/replay-signature-for-man-edt-100ml\/","title":{"rendered":"Replay Signature For Man Edt 100ml"},"content":{"rendered":"<p>Med sit innovative design sigter Replay Signature p\u00e5 at overf\u00f8re \u00e5nden i Replay-modekollektionen til parfumeverdenen. Flaskens institutionelle form er forst\u00e6rket af relieffer p\u00e5 begge sider. Camouflagemotivet pryder hele flasken og g\u00f8r den meget i\u00f8jnefaldende. Duften er den nye pulserende sensualitet for m\u00e6nd. Den forf\u00f8rer straks med sin karakteristiske f\u00f8rste note af pink peber, bekr\u00e6ftet af frisk bergamot og varm kanel. Aromatisk myntegeranium og st\u00e6rk muskatn\u00f8d udvikler en kraftfuld maskulin krydret blanding, harmoniseret af balsamico rose og t\u00f8r cedertr\u00e6. Basen er lavet af \u00e6dle tr\u00e6sorter, som giver styrke og varme til duften sammen med delikate noter af rav-moskus.<\/p>\n<p>Topnoter: Kanel, Rose peber, Bergamot<br \/>Hjertenoter: Cedertr\u00e6, Muskatn\u00f8d, Rose, geranium, mynte og basnoter: \u00e6delt tr\u00e6<\/p>\n","protected":false},"excerpt":{"rendered":"<p>Med sit innovative design sigter Replay Signature p\u00e5 at overf\u00f8re \u00e5nden i Replay-modekollektionen til parfumeverdenen. Flaskens institutionelle form er forst\u00e6rket af relieffer p\u00e5 begge sider. Camouflagemotivet pryder hele flasken og g\u00f8r den meget i\u00f8jnefaldende. Duften er den nye pulserende sensualitet for m\u00e6nd. Den forf\u00f8rer straks med sin karakteristiske f\u00f8rste note af pink peber, bekr\u00e6ftet af [&hellip;]<\/p>\n","protected":false},"featured_media":111788,"comment_status":"open","ping_status":"closed","template":"","meta":{"_trash_the_other_posts":false},"product_brand":[],"product_cat":[709,735,1000],"product_tag":[3899],"berocket_brand":[1120],"class_list":{"0":"post-111793","1":"product","2":"type-product","3":"status-publish","4":"has-post-thumbnail","6":"product_cat-eau-de-toilette-mr","7":"product_cat-kampagne","8":"product_cat-kampagnetilbud-til-ham","9":"product_tag-replay-signature-for-man-edt","10":"pa_brand-replay","11":"pa_variant-100ml","12":"berocket_brand-replay","14":"first","15":"instock","16":"sale","17":"taxable","18":"shipping-taxable","19":"purchasable","20":"product-type-simple"},"_links":{"self":[{"href":"https:\/\/stylingagenten.com\/da\/wp-json\/wp\/v2\/product\/111793","targetHints":{"allow":["GET"]}}],"collection":[{"href":"https:\/\/stylingagenten.com\/da\/wp-json\/wp\/v2\/product"}],"about":[{"href":"https:\/\/stylingagenten.com\/da\/wp-json\/wp\/v2\/types\/product"}],"replies":[{"embeddable":true,"href":"https:\/\/stylingagenten.com\/da\/wp-json\/wp\/v2\/comments?post=111793"}],"version-history":[{"count":0,"href":"https:\/\/stylingagenten.com\/da\/wp-json\/wp\/v2\/product\/111793\/revisions"}],"wp:featuredmedia":[{"embeddable":true,"href":"https:\/\/stylingagenten.com\/da\/wp-json\/wp\/v2\/media\/111788"}],"wp:attachment":[{"href":"https:\/\/stylingagenten.com\/da\/wp-json\/wp\/v2\/media?parent=111793"}],"wp:term":[{"taxonomy":"product_brand","embeddable":true,"href":"https:\/\/stylingagenten.com\/da\/wp-json\/wp\/v2\/product_brand?post=111793"},{"taxonomy":"product_cat","embeddable":true,"href":"https:\/\/stylingagenten.com\/da\/wp-json\/wp\/v2\/product_cat?post=111793"},{"taxonomy":"product_tag","embeddable":true,"href":"https:\/\/stylingagenten.com\/da\/wp-json\/wp\/v2\/product_tag?post=111793"},{"taxonomy":"berocket_brand","embeddable":true,"href":"https:\/\/stylingagenten.com\/da\/wp-json\/wp\/v2\/berocket_brand?post=111793"}],"curies":[{"name":"wp","href":"https:\/\/api.w.org\/{rel}","templated":true}]}}