{"id":111791,"date":"2025-05-18T20:56:54","date_gmt":"2025-05-18T20:56:54","guid":{"rendered":"https:\/\/staging2.stylingagenten.com\/da\/produkt\/replay-tank-custom-for-him-edt-30ml\/"},"modified":"2026-01-25T19:26:40","modified_gmt":"2026-01-25T19:26:40","slug":"replay-tank-custom-for-him-edt-30ml","status":"publish","type":"product","link":"https:\/\/stylingagenten.com\/da\/produkt\/replay-tank-custom-for-him-edt-30ml\/","title":{"rendered":"Replay # Tank Custom For Him Edt 30ml"},"content":{"rendered":"<p>Den ikoniske tankformede flaske er dekoreret med en mat finish beriget med et blankt silketryk, der minder om en specialfremstillet motorcykel. Dedikeret til karismatiske mennesker, #TANK CUSTOM FOR HIM er den perfekte parfume til at udtrykke personlighed med beslutsomhed og energi. En overv\u00e6ldende og intens duft. Sprudlende citrusnoter blandes med levende tr\u00e6sorter forst\u00e6rket af et unikt strejf af frisk anis. Bl\u00f8de tr\u00e6agtige nuancer forsegler hele skabelsen.<\/p>\n<p>Topnoter: Elemi, Yuzu, Ingef\u00e6r, Bergamot, Kardemomme<br \/>Hjertenoter: Blomme, Anis, Vetiver, Lavendel, Patchouli, Vild Jasmin<br \/>Basenoter: Tonkab\u00f8nner, sandeltr\u00e6, rav, moskus<\/p>\n","protected":false},"excerpt":{"rendered":"<p>Den ikoniske tankformede flaske er dekoreret med en mat finish beriget med et blankt silketryk, der minder om en specialfremstillet motorcykel. Dedikeret til karismatiske mennesker, #TANK CUSTOM FOR HIM er den perfekte parfume til at udtrykke personlighed med beslutsomhed og energi. En overv\u00e6ldende og intens duft. Sprudlende citrusnoter blandes med levende tr\u00e6sorter forst\u00e6rket af et [&hellip;]<\/p>\n","protected":false},"featured_media":111787,"comment_status":"open","ping_status":"closed","template":"","meta":{"_trash_the_other_posts":false},"product_brand":[],"product_cat":[709,735,1000],"product_tag":[3892],"berocket_brand":[1120],"class_list":{"0":"post-111791","1":"product","2":"type-product","3":"status-publish","4":"has-post-thumbnail","6":"product_cat-eau-de-toilette-mr","7":"product_cat-kampagne","8":"product_cat-kampagnetilbud-til-ham","9":"product_tag-replay-tank-custom-for-him-edt","10":"pa_brand-replay","11":"pa_variant-30ml","12":"berocket_brand-replay","14":"first","15":"instock","16":"sale","17":"taxable","18":"shipping-taxable","19":"purchasable","20":"product-type-simple"},"_links":{"self":[{"href":"https:\/\/stylingagenten.com\/da\/wp-json\/wp\/v2\/product\/111791","targetHints":{"allow":["GET"]}}],"collection":[{"href":"https:\/\/stylingagenten.com\/da\/wp-json\/wp\/v2\/product"}],"about":[{"href":"https:\/\/stylingagenten.com\/da\/wp-json\/wp\/v2\/types\/product"}],"replies":[{"embeddable":true,"href":"https:\/\/stylingagenten.com\/da\/wp-json\/wp\/v2\/comments?post=111791"}],"version-history":[{"count":0,"href":"https:\/\/stylingagenten.com\/da\/wp-json\/wp\/v2\/product\/111791\/revisions"}],"wp:featuredmedia":[{"embeddable":true,"href":"https:\/\/stylingagenten.com\/da\/wp-json\/wp\/v2\/media\/111787"}],"wp:attachment":[{"href":"https:\/\/stylingagenten.com\/da\/wp-json\/wp\/v2\/media?parent=111791"}],"wp:term":[{"taxonomy":"product_brand","embeddable":true,"href":"https:\/\/stylingagenten.com\/da\/wp-json\/wp\/v2\/product_brand?post=111791"},{"taxonomy":"product_cat","embeddable":true,"href":"https:\/\/stylingagenten.com\/da\/wp-json\/wp\/v2\/product_cat?post=111791"},{"taxonomy":"product_tag","embeddable":true,"href":"https:\/\/stylingagenten.com\/da\/wp-json\/wp\/v2\/product_tag?post=111791"},{"taxonomy":"berocket_brand","embeddable":true,"href":"https:\/\/stylingagenten.com\/da\/wp-json\/wp\/v2\/berocket_brand?post=111791"}],"curies":[{"name":"wp","href":"https:\/\/api.w.org\/{rel}","templated":true}]}}