{"id":111783,"date":"2025-05-18T20:56:51","date_gmt":"2025-05-18T20:56:51","guid":{"rendered":"https:\/\/staging2.stylingagenten.com\/da\/produkt\/replay-signature-red-dragon-for-man-edt-100ml\/"},"modified":"2026-01-27T07:26:34","modified_gmt":"2026-01-27T07:26:34","slug":"replay-signature-red-dragon-for-man-edt-100ml","status":"publish","type":"product","link":"https:\/\/stylingagenten.com\/da\/produkt\/replay-signature-red-dragon-for-man-edt-100ml\/","title":{"rendered":"Replay Signature Red Dragon For Man Edt 100ml"},"content":{"rendered":"<p>Replay Signature Red Dragon for Man, en storsl\u00e5et r\u00f8d drage dekorerer flasken og formidler styrke og mystik. Med denne parfume afsl\u00f8rer m\u00e6nd deres uudgrundelige sj\u00e6le med beslutsomhed, mod og energi. Duften \u00e5bner med pink peber og kardemomme i en krydret, sprudlende leg, der tr\u00e6nger ind i et uventet hjerte af te og geranium og overrasker os i en base af hvide tr\u00e6sorter og vetiver. En tidl\u00f8s og evigt elegant duft til en modig og elegant mand.<\/p>\n<p>Topnoter: Rose peber, Kardemomme<br \/>Hjertenoter: Te, Geranium<br \/>Basenoter: Vetiver, White Woods<\/p>\n","protected":false},"excerpt":{"rendered":"<p>Replay Signature Red Dragon for Man, en storsl\u00e5et r\u00f8d drage dekorerer flasken og formidler styrke og mystik. Med denne parfume afsl\u00f8rer m\u00e6nd deres uudgrundelige sj\u00e6le med beslutsomhed, mod og energi. Duften \u00e5bner med pink peber og kardemomme i en krydret, sprudlende leg, der tr\u00e6nger ind i et uventet hjerte af te og geranium og overrasker [&hellip;]<\/p>\n","protected":false},"featured_media":111781,"comment_status":"open","ping_status":"closed","template":"","meta":{"_trash_the_other_posts":false},"product_brand":[],"product_cat":[709,735,1000],"product_tag":[3903],"berocket_brand":[1120],"class_list":{"0":"post-111783","1":"product","2":"type-product","3":"status-publish","4":"has-post-thumbnail","6":"product_cat-eau-de-toilette-mr","7":"product_cat-kampagne","8":"product_cat-kampagnetilbud-til-ham","9":"product_tag-replay-signature-red-dragon-for-man-edt","10":"pa_brand-replay","11":"pa_variant-100ml","12":"berocket_brand-replay","14":"first","15":"instock","16":"sale","17":"taxable","18":"shipping-taxable","19":"purchasable","20":"product-type-simple"},"_links":{"self":[{"href":"https:\/\/stylingagenten.com\/da\/wp-json\/wp\/v2\/product\/111783","targetHints":{"allow":["GET"]}}],"collection":[{"href":"https:\/\/stylingagenten.com\/da\/wp-json\/wp\/v2\/product"}],"about":[{"href":"https:\/\/stylingagenten.com\/da\/wp-json\/wp\/v2\/types\/product"}],"replies":[{"embeddable":true,"href":"https:\/\/stylingagenten.com\/da\/wp-json\/wp\/v2\/comments?post=111783"}],"version-history":[{"count":0,"href":"https:\/\/stylingagenten.com\/da\/wp-json\/wp\/v2\/product\/111783\/revisions"}],"wp:featuredmedia":[{"embeddable":true,"href":"https:\/\/stylingagenten.com\/da\/wp-json\/wp\/v2\/media\/111781"}],"wp:attachment":[{"href":"https:\/\/stylingagenten.com\/da\/wp-json\/wp\/v2\/media?parent=111783"}],"wp:term":[{"taxonomy":"product_brand","embeddable":true,"href":"https:\/\/stylingagenten.com\/da\/wp-json\/wp\/v2\/product_brand?post=111783"},{"taxonomy":"product_cat","embeddable":true,"href":"https:\/\/stylingagenten.com\/da\/wp-json\/wp\/v2\/product_cat?post=111783"},{"taxonomy":"product_tag","embeddable":true,"href":"https:\/\/stylingagenten.com\/da\/wp-json\/wp\/v2\/product_tag?post=111783"},{"taxonomy":"berocket_brand","embeddable":true,"href":"https:\/\/stylingagenten.com\/da\/wp-json\/wp\/v2\/berocket_brand?post=111783"}],"curies":[{"name":"wp","href":"https:\/\/api.w.org\/{rel}","templated":true}]}}