{"id":111752,"date":"2025-05-18T20:56:44","date_gmt":"2025-05-18T20:56:44","guid":{"rendered":"https:\/\/staging2.stylingagenten.com\/da\/produkt\/replay-signature-re-verse-for-man-edt-30ml\/"},"modified":"2026-01-22T16:26:38","modified_gmt":"2026-01-22T16:26:38","slug":"replay-signature-re-verse-for-man-edt-30ml","status":"publish","type":"product","link":"https:\/\/stylingagenten.com\/da\/produkt\/replay-signature-re-verse-for-man-edt-30ml\/","title":{"rendered":"Replay Signature Re-Verse For Man Edt 30ml"},"content":{"rendered":"<p>Forf\u00f8rende, sensuel og selvsikker: det er Replay, Signature Re-verse For Men. Den delikate og raffinerede duft tilh\u00f8rer fougere-aromatisk-tr\u00e6agtige duftfamilien. Topnoterne \u00e5bner med citrusakkorder af bergamot og forfriskende hvirvler af mynte. Hjertenoternes alsidighed flyder ind i hjertet med iskolde havb\u00f8lger og omsluttes med beroligende st\u00e6nk af lavendel. Basisnoterne understreger duften med et ekko af tr\u00e6agtige nuancer og varmt rav.<\/p>\n<p>Topnoter: Bergamot, Mynte<br \/>Hjertenoter: Lavendel, Marine Accord<br \/>Basenoter: Amber, Tr\u00e6noter<\/p>\n","protected":false},"excerpt":{"rendered":"<p>Forf\u00f8rende, sensuel og selvsikker: det er Replay, Signature Re-verse For Men. Den delikate og raffinerede duft tilh\u00f8rer fougere-aromatisk-tr\u00e6agtige duftfamilien. Topnoterne \u00e5bner med citrusakkorder af bergamot og forfriskende hvirvler af mynte. Hjertenoternes alsidighed flyder ind i hjertet med iskolde havb\u00f8lger og omsluttes med beroligende st\u00e6nk af lavendel. Basisnoterne understreger duften med et ekko af tr\u00e6agtige nuancer [&hellip;]<\/p>\n","protected":false},"featured_media":111745,"comment_status":"open","ping_status":"closed","template":"","meta":{"_trash_the_other_posts":false},"product_brand":[],"product_cat":[709,735,1000],"product_tag":[],"berocket_brand":[1120],"class_list":{"0":"post-111752","1":"product","2":"type-product","3":"status-publish","4":"has-post-thumbnail","6":"product_cat-eau-de-toilette-mr","7":"product_cat-kampagne","8":"product_cat-kampagnetilbud-til-ham","9":"pa_brand-replay","10":"berocket_brand-replay","12":"first","13":"instock","14":"sale","15":"taxable","16":"shipping-taxable","17":"purchasable","18":"product-type-simple"},"_links":{"self":[{"href":"https:\/\/stylingagenten.com\/da\/wp-json\/wp\/v2\/product\/111752","targetHints":{"allow":["GET"]}}],"collection":[{"href":"https:\/\/stylingagenten.com\/da\/wp-json\/wp\/v2\/product"}],"about":[{"href":"https:\/\/stylingagenten.com\/da\/wp-json\/wp\/v2\/types\/product"}],"replies":[{"embeddable":true,"href":"https:\/\/stylingagenten.com\/da\/wp-json\/wp\/v2\/comments?post=111752"}],"version-history":[{"count":0,"href":"https:\/\/stylingagenten.com\/da\/wp-json\/wp\/v2\/product\/111752\/revisions"}],"wp:featuredmedia":[{"embeddable":true,"href":"https:\/\/stylingagenten.com\/da\/wp-json\/wp\/v2\/media\/111745"}],"wp:attachment":[{"href":"https:\/\/stylingagenten.com\/da\/wp-json\/wp\/v2\/media?parent=111752"}],"wp:term":[{"taxonomy":"product_brand","embeddable":true,"href":"https:\/\/stylingagenten.com\/da\/wp-json\/wp\/v2\/product_brand?post=111752"},{"taxonomy":"product_cat","embeddable":true,"href":"https:\/\/stylingagenten.com\/da\/wp-json\/wp\/v2\/product_cat?post=111752"},{"taxonomy":"product_tag","embeddable":true,"href":"https:\/\/stylingagenten.com\/da\/wp-json\/wp\/v2\/product_tag?post=111752"},{"taxonomy":"berocket_brand","embeddable":true,"href":"https:\/\/stylingagenten.com\/da\/wp-json\/wp\/v2\/berocket_brand?post=111752"}],"curies":[{"name":"wp","href":"https:\/\/api.w.org\/{rel}","templated":true}]}}