{"id":111734,"date":"2025-05-18T20:56:40","date_gmt":"2025-05-18T20:56:40","guid":{"rendered":"https:\/\/staging2.stylingagenten.com\/da\/produkt\/lacoste-live-pour-homme-edt-75ml\/"},"modified":"2026-04-10T06:59:09","modified_gmt":"2026-04-10T06:59:09","slug":"lacoste-live-pour-homme-edt-75ml","status":"publish","type":"product","link":"https:\/\/stylingagenten.com\/da\/produkt\/lacoste-live-pour-homme-edt-75ml\/","title":{"rendered":"Lacoste Live Pour Homme Edt 75ml"},"content":{"rendered":"<p>Lacoste Live Pour Homme 75ml EDT <br \/>Live by Lacoste er en aromatisk og akvatisk duft til m\u00e6nd.<\/p>\n<p>Live er en dynamisk og maskulin duft. Den starter med skarpe noter af lime, der giver en \u00f8jeblikkelig f\u00f8lelse af friskhed. S\u00e5 kommer vandnoter og aromatiske gr\u00f8nne blade ind, selvom det er lakrids i bunden, der giver duften dens unikke karakter, her perfekt balanceret med r\u00f8get guaiac tr\u00e6.<\/p>\n<p>Lacoste er et sportst\u00f8jsm\u00e6rke skabt af den franske tennisspiller Ren\u00e9 Lacoste. I mange har m\u00e6rket v\u00e6ret direkte knyttet til sine poloshirts og det ikoniske krokodillelogo, som er inspireret af Lacostes eget k\u00e6lenavn p\u00e5 tennisbanen; &#8220;Le Crocodile&#8221;. Deres f\u00f8rste duft blev udgivet i 1984, og siden da har de lanceret adskillige succesfulde tilf\u00f8jelser til deres parfumeserie.<\/p>\n","protected":false},"excerpt":{"rendered":"<p>Lacoste Live Pour Homme 75ml EDT Live by Lacoste er en aromatisk og akvatisk duft til m\u00e6nd. Live er en dynamisk og maskulin duft. Den starter med skarpe noter af lime, der giver en \u00f8jeblikkelig f\u00f8lelse af friskhed. S\u00e5 kommer vandnoter og aromatiske gr\u00f8nne blade ind, selvom det er lakrids i bunden, der giver duften [&hellip;]<\/p>\n","protected":false},"featured_media":111727,"comment_status":"open","ping_status":"closed","template":"","meta":{"_trash_the_other_posts":false},"product_brand":[],"product_cat":[709,735,1000,535],"product_tag":[],"berocket_brand":[1066],"class_list":{"0":"post-111734","1":"product","2":"type-product","3":"status-publish","4":"has-post-thumbnail","6":"product_cat-eau-de-toilette-mr","7":"product_cat-kampagne","8":"product_cat-kampagnetilbud-til-ham","9":"product_cat-parfumeherren","10":"pa_brand-lacoste","11":"berocket_brand-lacoste","13":"first","14":"instock","15":"sale","16":"taxable","17":"shipping-taxable","18":"purchasable","19":"product-type-simple"},"_links":{"self":[{"href":"https:\/\/stylingagenten.com\/da\/wp-json\/wp\/v2\/product\/111734","targetHints":{"allow":["GET"]}}],"collection":[{"href":"https:\/\/stylingagenten.com\/da\/wp-json\/wp\/v2\/product"}],"about":[{"href":"https:\/\/stylingagenten.com\/da\/wp-json\/wp\/v2\/types\/product"}],"replies":[{"embeddable":true,"href":"https:\/\/stylingagenten.com\/da\/wp-json\/wp\/v2\/comments?post=111734"}],"version-history":[{"count":0,"href":"https:\/\/stylingagenten.com\/da\/wp-json\/wp\/v2\/product\/111734\/revisions"}],"wp:featuredmedia":[{"embeddable":true,"href":"https:\/\/stylingagenten.com\/da\/wp-json\/wp\/v2\/media\/111727"}],"wp:attachment":[{"href":"https:\/\/stylingagenten.com\/da\/wp-json\/wp\/v2\/media?parent=111734"}],"wp:term":[{"taxonomy":"product_brand","embeddable":true,"href":"https:\/\/stylingagenten.com\/da\/wp-json\/wp\/v2\/product_brand?post=111734"},{"taxonomy":"product_cat","embeddable":true,"href":"https:\/\/stylingagenten.com\/da\/wp-json\/wp\/v2\/product_cat?post=111734"},{"taxonomy":"product_tag","embeddable":true,"href":"https:\/\/stylingagenten.com\/da\/wp-json\/wp\/v2\/product_tag?post=111734"},{"taxonomy":"berocket_brand","embeddable":true,"href":"https:\/\/stylingagenten.com\/da\/wp-json\/wp\/v2\/berocket_brand?post=111734"}],"curies":[{"name":"wp","href":"https:\/\/api.w.org\/{rel}","templated":true}]}}