{"id":111719,"date":"2025-05-18T20:56:36","date_gmt":"2025-05-18T20:56:36","guid":{"rendered":"https:\/\/staging2.stylingagenten.com\/da\/produkt\/cacharel-pour-lhomme-edt-100ml\/"},"modified":"2026-04-12T10:58:40","modified_gmt":"2026-04-12T10:58:40","slug":"cacharel-pour-lhomme-edt-100ml","status":"publish","type":"product","link":"https:\/\/stylingagenten.com\/da\/produkt\/cacharel-pour-lhomme-edt-100ml\/","title":{"rendered":"Cacharel Pour L&#8217;Homme Edt 100ml"},"content":{"rendered":"<p>Cacharel Pour L&#8217;Homme Edt 100ml<br \/>Cacharel Pour Homme eau de toilette 100ml er den ultimative duft til den moderne mand. Med en unik og forf\u00f8rende blanding af aromatiske noter af lavendel, mynte og koriander giver denne duft en frisk og maskulin f\u00f8lelse, der varer hele dagen. Dens elegante flaske indeholder en h\u00f8j koncentration af naturlige ingredienser, der holder duften st\u00e6rk og intens hele dagen. Cacharel Pour Homme eau de toilette 100ml er et must for alle m\u00e6nd, der \u00f8nsker at f\u00f8le sig selvsikre og attraktive<br \/>Cacharel Pour Homme er en klassisk duft til m\u00e6nd fra Cacharel lanceret i 1981. Denne parfume er en tidl\u00f8s klassiker, der fortsat er popul\u00e6r blandt m\u00e6nd i alle aldre.<br \/>Duftnoter<br \/>\u2022Topnoter: Muskatn\u00f8d, lavendel, salvie og bergamot<br \/>\u2022Hjerteroter: Cyclamen, nellike, jasmin, ylang-ylang, liljekonval og geranium<br \/>\u2022Basenoter: fyrretr\u00e6, rav, sandeltr\u00e6, moskus, egemos, cedertr\u00e6 og vetiver<\/p>\n","protected":false},"excerpt":{"rendered":"<p>Cacharel Pour L&#8217;Homme Edt 100mlCacharel Pour Homme eau de toilette 100ml er den ultimative duft til den moderne mand. Med en unik og forf\u00f8rende blanding af aromatiske noter af lavendel, mynte og koriander giver denne duft en frisk og maskulin f\u00f8lelse, der varer hele dagen. Dens elegante flaske indeholder en h\u00f8j koncentration af naturlige ingredienser, [&hellip;]<\/p>\n","protected":false},"featured_media":111712,"comment_status":"open","ping_status":"closed","template":"","meta":{"_trash_the_other_posts":false},"product_brand":[],"product_cat":[709,735,1006,1000,535],"product_tag":[2628],"berocket_brand":[1098],"class_list":{"0":"post-111719","1":"product","2":"type-product","3":"status-publish","4":"has-post-thumbnail","6":"product_cat-eau-de-toilette-mr","7":"product_cat-kampagne","8":"product_cat-kampagnepris","9":"product_cat-kampagnetilbud-til-ham","10":"product_cat-parfumeherren","11":"product_tag-cacharel-pour-lhomme-edt","12":"pa_brand-cacharel","13":"pa_variant-100ml","14":"berocket_brand-cacharel","16":"first","17":"outofstock","18":"sale","19":"taxable","20":"shipping-taxable","21":"purchasable","22":"product-type-simple"},"_links":{"self":[{"href":"https:\/\/stylingagenten.com\/da\/wp-json\/wp\/v2\/product\/111719","targetHints":{"allow":["GET"]}}],"collection":[{"href":"https:\/\/stylingagenten.com\/da\/wp-json\/wp\/v2\/product"}],"about":[{"href":"https:\/\/stylingagenten.com\/da\/wp-json\/wp\/v2\/types\/product"}],"replies":[{"embeddable":true,"href":"https:\/\/stylingagenten.com\/da\/wp-json\/wp\/v2\/comments?post=111719"}],"version-history":[{"count":0,"href":"https:\/\/stylingagenten.com\/da\/wp-json\/wp\/v2\/product\/111719\/revisions"}],"wp:featuredmedia":[{"embeddable":true,"href":"https:\/\/stylingagenten.com\/da\/wp-json\/wp\/v2\/media\/111712"}],"wp:attachment":[{"href":"https:\/\/stylingagenten.com\/da\/wp-json\/wp\/v2\/media?parent=111719"}],"wp:term":[{"taxonomy":"product_brand","embeddable":true,"href":"https:\/\/stylingagenten.com\/da\/wp-json\/wp\/v2\/product_brand?post=111719"},{"taxonomy":"product_cat","embeddable":true,"href":"https:\/\/stylingagenten.com\/da\/wp-json\/wp\/v2\/product_cat?post=111719"},{"taxonomy":"product_tag","embeddable":true,"href":"https:\/\/stylingagenten.com\/da\/wp-json\/wp\/v2\/product_tag?post=111719"},{"taxonomy":"berocket_brand","embeddable":true,"href":"https:\/\/stylingagenten.com\/da\/wp-json\/wp\/v2\/berocket_brand?post=111719"}],"curies":[{"name":"wp","href":"https:\/\/api.w.org\/{rel}","templated":true}]}}