{"id":111709,"date":"2025-05-18T20:56:34","date_gmt":"2025-05-18T20:56:34","guid":{"rendered":"https:\/\/staging2.stylingagenten.com\/da\/produkt\/calvin-klein-defy-for-him-edt-100ml\/"},"modified":"2026-04-13T20:18:51","modified_gmt":"2026-04-13T20:18:51","slug":"calvin-klein-defy-for-him-edt-100ml","status":"publish","type":"product","link":"https:\/\/stylingagenten.com\/da\/produkt\/calvin-klein-defy-for-him-edt-100ml\/","title":{"rendered":"Calvin Klein DEFY For Him Edt 100ml"},"content":{"rendered":"<p>Calvin Klein DEFY For Him Edt 100ml<br \/>Frisk. Maskulin. Vanedannende.<br \/>&#8211;<br \/>Calvin Klein Defy Eau de Toilette til m\u00e6nd er en fed kontrast af forfriskende friskhed og kraftfulde tr\u00e6sorter: en Eau de Toilette til m\u00e6nd, der t\u00f8r skubbe gr\u00e6nserne og tage risici.<br \/>&#8211;<br \/> Denne energiske og friske Calvin Klein-parfume \u00e5bner med en sp\u00e6ndende citrusblanding af spr\u00f8d bergamot og forfriskende lavendel absolut. I hjertet er der etisk fremstillet vetiver fra Haiti, som forst\u00e6rker den maskuline f\u00f8lelse af duften og i bunden er der sanseligt, dragende rav, som tilf\u00f8rer en dejlig varme. Den moderne, rene flaske afspejler Calvin Kleins ikoniske signatur &#8211; denimbl\u00e5 og minimalisme med et sensuelt touch.<br \/>Dare to Defy.<br \/>&#8211;<br \/>Duftfamilie: Woody-Aromatic. Topnote: Bergamot, Lavendel. Hjertenote: Vetiver. Grundnote: Amber<\/p>\n","protected":false},"excerpt":{"rendered":"<p>Calvin Klein DEFY For Him Edt 100mlFrisk. Maskulin. Vanedannende.&#8211;Calvin Klein Defy Eau de Toilette til m\u00e6nd er en fed kontrast af forfriskende friskhed og kraftfulde tr\u00e6sorter: en Eau de Toilette til m\u00e6nd, der t\u00f8r skubbe gr\u00e6nserne og tage risici.&#8211; Denne energiske og friske Calvin Klein-parfume \u00e5bner med en sp\u00e6ndende citrusblanding af spr\u00f8d bergamot og forfriskende [&hellip;]<\/p>\n","protected":false},"featured_media":111707,"comment_status":"open","ping_status":"closed","template":"","meta":{"_trash_the_other_posts":false},"product_brand":[],"product_cat":[709,735,1006,1000,535],"product_tag":[2645],"berocket_brand":[1014],"class_list":{"0":"post-111709","1":"product","2":"type-product","3":"status-publish","4":"has-post-thumbnail","6":"product_cat-eau-de-toilette-mr","7":"product_cat-kampagne","8":"product_cat-kampagnepris","9":"product_cat-kampagnetilbud-til-ham","10":"product_cat-parfumeherren","11":"product_tag-calvin-klein-defy-for-him-edt","12":"pa_brand-calvin-klein","13":"pa_variant-100ml","14":"berocket_brand-calvin-klein","16":"first","17":"instock","18":"sale","19":"taxable","20":"shipping-taxable","21":"purchasable","22":"product-type-simple"},"_links":{"self":[{"href":"https:\/\/stylingagenten.com\/da\/wp-json\/wp\/v2\/product\/111709","targetHints":{"allow":["GET"]}}],"collection":[{"href":"https:\/\/stylingagenten.com\/da\/wp-json\/wp\/v2\/product"}],"about":[{"href":"https:\/\/stylingagenten.com\/da\/wp-json\/wp\/v2\/types\/product"}],"replies":[{"embeddable":true,"href":"https:\/\/stylingagenten.com\/da\/wp-json\/wp\/v2\/comments?post=111709"}],"version-history":[{"count":0,"href":"https:\/\/stylingagenten.com\/da\/wp-json\/wp\/v2\/product\/111709\/revisions"}],"wp:featuredmedia":[{"embeddable":true,"href":"https:\/\/stylingagenten.com\/da\/wp-json\/wp\/v2\/media\/111707"}],"wp:attachment":[{"href":"https:\/\/stylingagenten.com\/da\/wp-json\/wp\/v2\/media?parent=111709"}],"wp:term":[{"taxonomy":"product_brand","embeddable":true,"href":"https:\/\/stylingagenten.com\/da\/wp-json\/wp\/v2\/product_brand?post=111709"},{"taxonomy":"product_cat","embeddable":true,"href":"https:\/\/stylingagenten.com\/da\/wp-json\/wp\/v2\/product_cat?post=111709"},{"taxonomy":"product_tag","embeddable":true,"href":"https:\/\/stylingagenten.com\/da\/wp-json\/wp\/v2\/product_tag?post=111709"},{"taxonomy":"berocket_brand","embeddable":true,"href":"https:\/\/stylingagenten.com\/da\/wp-json\/wp\/v2\/berocket_brand?post=111709"}],"curies":[{"name":"wp","href":"https:\/\/api.w.org\/{rel}","templated":true}]}}