{"id":111700,"date":"2025-05-18T20:56:31","date_gmt":"2025-05-18T20:56:31","guid":{"rendered":"https:\/\/staging2.stylingagenten.com\/da\/produkt\/david-beckham-classic-edt-100ml\/"},"modified":"2026-04-14T09:52:31","modified_gmt":"2026-04-14T09:52:31","slug":"david-beckham-classic-edt-100ml","status":"publish","type":"product","link":"https:\/\/stylingagenten.com\/da\/produkt\/david-beckham-classic-edt-100ml\/","title":{"rendered":"David Beckham Classic Edt 100ml"},"content":{"rendered":"<p>David Beckham Fragrances pr\u00e6senterer Classic &#8211; en tidl\u00f8s Eau de Toilette til m\u00e6nd med et elegant twist. Inspireret af David Beckhams respekt for klassikerne, er duften perfekt til enhver lejlighed. Denne friske m\u00e6nds duft af rav og tr\u00e6 \u00e5bner med en eksplosion af friskhed: En sprudlende gin og tonic note kombineret med galbanum og lime. Den friske og p\u00e5 samme tid krydrede hjertenote af cypres, muskatn\u00f8d og mynteblade glider ind i en raffineret signatur af varme tr\u00e6noter og vanedannende rav. Den cylinderformede flaske er prydet med et smukt sildebensm\u00f8nster og den elegante, s\u00f8lvfarvede h\u00e6tte giver designet af denne David Beckham Eau de Toilette et moderne og maskulint pr\u00e6g. Classic Collection er en uimodst\u00e5elig fortolkning af klassikernes styrke: Hver duft er skabt med n\u00f8je udvalgte ingredienser, der har bevist deres v\u00e6rd over tid<\/p>\n","protected":false},"excerpt":{"rendered":"<p>David Beckham Fragrances pr\u00e6senterer Classic &#8211; en tidl\u00f8s Eau de Toilette til m\u00e6nd med et elegant twist. Inspireret af David Beckhams respekt for klassikerne, er duften perfekt til enhver lejlighed. Denne friske m\u00e6nds duft af rav og tr\u00e6 \u00e5bner med en eksplosion af friskhed: En sprudlende gin og tonic note kombineret med galbanum og lime. [&hellip;]<\/p>\n","protected":false},"featured_media":111691,"comment_status":"open","ping_status":"closed","template":"","meta":{"_trash_the_other_posts":false},"product_brand":[],"product_cat":[1003,709,735,1000],"product_tag":[2768],"berocket_brand":[1281],"class_list":{"0":"post-111700","1":"product","2":"type-product","3":"status-publish","4":"has-post-thumbnail","6":"product_cat-bestsellere","7":"product_cat-eau-de-toilette-mr","8":"product_cat-kampagne","9":"product_cat-kampagnetilbud-til-ham","10":"product_tag-david-beckham-classic-edt","11":"pa_brand-david-beckham","12":"pa_variant-100ml","13":"berocket_brand-david-beckham","15":"first","16":"instock","17":"sale","18":"taxable","19":"shipping-taxable","20":"purchasable","21":"product-type-simple"},"_links":{"self":[{"href":"https:\/\/stylingagenten.com\/da\/wp-json\/wp\/v2\/product\/111700","targetHints":{"allow":["GET"]}}],"collection":[{"href":"https:\/\/stylingagenten.com\/da\/wp-json\/wp\/v2\/product"}],"about":[{"href":"https:\/\/stylingagenten.com\/da\/wp-json\/wp\/v2\/types\/product"}],"replies":[{"embeddable":true,"href":"https:\/\/stylingagenten.com\/da\/wp-json\/wp\/v2\/comments?post=111700"}],"version-history":[{"count":0,"href":"https:\/\/stylingagenten.com\/da\/wp-json\/wp\/v2\/product\/111700\/revisions"}],"wp:featuredmedia":[{"embeddable":true,"href":"https:\/\/stylingagenten.com\/da\/wp-json\/wp\/v2\/media\/111691"}],"wp:attachment":[{"href":"https:\/\/stylingagenten.com\/da\/wp-json\/wp\/v2\/media?parent=111700"}],"wp:term":[{"taxonomy":"product_brand","embeddable":true,"href":"https:\/\/stylingagenten.com\/da\/wp-json\/wp\/v2\/product_brand?post=111700"},{"taxonomy":"product_cat","embeddable":true,"href":"https:\/\/stylingagenten.com\/da\/wp-json\/wp\/v2\/product_cat?post=111700"},{"taxonomy":"product_tag","embeddable":true,"href":"https:\/\/stylingagenten.com\/da\/wp-json\/wp\/v2\/product_tag?post=111700"},{"taxonomy":"berocket_brand","embeddable":true,"href":"https:\/\/stylingagenten.com\/da\/wp-json\/wp\/v2\/berocket_brand?post=111700"}],"curies":[{"name":"wp","href":"https:\/\/api.w.org\/{rel}","templated":true}]}}