{"id":111696,"date":"2025-05-18T20:56:31","date_gmt":"2025-05-18T20:56:31","guid":{"rendered":"https:\/\/staging2.stylingagenten.com\/da\/produkt\/hugo-boss-hugo-jeans-edt-75ml\/"},"modified":"2026-04-15T07:10:41","modified_gmt":"2026-04-15T07:10:41","slug":"hugo-boss-hugo-jeans-edt-75ml","status":"publish","type":"product","link":"https:\/\/stylingagenten.com\/da\/produkt\/hugo-boss-hugo-jeans-edt-75ml\/","title":{"rendered":"Hugo Boss Hugo Jeans Edt 75ml"},"content":{"rendered":"<p>Hugo Boss Hugo Jeans Edt 75ml<br \/>Til den modige rebel! Lancerer nu HUGO JEANS Eau de Toilette for Men \u2013 en fed og frisk herreparfume til manden, der elsker at g\u00e5 sine egne veje.<br \/>&#8211;<br \/>Topnoter af saftig grapefrugt og forfriskende lime blandes med pebermynte og eneb\u00e6r i hjertet at skabe et boost af energi. Dejlige noter af sandeltr\u00e6 er kombineret med vetiver og cedertr\u00e6, som giver duften en indbydende varme \u2013 og helheden er uimodst\u00e5elig. Denne maskuline eau de toilette kan b\u00e6res hvor som helst og n\u00e5r som helst &#8211; ligesom et par jeans, der passer perfekt.<\/p>\n","protected":false},"excerpt":{"rendered":"<p>Hugo Boss Hugo Jeans Edt 75mlTil den modige rebel! Lancerer nu HUGO JEANS Eau de Toilette for Men \u2013 en fed og frisk herreparfume til manden, der elsker at g\u00e5 sine egne veje.&#8211;Topnoter af saftig grapefrugt og forfriskende lime blandes med pebermynte og eneb\u00e6r i hjertet at skabe et boost af energi. Dejlige noter af [&hellip;]<\/p>\n","protected":false},"featured_media":111692,"comment_status":"open","ping_status":"closed","template":"","meta":{"_trash_the_other_posts":false},"product_brand":[],"product_cat":[709,735,1006,1000,535],"product_tag":[],"berocket_brand":[1339],"class_list":{"0":"post-111696","1":"product","2":"type-product","3":"status-publish","4":"has-post-thumbnail","6":"product_cat-eau-de-toilette-mr","7":"product_cat-kampagne","8":"product_cat-kampagnepris","9":"product_cat-kampagnetilbud-til-ham","10":"product_cat-parfumeherren","11":"pa_brand-hugo-boss","12":"berocket_brand-hugo-boss","14":"first","15":"instock","16":"sale","17":"taxable","18":"shipping-taxable","19":"purchasable","20":"product-type-simple"},"_links":{"self":[{"href":"https:\/\/stylingagenten.com\/da\/wp-json\/wp\/v2\/product\/111696","targetHints":{"allow":["GET"]}}],"collection":[{"href":"https:\/\/stylingagenten.com\/da\/wp-json\/wp\/v2\/product"}],"about":[{"href":"https:\/\/stylingagenten.com\/da\/wp-json\/wp\/v2\/types\/product"}],"replies":[{"embeddable":true,"href":"https:\/\/stylingagenten.com\/da\/wp-json\/wp\/v2\/comments?post=111696"}],"version-history":[{"count":0,"href":"https:\/\/stylingagenten.com\/da\/wp-json\/wp\/v2\/product\/111696\/revisions"}],"wp:featuredmedia":[{"embeddable":true,"href":"https:\/\/stylingagenten.com\/da\/wp-json\/wp\/v2\/media\/111692"}],"wp:attachment":[{"href":"https:\/\/stylingagenten.com\/da\/wp-json\/wp\/v2\/media?parent=111696"}],"wp:term":[{"taxonomy":"product_brand","embeddable":true,"href":"https:\/\/stylingagenten.com\/da\/wp-json\/wp\/v2\/product_brand?post=111696"},{"taxonomy":"product_cat","embeddable":true,"href":"https:\/\/stylingagenten.com\/da\/wp-json\/wp\/v2\/product_cat?post=111696"},{"taxonomy":"product_tag","embeddable":true,"href":"https:\/\/stylingagenten.com\/da\/wp-json\/wp\/v2\/product_tag?post=111696"},{"taxonomy":"berocket_brand","embeddable":true,"href":"https:\/\/stylingagenten.com\/da\/wp-json\/wp\/v2\/berocket_brand?post=111696"}],"curies":[{"name":"wp","href":"https:\/\/api.w.org\/{rel}","templated":true}]}}