{"id":111688,"date":"2025-05-18T20:56:28","date_gmt":"2025-05-18T20:56:28","guid":{"rendered":"https:\/\/staging2.stylingagenten.com\/da\/produkt\/calvin-klein-ck-everyone-edt-100ml\/"},"modified":"2025-11-21T08:21:33","modified_gmt":"2025-11-21T08:21:33","slug":"calvin-klein-ck-everyone-edt-100ml","status":"publish","type":"product","link":"https:\/\/stylingagenten.com\/da\/produkt\/calvin-klein-ck-everyone-edt-100ml\/","title":{"rendered":"Calvin Klein CK Everyone Edt 100ml"},"content":{"rendered":"<p>Calvin Klein CK Everyone Edt 100ml<br \/>En ren, frisk citrusduft, Calvin Klein CK Everyone Eau de Toilette Unisex er en duft, der hylder friheden til at udtrykke dig selv. Bygger p\u00e5 CK ONEs ikoniske arv, CK EVERYONE er Calvin Kleins f\u00f8rste rene duft &#8211; vegansk, lavet af naturligt udvundet alkohol og med ingredienser af naturlig oprindelse. Duften \u00e5bner med en top af \u00f8kologiske appelsiner, der m\u00f8der bl\u00e5 te-akkord og en muskusagtig base af cedertr\u00e6, som tilsammen skaber en kompleks og opl\u00f8ftende duft. CK EVERYONE tilpasser sig hver b\u00e6rers hud og skaber en personlig duftsignatur. Omkring glasflasken, som du kan genbruge efter at have fjernet pumpen, er der en elastik, en hyldest til Calvin Klein Underwear, som du kan b\u00e6re og genbruge. Elsker hver eneste af jer i CK EVERYONE.<\/p>\n<p>Duftnoter: Topnote: \u00d8kologisk appelsin.<br \/>Hjertenote: Bl\u00e5 te-akkord.<br \/>Basenote: Cedertr\u00e6.<\/p>\n","protected":false},"excerpt":{"rendered":"<p>Calvin Klein CK Everyone Edt 100mlEn ren, frisk citrusduft, Calvin Klein CK Everyone Eau de Toilette Unisex er en duft, der hylder friheden til at udtrykke dig selv. Bygger p\u00e5 CK ONEs ikoniske arv, CK EVERYONE er Calvin Kleins f\u00f8rste rene duft &#8211; vegansk, lavet af naturligt udvundet alkohol og med ingredienser af naturlig oprindelse. [&hellip;]<\/p>\n","protected":false},"featured_media":111680,"comment_status":"open","ping_status":"closed","template":"","meta":{"_trash_the_other_posts":false},"product_brand":[],"product_cat":[709,713],"product_tag":[2634],"berocket_brand":[1014],"class_list":{"0":"post-111688","1":"product","2":"type-product","3":"status-publish","4":"has-post-thumbnail","6":"product_cat-eau-de-toilette-mr","7":"product_cat-parfume-unisex","8":"product_tag-calvin-klein-ck-everyone-edt","9":"pa_brand-calvin-klein","10":"pa_variant-100ml","11":"berocket_brand-calvin-klein","13":"first","14":"outofstock","15":"sale","16":"taxable","17":"shipping-taxable","18":"purchasable","19":"product-type-simple"},"_links":{"self":[{"href":"https:\/\/stylingagenten.com\/da\/wp-json\/wp\/v2\/product\/111688","targetHints":{"allow":["GET"]}}],"collection":[{"href":"https:\/\/stylingagenten.com\/da\/wp-json\/wp\/v2\/product"}],"about":[{"href":"https:\/\/stylingagenten.com\/da\/wp-json\/wp\/v2\/types\/product"}],"replies":[{"embeddable":true,"href":"https:\/\/stylingagenten.com\/da\/wp-json\/wp\/v2\/comments?post=111688"}],"version-history":[{"count":0,"href":"https:\/\/stylingagenten.com\/da\/wp-json\/wp\/v2\/product\/111688\/revisions"}],"wp:featuredmedia":[{"embeddable":true,"href":"https:\/\/stylingagenten.com\/da\/wp-json\/wp\/v2\/media\/111680"}],"wp:attachment":[{"href":"https:\/\/stylingagenten.com\/da\/wp-json\/wp\/v2\/media?parent=111688"}],"wp:term":[{"taxonomy":"product_brand","embeddable":true,"href":"https:\/\/stylingagenten.com\/da\/wp-json\/wp\/v2\/product_brand?post=111688"},{"taxonomy":"product_cat","embeddable":true,"href":"https:\/\/stylingagenten.com\/da\/wp-json\/wp\/v2\/product_cat?post=111688"},{"taxonomy":"product_tag","embeddable":true,"href":"https:\/\/stylingagenten.com\/da\/wp-json\/wp\/v2\/product_tag?post=111688"},{"taxonomy":"berocket_brand","embeddable":true,"href":"https:\/\/stylingagenten.com\/da\/wp-json\/wp\/v2\/berocket_brand?post=111688"}],"curies":[{"name":"wp","href":"https:\/\/api.w.org\/{rel}","templated":true}]}}