{"id":111684,"date":"2025-05-18T20:56:27","date_gmt":"2025-05-18T20:56:27","guid":{"rendered":"https:\/\/staging2.stylingagenten.com\/da\/produkt\/hugo-boss-boss-bottled-parfum-100ml\/"},"modified":"2026-04-12T09:58:39","modified_gmt":"2026-04-12T09:58:39","slug":"hugo-boss-boss-bottled-parfum-100ml","status":"publish","type":"product","link":"https:\/\/stylingagenten.com\/da\/produkt\/hugo-boss-boss-bottled-parfum-100ml\/","title":{"rendered":"Hugo Boss Boss Bottled Parfum 100ml"},"content":{"rendered":"<p>Hugo Boss Boss Bottled Parfum 100ml<br \/>At v\u00e6re din egen BOSS er at leve som en. At v\u00e6re en mand, der stoler p\u00e5 sine instinkter. Han venter ikke p\u00e5, at tingene sker \u2013 han f\u00e5r dem til at ske. Han tager kontrol over sit liv, fordi han ved, at handling er vejen frem. Den styrke og karisma, der kommer af at kende dig selv. Han er raffineret og hans varme er inspirerende. BOSS Bottled Parfum for Men afspejler hans st\u00e6rke attitude \u2013 en dyb duft, der lokker med smukke noter af tr\u00e6, rav, orris og figen.<br \/>&#8211;<br \/>BOSS Bottled Parfum for Men er skabt af parfum\u00f8rerne Annick M\u00e9nardo og Suzy Le Helley, og denne duft er den mest koncentrerede til dato i den ikoniske BOSS Bottled-duftserie. Denne tr\u00e6agtige eau de parfum \u00e5bner med friske noter af mandarin og noter af krydret r\u00f8gelse. Boss-parfumen afsl\u00f8rer en fascinerende dybde og kraft med hjertenoter af orris og figen, der afspejler mandens st\u00e6rke karisma. Duften er rundet af med noter af cedertr\u00e6 og vegetabilsk l\u00e6der, der giver duften varme, kraft og langvarig intensitet.<br \/>&#8211;<br \/>Den velkendte BOSS Bottled flaske er lakeret i mat sort og den sorte kork har en smuk b\u00f8rstet finish. Flasken og den matte sorte \u00e6ske er pr\u00e6get med guldbogstaver, der afspejler denne dristige herreduft.<br \/>&#8211;<br \/>Duftnoter:<br \/>Topnoter: Mandarin, Frankincense<br \/>Hjertenoter: Orris, Fig.<br \/>Base Noter: Cedertr\u00e6, Vegetabilsk Cedertr\u00e6<\/p>\n","protected":false},"excerpt":{"rendered":"<p>Hugo Boss Boss Bottled Parfum 100mlAt v\u00e6re din egen BOSS er at leve som en. At v\u00e6re en mand, der stoler p\u00e5 sine instinkter. Han venter ikke p\u00e5, at tingene sker \u2013 han f\u00e5r dem til at ske. Han tager kontrol over sit liv, fordi han ved, at handling er vejen frem. Den styrke og [&hellip;]<\/p>\n","protected":false},"featured_media":111675,"comment_status":"open","ping_status":"closed","template":"","meta":{"_trash_the_other_posts":false},"product_brand":[],"product_cat":[708,735,1000,535],"product_tag":[2974],"berocket_brand":[1339],"class_list":{"0":"post-111684","1":"product","2":"type-product","3":"status-publish","4":"has-post-thumbnail","6":"product_cat-eau-de-parfum-gentr","7":"product_cat-kampagne","8":"product_cat-kampagnetilbud-til-ham","9":"product_cat-parfumeherren","10":"product_tag-hugo-boss-boss-bottled-parfum","11":"pa_brand-hugo-boss","12":"pa_variant-100ml","13":"berocket_brand-hugo-boss","15":"first","16":"instock","17":"sale","18":"taxable","19":"shipping-taxable","20":"purchasable","21":"product-type-simple"},"_links":{"self":[{"href":"https:\/\/stylingagenten.com\/da\/wp-json\/wp\/v2\/product\/111684","targetHints":{"allow":["GET"]}}],"collection":[{"href":"https:\/\/stylingagenten.com\/da\/wp-json\/wp\/v2\/product"}],"about":[{"href":"https:\/\/stylingagenten.com\/da\/wp-json\/wp\/v2\/types\/product"}],"replies":[{"embeddable":true,"href":"https:\/\/stylingagenten.com\/da\/wp-json\/wp\/v2\/comments?post=111684"}],"version-history":[{"count":0,"href":"https:\/\/stylingagenten.com\/da\/wp-json\/wp\/v2\/product\/111684\/revisions"}],"wp:featuredmedia":[{"embeddable":true,"href":"https:\/\/stylingagenten.com\/da\/wp-json\/wp\/v2\/media\/111675"}],"wp:attachment":[{"href":"https:\/\/stylingagenten.com\/da\/wp-json\/wp\/v2\/media?parent=111684"}],"wp:term":[{"taxonomy":"product_brand","embeddable":true,"href":"https:\/\/stylingagenten.com\/da\/wp-json\/wp\/v2\/product_brand?post=111684"},{"taxonomy":"product_cat","embeddable":true,"href":"https:\/\/stylingagenten.com\/da\/wp-json\/wp\/v2\/product_cat?post=111684"},{"taxonomy":"product_tag","embeddable":true,"href":"https:\/\/stylingagenten.com\/da\/wp-json\/wp\/v2\/product_tag?post=111684"},{"taxonomy":"berocket_brand","embeddable":true,"href":"https:\/\/stylingagenten.com\/da\/wp-json\/wp\/v2\/berocket_brand?post=111684"}],"curies":[{"name":"wp","href":"https:\/\/api.w.org\/{rel}","templated":true}]}}