{"id":111671,"date":"2025-05-18T20:56:26","date_gmt":"2025-05-18T20:56:26","guid":{"rendered":"https:\/\/staging2.stylingagenten.com\/da\/produkt\/versace-dylan-blue-edt-50ml\/"},"modified":"2026-03-28T16:18:30","modified_gmt":"2026-03-28T16:18:30","slug":"versace-dylan-blue-edt-50ml","status":"publish","type":"product","link":"https:\/\/stylingagenten.com\/da\/produkt\/versace-dylan-blue-edt-50ml\/","title":{"rendered":"Versace Dylan Blue Edt 50ml"},"content":{"rendered":"<p>Versace Dylan Blue er en ny innovativ duft til manden, der \u00f8nsker en unik parfume, der har det hele.<\/p>\n<p><strong>Duftnoter:<\/strong> bergamot, grapefrugt, figenblade, marine noter, violblade, sort peber, papyrustr\u00e6, ambroxan, patchouli, moskus, tonkab\u00f8nner, safran &amp; amp; r\u00f8gelse.<\/p>\n","protected":false},"excerpt":{"rendered":"<p>Versace Dylan Blue er en ny innovativ duft til manden, der \u00f8nsker en unik parfume, der har det hele. Duftnoter: bergamot, grapefrugt, figenblade, marine noter, violblade, sort peber, papyrustr\u00e6, ambroxan, patchouli, moskus, tonkab\u00f8nner, safran &amp; amp; r\u00f8gelse.<\/p>\n","protected":false},"featured_media":111670,"comment_status":"open","ping_status":"closed","template":"","meta":{"_trash_the_other_posts":false},"product_brand":[],"product_cat":[709,735,1000],"product_tag":[4044],"berocket_brand":[1083],"class_list":{"0":"post-111671","1":"product","2":"type-product","3":"status-publish","4":"has-post-thumbnail","6":"product_cat-eau-de-toilette-mr","7":"product_cat-kampagne","8":"product_cat-kampagnetilbud-til-ham","9":"product_tag-versace-dylan-blue-edt","10":"pa_brand-versace","11":"pa_variant-50ml","12":"berocket_brand-versace","14":"first","15":"instock","16":"sale","17":"taxable","18":"shipping-taxable","19":"purchasable","20":"product-type-simple"},"_links":{"self":[{"href":"https:\/\/stylingagenten.com\/da\/wp-json\/wp\/v2\/product\/111671","targetHints":{"allow":["GET"]}}],"collection":[{"href":"https:\/\/stylingagenten.com\/da\/wp-json\/wp\/v2\/product"}],"about":[{"href":"https:\/\/stylingagenten.com\/da\/wp-json\/wp\/v2\/types\/product"}],"replies":[{"embeddable":true,"href":"https:\/\/stylingagenten.com\/da\/wp-json\/wp\/v2\/comments?post=111671"}],"version-history":[{"count":0,"href":"https:\/\/stylingagenten.com\/da\/wp-json\/wp\/v2\/product\/111671\/revisions"}],"wp:featuredmedia":[{"embeddable":true,"href":"https:\/\/stylingagenten.com\/da\/wp-json\/wp\/v2\/media\/111670"}],"wp:attachment":[{"href":"https:\/\/stylingagenten.com\/da\/wp-json\/wp\/v2\/media?parent=111671"}],"wp:term":[{"taxonomy":"product_brand","embeddable":true,"href":"https:\/\/stylingagenten.com\/da\/wp-json\/wp\/v2\/product_brand?post=111671"},{"taxonomy":"product_cat","embeddable":true,"href":"https:\/\/stylingagenten.com\/da\/wp-json\/wp\/v2\/product_cat?post=111671"},{"taxonomy":"product_tag","embeddable":true,"href":"https:\/\/stylingagenten.com\/da\/wp-json\/wp\/v2\/product_tag?post=111671"},{"taxonomy":"berocket_brand","embeddable":true,"href":"https:\/\/stylingagenten.com\/da\/wp-json\/wp\/v2\/berocket_brand?post=111671"}],"curies":[{"name":"wp","href":"https:\/\/api.w.org\/{rel}","templated":true}]}}