{"id":111669,"date":"2025-05-18T20:56:25","date_gmt":"2025-05-18T20:56:25","guid":{"rendered":"https:\/\/staging2.stylingagenten.com\/da\/produkt\/sergio-tacchini-classic-edt-50ml\/"},"modified":"2026-04-15T04:59:30","modified_gmt":"2026-04-15T04:59:30","slug":"sergio-tacchini-classic-edt-50ml","status":"publish","type":"product","link":"https:\/\/stylingagenten.com\/da\/produkt\/sergio-tacchini-classic-edt-50ml\/","title":{"rendered":"Sergio Tacchini Classic Edt 50ml"},"content":{"rendered":"<p>Sergio Tacchini Classic Edt er en harmonisk duft, der er b\u00e5de frisk og opkvikkende. En ungdommelig, frisk duft med topnoter af bergamot, rosmarin, caribisk lime og nellike. Classic er en blomstrende foug\u00e8re-duft, hvis karakter skabes af lavendel og citronblade kombineret med orientalske tr\u00e6sorter som patchouli, vetiver og sandeltr\u00e6.<\/p>\n<p>Topnote: Bergamot, rosmarin, caribisk lime, nellike<br \/>\n<br \/>Hjertenote: Lavendel, citronblade, liljekonval<br \/>\n<br \/>Basnote: Patchouli, vetiver, sandeltr\u00e6<\/p>\n<p>50ML<\/p>\n","protected":false},"excerpt":{"rendered":"<p>Sergio Tacchini Classic Edt er en harmonisk duft, der er b\u00e5de frisk og opkvikkende. En ungdommelig, frisk duft med topnoter af bergamot, rosmarin, caribisk lime og nellike. Classic er en blomstrende foug\u00e8re-duft, hvis karakter skabes af lavendel og citronblade kombineret med orientalske tr\u00e6sorter som patchouli, vetiver og sandeltr\u00e6. Topnote: Bergamot, rosmarin, caribisk lime, nellike Hjertenote: [&hellip;]<\/p>\n","protected":false},"featured_media":111666,"comment_status":"open","ping_status":"closed","template":"","meta":{"_trash_the_other_posts":false},"product_brand":[],"product_cat":[709,735,1000],"product_tag":[3989],"berocket_brand":[1130],"class_list":{"0":"post-111669","1":"product","2":"type-product","3":"status-publish","4":"has-post-thumbnail","6":"product_cat-eau-de-toilette-mr","7":"product_cat-kampagne","8":"product_cat-kampagnetilbud-til-ham","9":"product_tag-sergio-tacchini-classic-edt","10":"pa_brand-sergio-tacchini","11":"pa_variant-50ml","12":"berocket_brand-sergio-tacchini","14":"first","15":"instock","16":"sale","17":"taxable","18":"shipping-taxable","19":"purchasable","20":"product-type-simple"},"_links":{"self":[{"href":"https:\/\/stylingagenten.com\/da\/wp-json\/wp\/v2\/product\/111669","targetHints":{"allow":["GET"]}}],"collection":[{"href":"https:\/\/stylingagenten.com\/da\/wp-json\/wp\/v2\/product"}],"about":[{"href":"https:\/\/stylingagenten.com\/da\/wp-json\/wp\/v2\/types\/product"}],"replies":[{"embeddable":true,"href":"https:\/\/stylingagenten.com\/da\/wp-json\/wp\/v2\/comments?post=111669"}],"version-history":[{"count":0,"href":"https:\/\/stylingagenten.com\/da\/wp-json\/wp\/v2\/product\/111669\/revisions"}],"wp:featuredmedia":[{"embeddable":true,"href":"https:\/\/stylingagenten.com\/da\/wp-json\/wp\/v2\/media\/111666"}],"wp:attachment":[{"href":"https:\/\/stylingagenten.com\/da\/wp-json\/wp\/v2\/media?parent=111669"}],"wp:term":[{"taxonomy":"product_brand","embeddable":true,"href":"https:\/\/stylingagenten.com\/da\/wp-json\/wp\/v2\/product_brand?post=111669"},{"taxonomy":"product_cat","embeddable":true,"href":"https:\/\/stylingagenten.com\/da\/wp-json\/wp\/v2\/product_cat?post=111669"},{"taxonomy":"product_tag","embeddable":true,"href":"https:\/\/stylingagenten.com\/da\/wp-json\/wp\/v2\/product_tag?post=111669"},{"taxonomy":"berocket_brand","embeddable":true,"href":"https:\/\/stylingagenten.com\/da\/wp-json\/wp\/v2\/berocket_brand?post=111669"}],"curies":[{"name":"wp","href":"https:\/\/api.w.org\/{rel}","templated":true}]}}