{"id":111661,"date":"2025-05-18T20:56:24","date_gmt":"2025-05-18T20:56:24","guid":{"rendered":"https:\/\/staging2.stylingagenten.com\/da\/produkt\/paco-rabanne-1-million-edt-15ml\/"},"modified":"2026-04-12T08:38:50","modified_gmt":"2026-04-12T08:38:50","slug":"paco-rabanne-1-million-edt-15ml","status":"publish","type":"product","link":"https:\/\/stylingagenten.com\/da\/produkt\/paco-rabanne-1-million-edt-15ml\/","title":{"rendered":"Paco Rabanne 1 Million Edt 15ml"},"content":{"rendered":"<p>1 Million fra Paco Rabanne er en sensuel og maskulin duft med et cool design. Duften \u00e5bner med friske noter af blodappelsin og mynte. Basen er sammensat af rav og l\u00e6der. En eksplosiv og frisk duft, der udstr\u00e5ler magt og luksus.<\/p>\n<p>Topnoter \u2013 Blodappelsin, grapefrugt og mynte<br \/>\n<br \/>Mellemnoter \u2013 Rose, kanel og krydrede noter<br \/>\n<br \/>Basenoter \u2013 Let l\u00e6der, patchouli, rav og tr\u00e6agtige noter<\/p>\n<p>15ml<\/p>\n","protected":false},"excerpt":{"rendered":"<p>1 Million fra Paco Rabanne er en sensuel og maskulin duft med et cool design. Duften \u00e5bner med friske noter af blodappelsin og mynte. Basen er sammensat af rav og l\u00e6der. En eksplosiv og frisk duft, der udstr\u00e5ler magt og luksus. Topnoter \u2013 Blodappelsin, grapefrugt og mynte Mellemnoter \u2013 Rose, kanel og krydrede noter Basenoter [&hellip;]<\/p>\n","protected":false},"featured_media":111658,"comment_status":"open","ping_status":"closed","template":"","meta":{"_trash_the_other_posts":false},"product_brand":[],"product_cat":[708,735,1000],"product_tag":[3736],"berocket_brand":[1048],"class_list":{"0":"post-111661","1":"product","2":"type-product","3":"status-publish","4":"has-post-thumbnail","6":"product_cat-eau-de-parfum-gentr","7":"product_cat-kampagne","8":"product_cat-kampagnetilbud-til-ham","9":"product_tag-paco-rabanne-1-million-edt","10":"pa_brand-paco-rabanne","11":"pa_variant-15ml","12":"berocket_brand-paco-rabanne","14":"first","15":"instock","16":"sale","17":"taxable","18":"shipping-taxable","19":"purchasable","20":"product-type-simple"},"_links":{"self":[{"href":"https:\/\/stylingagenten.com\/da\/wp-json\/wp\/v2\/product\/111661","targetHints":{"allow":["GET"]}}],"collection":[{"href":"https:\/\/stylingagenten.com\/da\/wp-json\/wp\/v2\/product"}],"about":[{"href":"https:\/\/stylingagenten.com\/da\/wp-json\/wp\/v2\/types\/product"}],"replies":[{"embeddable":true,"href":"https:\/\/stylingagenten.com\/da\/wp-json\/wp\/v2\/comments?post=111661"}],"version-history":[{"count":0,"href":"https:\/\/stylingagenten.com\/da\/wp-json\/wp\/v2\/product\/111661\/revisions"}],"wp:featuredmedia":[{"embeddable":true,"href":"https:\/\/stylingagenten.com\/da\/wp-json\/wp\/v2\/media\/111658"}],"wp:attachment":[{"href":"https:\/\/stylingagenten.com\/da\/wp-json\/wp\/v2\/media?parent=111661"}],"wp:term":[{"taxonomy":"product_brand","embeddable":true,"href":"https:\/\/stylingagenten.com\/da\/wp-json\/wp\/v2\/product_brand?post=111661"},{"taxonomy":"product_cat","embeddable":true,"href":"https:\/\/stylingagenten.com\/da\/wp-json\/wp\/v2\/product_cat?post=111661"},{"taxonomy":"product_tag","embeddable":true,"href":"https:\/\/stylingagenten.com\/da\/wp-json\/wp\/v2\/product_tag?post=111661"},{"taxonomy":"berocket_brand","embeddable":true,"href":"https:\/\/stylingagenten.com\/da\/wp-json\/wp\/v2\/berocket_brand?post=111661"}],"curies":[{"name":"wp","href":"https:\/\/api.w.org\/{rel}","templated":true}]}}