{"id":111646,"date":"2025-05-18T20:56:21","date_gmt":"2025-05-18T20:56:21","guid":{"rendered":"https:\/\/staging2.stylingagenten.com\/da\/produkt\/lattafa-lail-maleki-edp-100ml\/"},"modified":"2026-03-12T21:57:32","modified_gmt":"2026-03-12T21:57:32","slug":"lattafa-lail-maleki-edp-100ml","status":"publish","type":"product","link":"https:\/\/stylingagenten.com\/da\/produkt\/lattafa-lail-maleki-edp-100ml\/","title":{"rendered":"Lattafa Lail Maleki Edp 100ml"},"content":{"rendered":"<p>Glem regler, gr\u00e6nser og begr\u00e6nsninger. Eau de Parfum Lattafa Lail Maleki er perfekt for alle, der ikke er bange for at skille sig ud fra m\u00e6ngden.<\/p>\n<p>Topnoter: Frugt, Citrus, Krydrede noter<br \/>\n<br \/>Hjertenoter: Jasmin, Gardenia, Honning, Orkid\u00e9<br \/>\n<br \/>Basenoter: Sandeltr\u00e6, Musk, Amber<\/p>\n<p>100ml<\/p>\n","protected":false},"excerpt":{"rendered":"<p>Glem regler, gr\u00e6nser og begr\u00e6nsninger. Eau de Parfum Lattafa Lail Maleki er perfekt for alle, der ikke er bange for at skille sig ud fra m\u00e6ngden. Topnoter: Frugt, Citrus, Krydrede noter Hjertenoter: Jasmin, Gardenia, Honning, Orkid\u00e9 Basenoter: Sandeltr\u00e6, Musk, Amber 100ml<\/p>\n","protected":false},"featured_media":111638,"comment_status":"open","ping_status":"closed","template":"","meta":{"_trash_the_other_posts":false},"product_brand":[],"product_cat":[729,735,1000],"product_tag":[],"berocket_brand":[1414],"class_list":{"0":"post-111646","1":"product","2":"type-product","3":"status-publish","4":"has-post-thumbnail","6":"product_cat-eau-de-parfum-unisex","7":"product_cat-kampagne","8":"product_cat-kampagnetilbud-til-ham","9":"pa_brand-lattafa","10":"berocket_brand-lattafa","12":"first","13":"instock","14":"sale","15":"taxable","16":"shipping-taxable","17":"purchasable","18":"product-type-simple"},"_links":{"self":[{"href":"https:\/\/stylingagenten.com\/da\/wp-json\/wp\/v2\/product\/111646","targetHints":{"allow":["GET"]}}],"collection":[{"href":"https:\/\/stylingagenten.com\/da\/wp-json\/wp\/v2\/product"}],"about":[{"href":"https:\/\/stylingagenten.com\/da\/wp-json\/wp\/v2\/types\/product"}],"replies":[{"embeddable":true,"href":"https:\/\/stylingagenten.com\/da\/wp-json\/wp\/v2\/comments?post=111646"}],"version-history":[{"count":0,"href":"https:\/\/stylingagenten.com\/da\/wp-json\/wp\/v2\/product\/111646\/revisions"}],"wp:featuredmedia":[{"embeddable":true,"href":"https:\/\/stylingagenten.com\/da\/wp-json\/wp\/v2\/media\/111638"}],"wp:attachment":[{"href":"https:\/\/stylingagenten.com\/da\/wp-json\/wp\/v2\/media?parent=111646"}],"wp:term":[{"taxonomy":"product_brand","embeddable":true,"href":"https:\/\/stylingagenten.com\/da\/wp-json\/wp\/v2\/product_brand?post=111646"},{"taxonomy":"product_cat","embeddable":true,"href":"https:\/\/stylingagenten.com\/da\/wp-json\/wp\/v2\/product_cat?post=111646"},{"taxonomy":"product_tag","embeddable":true,"href":"https:\/\/stylingagenten.com\/da\/wp-json\/wp\/v2\/product_tag?post=111646"},{"taxonomy":"berocket_brand","embeddable":true,"href":"https:\/\/stylingagenten.com\/da\/wp-json\/wp\/v2\/berocket_brand?post=111646"}],"curies":[{"name":"wp","href":"https:\/\/api.w.org\/{rel}","templated":true}]}}