{"id":111631,"date":"2025-05-18T20:56:19","date_gmt":"2025-05-18T20:56:19","guid":{"rendered":"https:\/\/staging2.stylingagenten.com\/da\/produkt\/acqua-di-parma-blu-mediterraneo-bergamotto-di-calabria-edt-100ml\/"},"modified":"2026-04-13T07:08:46","modified_gmt":"2026-04-13T07:08:46","slug":"acqua-di-parma-blu-mediterraneo-bergamotto-di-calabria-edt-100ml","status":"publish","type":"product","link":"https:\/\/stylingagenten.com\/da\/produkt\/acqua-di-parma-blu-mediterraneo-bergamotto-di-calabria-edt-100ml\/","title":{"rendered":"Acqua di Parma Blu Mediterraneo Bergamotto di Calabria Edt 100ml"},"content":{"rendered":"<p>Acqua di Parma Blu Mediterraneo Bergamotto di Calabria Edt \u00e5bner med beroligende noter af autentisk calabrisk bergamot, forst\u00e6rket af den friske duft af citron. Frugtige og blomstrede accenter g\u00f8r sig g\u00e6ldende i hjertet, ledsaget af galangal og cedertr\u00e6, og afsluttes med en innovativ base af vetiver, benzoin og musk.<\/p>\n<p>100ml<\/p>\n","protected":false},"excerpt":{"rendered":"<p>Acqua di Parma Blu Mediterraneo Bergamotto di Calabria Edt \u00e5bner med beroligende noter af autentisk calabrisk bergamot, forst\u00e6rket af den friske duft af citron. Frugtige og blomstrede accenter g\u00f8r sig g\u00e6ldende i hjertet, ledsaget af galangal og cedertr\u00e6, og afsluttes med en innovativ base af vetiver, benzoin og musk. 100ml<\/p>\n","protected":false},"featured_media":111617,"comment_status":"open","ping_status":"closed","template":"","meta":{"_trash_the_other_posts":false},"product_brand":[],"product_cat":[709],"product_tag":[2328],"berocket_brand":[1161],"class_list":{"0":"post-111631","1":"product","2":"type-product","3":"status-publish","4":"has-post-thumbnail","6":"product_cat-eau-de-toilette-mr","7":"product_tag-acqua-di-parma-blu-mediterraneo-bergamotto-di-calabria-edt","8":"pa_brand-acqua-di-parma","9":"pa_variant-100ml","10":"berocket_brand-acqua-di-parma","12":"first","13":"instock","14":"sale","15":"taxable","16":"shipping-taxable","17":"purchasable","18":"product-type-simple"},"_links":{"self":[{"href":"https:\/\/stylingagenten.com\/da\/wp-json\/wp\/v2\/product\/111631","targetHints":{"allow":["GET"]}}],"collection":[{"href":"https:\/\/stylingagenten.com\/da\/wp-json\/wp\/v2\/product"}],"about":[{"href":"https:\/\/stylingagenten.com\/da\/wp-json\/wp\/v2\/types\/product"}],"replies":[{"embeddable":true,"href":"https:\/\/stylingagenten.com\/da\/wp-json\/wp\/v2\/comments?post=111631"}],"version-history":[{"count":0,"href":"https:\/\/stylingagenten.com\/da\/wp-json\/wp\/v2\/product\/111631\/revisions"}],"wp:featuredmedia":[{"embeddable":true,"href":"https:\/\/stylingagenten.com\/da\/wp-json\/wp\/v2\/media\/111617"}],"wp:attachment":[{"href":"https:\/\/stylingagenten.com\/da\/wp-json\/wp\/v2\/media?parent=111631"}],"wp:term":[{"taxonomy":"product_brand","embeddable":true,"href":"https:\/\/stylingagenten.com\/da\/wp-json\/wp\/v2\/product_brand?post=111631"},{"taxonomy":"product_cat","embeddable":true,"href":"https:\/\/stylingagenten.com\/da\/wp-json\/wp\/v2\/product_cat?post=111631"},{"taxonomy":"product_tag","embeddable":true,"href":"https:\/\/stylingagenten.com\/da\/wp-json\/wp\/v2\/product_tag?post=111631"},{"taxonomy":"berocket_brand","embeddable":true,"href":"https:\/\/stylingagenten.com\/da\/wp-json\/wp\/v2\/berocket_brand?post=111631"}],"curies":[{"name":"wp","href":"https:\/\/api.w.org\/{rel}","templated":true}]}}