{"id":111627,"date":"2025-05-18T20:56:19","date_gmt":"2025-05-18T20:56:19","guid":{"rendered":"https:\/\/staging2.stylingagenten.com\/da\/produkt\/lattafa-hayaati-al-maleky-edp-100ml\/"},"modified":"2026-03-23T14:47:30","modified_gmt":"2026-03-23T14:47:30","slug":"lattafa-hayaati-al-maleky-edp-100ml","status":"publish","type":"product","link":"https:\/\/stylingagenten.com\/da\/produkt\/lattafa-hayaati-al-maleky-edp-100ml\/","title":{"rendered":"Lattafa Hayaati Al Maleky Edp 100ml"},"content":{"rendered":"<p>Oplev en fortryllende duft med Lattafa Perfumes Hayaati Al Maleky Eau de Parfum! Denne luksuri\u00f8se parfume omfavner dine sanser med en harmonisk blanding af blomster- og tr\u00e6noter, perfekt til den moderne eventyrer. Lad din personlighed skinne og skab uforglemmelige minder.<\/p>\n<p>Med de livlige topnoter af muskatn\u00f8d, rosapeber, bergamot og ingef\u00e6r starter eventyret allerede ved f\u00f8rste spr\u00f8jt. F\u00f8l energien komme til live, mens du bev\u00e6ger dig gennem dagen. Dyk derefter ned i duftens hjerte med en gylden blanding af cedertr\u00e6, tr\u00e6noter, labdanum og r\u00f8gelse, hvilket giver en varm og indbydende f\u00f8lelse.<\/p>\n<p>100ml<\/p>\n","protected":false},"excerpt":{"rendered":"<p>Oplev en fortryllende duft med Lattafa Perfumes Hayaati Al Maleky Eau de Parfum! Denne luksuri\u00f8se parfume omfavner dine sanser med en harmonisk blanding af blomster- og tr\u00e6noter, perfekt til den moderne eventyrer. Lad din personlighed skinne og skab uforglemmelige minder. Med de livlige topnoter af muskatn\u00f8d, rosapeber, bergamot og ingef\u00e6r starter eventyret allerede ved f\u00f8rste [&hellip;]<\/p>\n","protected":false},"featured_media":111620,"comment_status":"open","ping_status":"closed","template":"","meta":{"_trash_the_other_posts":false},"product_brand":[],"product_cat":[708,729,735,1000],"product_tag":[],"berocket_brand":[1414],"class_list":{"0":"post-111627","1":"product","2":"type-product","3":"status-publish","4":"has-post-thumbnail","6":"product_cat-eau-de-parfum-gentr","7":"product_cat-eau-de-parfum-unisex","8":"product_cat-kampagne","9":"product_cat-kampagnetilbud-til-ham","10":"pa_brand-lattafa","11":"berocket_brand-lattafa","13":"first","14":"instock","15":"sale","16":"taxable","17":"shipping-taxable","18":"purchasable","19":"product-type-simple"},"_links":{"self":[{"href":"https:\/\/stylingagenten.com\/da\/wp-json\/wp\/v2\/product\/111627","targetHints":{"allow":["GET"]}}],"collection":[{"href":"https:\/\/stylingagenten.com\/da\/wp-json\/wp\/v2\/product"}],"about":[{"href":"https:\/\/stylingagenten.com\/da\/wp-json\/wp\/v2\/types\/product"}],"replies":[{"embeddable":true,"href":"https:\/\/stylingagenten.com\/da\/wp-json\/wp\/v2\/comments?post=111627"}],"version-history":[{"count":0,"href":"https:\/\/stylingagenten.com\/da\/wp-json\/wp\/v2\/product\/111627\/revisions"}],"wp:featuredmedia":[{"embeddable":true,"href":"https:\/\/stylingagenten.com\/da\/wp-json\/wp\/v2\/media\/111620"}],"wp:attachment":[{"href":"https:\/\/stylingagenten.com\/da\/wp-json\/wp\/v2\/media?parent=111627"}],"wp:term":[{"taxonomy":"product_brand","embeddable":true,"href":"https:\/\/stylingagenten.com\/da\/wp-json\/wp\/v2\/product_brand?post=111627"},{"taxonomy":"product_cat","embeddable":true,"href":"https:\/\/stylingagenten.com\/da\/wp-json\/wp\/v2\/product_cat?post=111627"},{"taxonomy":"product_tag","embeddable":true,"href":"https:\/\/stylingagenten.com\/da\/wp-json\/wp\/v2\/product_tag?post=111627"},{"taxonomy":"berocket_brand","embeddable":true,"href":"https:\/\/stylingagenten.com\/da\/wp-json\/wp\/v2\/berocket_brand?post=111627"}],"curies":[{"name":"wp","href":"https:\/\/api.w.org\/{rel}","templated":true}]}}