{"id":111623,"date":"2025-05-18T20:56:18","date_gmt":"2025-05-18T20:56:18","guid":{"rendered":"https:\/\/staging2.stylingagenten.com\/da\/produkt\/lattafa-ekhtiari-edp-100ml\/"},"modified":"2026-03-24T23:27:33","modified_gmt":"2026-03-24T23:27:33","slug":"lattafa-ekhtiari-edp-100ml","status":"publish","type":"product","link":"https:\/\/stylingagenten.com\/da\/produkt\/lattafa-ekhtiari-edp-100ml\/","title":{"rendered":"Lattafa Ekhtiari Edp 100ml"},"content":{"rendered":"<p>Oplev en verden af fortryllende dufte med Lattafa Perfumes Ekhtiari Eau de Parfum! Denne duft er en fest for sanserne, med friske blomster- og tr\u00e6noter, der danser p\u00e5 huden. Perfekt til den selvsikre og stilfulde, som \u00f8nsker at efterlade et varigt indtryk!<\/p>\n<p>Topnoter: Mandarin, Frugt<br \/>\n<br \/>Hjertenoter: Jasmin, Gardenia<br \/>\n<br \/>Basenoter: Musk, Vanilje, Tonkab\u00f8nne<\/p>\n<p>100ml<\/p>\n","protected":false},"excerpt":{"rendered":"<p>Oplev en verden af fortryllende dufte med Lattafa Perfumes Ekhtiari Eau de Parfum! Denne duft er en fest for sanserne, med friske blomster- og tr\u00e6noter, der danser p\u00e5 huden. Perfekt til den selvsikre og stilfulde, som \u00f8nsker at efterlade et varigt indtryk! Topnoter: Mandarin, Frugt Hjertenoter: Jasmin, Gardenia Basenoter: Musk, Vanilje, Tonkab\u00f8nne 100ml<\/p>\n","protected":false},"featured_media":111618,"comment_status":"open","ping_status":"closed","template":"","meta":{"_trash_the_other_posts":false},"product_brand":[],"product_cat":[729,735,1000],"product_tag":[],"berocket_brand":[1414],"class_list":{"0":"post-111623","1":"product","2":"type-product","3":"status-publish","4":"has-post-thumbnail","6":"product_cat-eau-de-parfum-unisex","7":"product_cat-kampagne","8":"product_cat-kampagnetilbud-til-ham","9":"pa_brand-lattafa","10":"berocket_brand-lattafa","12":"first","13":"instock","14":"sale","15":"taxable","16":"shipping-taxable","17":"purchasable","18":"product-type-simple"},"_links":{"self":[{"href":"https:\/\/stylingagenten.com\/da\/wp-json\/wp\/v2\/product\/111623","targetHints":{"allow":["GET"]}}],"collection":[{"href":"https:\/\/stylingagenten.com\/da\/wp-json\/wp\/v2\/product"}],"about":[{"href":"https:\/\/stylingagenten.com\/da\/wp-json\/wp\/v2\/types\/product"}],"replies":[{"embeddable":true,"href":"https:\/\/stylingagenten.com\/da\/wp-json\/wp\/v2\/comments?post=111623"}],"version-history":[{"count":0,"href":"https:\/\/stylingagenten.com\/da\/wp-json\/wp\/v2\/product\/111623\/revisions"}],"wp:featuredmedia":[{"embeddable":true,"href":"https:\/\/stylingagenten.com\/da\/wp-json\/wp\/v2\/media\/111618"}],"wp:attachment":[{"href":"https:\/\/stylingagenten.com\/da\/wp-json\/wp\/v2\/media?parent=111623"}],"wp:term":[{"taxonomy":"product_brand","embeddable":true,"href":"https:\/\/stylingagenten.com\/da\/wp-json\/wp\/v2\/product_brand?post=111623"},{"taxonomy":"product_cat","embeddable":true,"href":"https:\/\/stylingagenten.com\/da\/wp-json\/wp\/v2\/product_cat?post=111623"},{"taxonomy":"product_tag","embeddable":true,"href":"https:\/\/stylingagenten.com\/da\/wp-json\/wp\/v2\/product_tag?post=111623"},{"taxonomy":"berocket_brand","embeddable":true,"href":"https:\/\/stylingagenten.com\/da\/wp-json\/wp\/v2\/berocket_brand?post=111623"}],"curies":[{"name":"wp","href":"https:\/\/api.w.org\/{rel}","templated":true}]}}