{"id":111569,"date":"2025-05-18T20:56:10","date_gmt":"2025-05-18T20:56:10","guid":{"rendered":"https:\/\/staging2.stylingagenten.com\/da\/produkt\/montblanc-explorer-platinum-edp-60ml\/"},"modified":"2026-03-11T22:01:06","modified_gmt":"2026-03-11T22:01:06","slug":"montblanc-explorer-platinum-edp-60ml","status":"publish","type":"product","link":"https:\/\/stylingagenten.com\/da\/produkt\/montblanc-explorer-platinum-edp-60ml\/","title":{"rendered":"Montblanc Explorer Platinum Edp 60ml"},"content":{"rendered":"<p>Montblanc Explorer Platinum EdP er en herreparfume med funklende og skarpe gr\u00f8nne noter, herunder cypres. Den indeholder ogs\u00e5 sensuel salvie. Det samlede indtryk er luftigt og k\u00f8ligt, og minder om sne og is. Kraftige noter af cedertr\u00e6 tilf\u00f8jer en tr\u00e6agtig karakter med strejf af rav.<\/p>\n<p>60ml<\/p>\n","protected":false},"excerpt":{"rendered":"<p>Montblanc Explorer Platinum EdP er en herreparfume med funklende og skarpe gr\u00f8nne noter, herunder cypres. Den indeholder ogs\u00e5 sensuel salvie. Det samlede indtryk er luftigt og k\u00f8ligt, og minder om sne og is. Kraftige noter af cedertr\u00e6 tilf\u00f8jer en tr\u00e6agtig karakter med strejf af rav. 60ml<\/p>\n","protected":false},"featured_media":111558,"comment_status":"open","ping_status":"closed","template":"","meta":{"_trash_the_other_posts":false},"product_brand":[],"product_cat":[708,735,1000],"product_tag":[3583],"berocket_brand":[1079],"class_list":{"0":"post-111569","1":"product","2":"type-product","3":"status-publish","4":"has-post-thumbnail","6":"product_cat-eau-de-parfum-gentr","7":"product_cat-kampagne","8":"product_cat-kampagnetilbud-til-ham","9":"product_tag-montblanc-explorer-platinum-edp","10":"pa_brand-mont-blanc","11":"pa_variant-60ml","12":"berocket_brand-mont-blanc","14":"first","15":"instock","16":"sale","17":"taxable","18":"shipping-taxable","19":"purchasable","20":"product-type-simple"},"_links":{"self":[{"href":"https:\/\/stylingagenten.com\/da\/wp-json\/wp\/v2\/product\/111569","targetHints":{"allow":["GET"]}}],"collection":[{"href":"https:\/\/stylingagenten.com\/da\/wp-json\/wp\/v2\/product"}],"about":[{"href":"https:\/\/stylingagenten.com\/da\/wp-json\/wp\/v2\/types\/product"}],"replies":[{"embeddable":true,"href":"https:\/\/stylingagenten.com\/da\/wp-json\/wp\/v2\/comments?post=111569"}],"version-history":[{"count":0,"href":"https:\/\/stylingagenten.com\/da\/wp-json\/wp\/v2\/product\/111569\/revisions"}],"wp:featuredmedia":[{"embeddable":true,"href":"https:\/\/stylingagenten.com\/da\/wp-json\/wp\/v2\/media\/111558"}],"wp:attachment":[{"href":"https:\/\/stylingagenten.com\/da\/wp-json\/wp\/v2\/media?parent=111569"}],"wp:term":[{"taxonomy":"product_brand","embeddable":true,"href":"https:\/\/stylingagenten.com\/da\/wp-json\/wp\/v2\/product_brand?post=111569"},{"taxonomy":"product_cat","embeddable":true,"href":"https:\/\/stylingagenten.com\/da\/wp-json\/wp\/v2\/product_cat?post=111569"},{"taxonomy":"product_tag","embeddable":true,"href":"https:\/\/stylingagenten.com\/da\/wp-json\/wp\/v2\/product_tag?post=111569"},{"taxonomy":"berocket_brand","embeddable":true,"href":"https:\/\/stylingagenten.com\/da\/wp-json\/wp\/v2\/berocket_brand?post=111569"}],"curies":[{"name":"wp","href":"https:\/\/api.w.org\/{rel}","templated":true}]}}